{"id":211022,"date":"2017-11-01T15:39:17","date_gmt":"2017-11-01T15:39:17","guid":{"rendered":"https:\/\/www.delicias-uk.com\/product\/acucar-uniao-naturale-demerara-1kg\/"},"modified":"2026-02-24T11:52:29","modified_gmt":"2026-02-24T11:52:29","slug":"acucar-uniao-naturale-demerara-1kg","status":"publish","type":"product","link":"https:\/\/www.delicias-uk.com\/pt-pt\/produto\/acucar-uniao-naturale-demerara-1kg\/","title":{"rendered":"A\u00e7\u00facar Demerara Uni\u00e3o 1kg"},"content":{"rendered":"<p>Com gr\u00e3os mais escuros e sabor acentuado de cana-de-a\u00e7\u00facar, este a\u00e7\u00facar \u00e9 levemente mais h\u00famido, devido ao elevado teor de mela\u00e7o de cana que envolve os cristais. Esse mela\u00e7o proporciona um sabor mais acentuado para ado\u00e7ar bebidas e preparar receitas.<\/p>\n","protected":false},"excerpt":{"rendered":"<ul style=\"list-style-type:disc\">\n<li>Peso l\u00edquido 1kg<\/li>\n<li>Menos processado<\/li>\n<li>Com nutrientes da cana<\/li>\n<\/ul>\n","protected":false},"author":43533,"featured_media":83106,"comment_status":"open","ping_status":"closed","template":"","meta":[],"pwb-brand":[],"product_brand":[],"product_cat":[8289,8293,8367,8541],"product_tag":[],"class_list":{"0":"post-211022","1":"product","2":"type-product","3":"status-publish","4":"has-post-thumbnail","6":"product_cat-inicio","7":"product_cat-produtos-brasileiros","8":"product_cat-cafe-cha-acucar-pt-pt","9":"product_cat-acucar-adocantes","11":"first","12":"instock","13":"taxable","14":"shipping-taxable","15":"purchasable","16":"product-type-simple"},"aioseo_notices":[],"brands":[],"_links":{"self":[{"href":"https:\/\/www.delicias-uk.com\/pt-pt\/wp-json\/wp\/v2\/product\/211022","targetHints":{"allow":["GET"]}}],"collection":[{"href":"https:\/\/www.delicias-uk.com\/pt-pt\/wp-json\/wp\/v2\/product"}],"about":[{"href":"https:\/\/www.delicias-uk.com\/pt-pt\/wp-json\/wp\/v2\/types\/product"}],"author":[{"embeddable":true,"href":"https:\/\/www.delicias-uk.com\/pt-pt\/wp-json\/wp\/v2\/users\/43533"}],"replies":[{"embeddable":true,"href":"https:\/\/www.delicias-uk.com\/pt-pt\/wp-json\/wp\/v2\/comments?post=211022"}],"wp:featuredmedia":[{"embeddable":true,"href":"https:\/\/www.delicias-uk.com\/pt-pt\/wp-json\/wp\/v2\/media\/83106"}],"wp:attachment":[{"href":"https:\/\/www.delicias-uk.com\/pt-pt\/wp-json\/wp\/v2\/media?parent=211022"}],"wp:term":[{"taxonomy":"pwb-brand","embeddable":true,"href":"https:\/\/www.delicias-uk.com\/pt-pt\/wp-json\/wp\/v2\/pwb-brand?post=211022"},{"taxonomy":"product_brand","embeddable":true,"href":"https:\/\/www.delicias-uk.com\/pt-pt\/wp-json\/wp\/v2\/product_brand?post=211022"},{"taxonomy":"product_cat","embeddable":true,"href":"https:\/\/www.delicias-uk.com\/pt-pt\/wp-json\/wp\/v2\/product_cat?post=211022"},{"taxonomy":"product_tag","embeddable":true,"href":"https:\/\/www.delicias-uk.com\/pt-pt\/wp-json\/wp\/v2\/product_tag?post=211022"}],"curies":[{"name":"wp","href":"https:\/\/api.w.org\/{rel}","templated":true}]}}