{"id":210974,"date":"2017-11-01T15:39:16","date_gmt":"2017-11-01T15:39:16","guid":{"rendered":"https:\/\/www.delicias-uk.com\/product\/nissin-lamen-sabor-galinha-caipira-85g\/"},"modified":"2026-04-16T12:40:16","modified_gmt":"2026-04-16T11:40:16","slug":"nissin-lamen-sabor-galinha-caipira-85g","status":"publish","type":"product","link":"https:\/\/www.delicias-uk.com\/pt-pt\/produto\/nissin-lamen-sabor-galinha-caipira-85g\/","title":{"rendered":"Nissin L\u00e1men Galinha Caipira 85g"},"content":{"rendered":"<p><span style=\"text-decoration:underline;\"><strong>M\u00c9TODO DE PREPARO<\/strong><\/span><\/p>\n<p><strong>FOG\u00c3O<\/strong><\/p>\n<p>1. Ferva 450ml de \u00e1gua.<\/p>\n<p>2. Junte o macarr\u00e3o e cozinhe por 3 minutos.<\/p>\n<p>3. Retire do fogo e misture o tempero.<\/p>\n<p><strong>MICRO-ONDAS<\/strong><\/p>\n<p>1. Coloque 450ml de \u00e1gua e o macarr\u00e3o em um recipiente pr\u00f3prio para micro-ondas.<\/p>\n<p>2. Leve ao forno micro-ondas em pot\u00eancia alta por 5 minutos. Interrompendo na metade do tempo para mexer.<\/p>\n<p>3. Retire do micro-ondas, misture o tempero e sirva em seguida.<\/p>\n<p>Ingredientes do Macarr\u00e3o: farinha de trigo enriquecida com ferro e \u00e1cido f\u00f3lico, gordura vegetal, sal, reguladores de acidez carbonato de pot\u00e1ssio e carbonato de s\u00f3dio, estabilizantes tripolifosfato de s\u00f3dio, pirofosfato tetrass\u00f3dico e fosfato de s\u00f3dio monob\u00e1sico e corante sint\u00e9tico id\u00eantico ao natural betacaroteno.<\/p>\n<p>Ingredientes do tempero em p\u00f3: tempero sabor galinha caipira*, real\u00e7adores de sabor glutamato monoss\u00f3dico, inosinato diss\u00f3dico e guanilato diss\u00f3dico, antiumectante di\u00f3xido de sil\u00edcio, aromatizantes, acidulante \u00e1cido c\u00edtrico e corantes caramelo IV e natural urucum. *(ALIMENTO TRATADO POR PROCESSO DE IRRADIA\u00c7\u00c3O).<\/p>\n<p><strong>AL\u00c9RGICOS: CONT\u00c9M DERIVADOS DE TRIGO, CEVADA E SOJA. PODE CONTER CENTEIO, AVEIA, CRUST\u00c1CEOS (CAMAR\u00c3O E CARANGUEJO), OVOS, PEIXES, LEITE, GERGELIM E L\u00c1TEX NATURAL. CONT\u00c9M GL\u00daTEN.<\/strong><\/p>\n","protected":false},"excerpt":{"rendered":"<ul style=\"list-style-type:disc;\">\n<li>Peso l\u00edquido 85g<\/li>\n<li>Pronto em 3 minutos<\/li>\n<li>Produto Brasileiro<\/li>\n<\/ul>\n","protected":false},"author":43533,"featured_media":83024,"comment_status":"open","ping_status":"closed","template":"","meta":[],"pwb-brand":[],"product_brand":[],"product_cat":[8289,8293,8401,8619],"product_tag":[],"class_list":{"0":"post-210974","1":"product","2":"type-product","3":"status-publish","4":"has-post-thumbnail","6":"product_cat-inicio","7":"product_cat-produtos-brasileiros","8":"product_cat-mercearia-pt-pt","9":"product_cat-noodles-sopas","11":"first","12":"instock","13":"taxable","14":"shipping-taxable","15":"purchasable","16":"product-type-simple"},"aioseo_notices":[],"brands":[],"_links":{"self":[{"href":"https:\/\/www.delicias-uk.com\/pt-pt\/wp-json\/wp\/v2\/product\/210974","targetHints":{"allow":["GET"]}}],"collection":[{"href":"https:\/\/www.delicias-uk.com\/pt-pt\/wp-json\/wp\/v2\/product"}],"about":[{"href":"https:\/\/www.delicias-uk.com\/pt-pt\/wp-json\/wp\/v2\/types\/product"}],"author":[{"embeddable":true,"href":"https:\/\/www.delicias-uk.com\/pt-pt\/wp-json\/wp\/v2\/users\/43533"}],"replies":[{"embeddable":true,"href":"https:\/\/www.delicias-uk.com\/pt-pt\/wp-json\/wp\/v2\/comments?post=210974"}],"wp:featuredmedia":[{"embeddable":true,"href":"https:\/\/www.delicias-uk.com\/pt-pt\/wp-json\/wp\/v2\/media\/83024"}],"wp:attachment":[{"href":"https:\/\/www.delicias-uk.com\/pt-pt\/wp-json\/wp\/v2\/media?parent=210974"}],"wp:term":[{"taxonomy":"pwb-brand","embeddable":true,"href":"https:\/\/www.delicias-uk.com\/pt-pt\/wp-json\/wp\/v2\/pwb-brand?post=210974"},{"taxonomy":"product_brand","embeddable":true,"href":"https:\/\/www.delicias-uk.com\/pt-pt\/wp-json\/wp\/v2\/product_brand?post=210974"},{"taxonomy":"product_cat","embeddable":true,"href":"https:\/\/www.delicias-uk.com\/pt-pt\/wp-json\/wp\/v2\/product_cat?post=210974"},{"taxonomy":"product_tag","embeddable":true,"href":"https:\/\/www.delicias-uk.com\/pt-pt\/wp-json\/wp\/v2\/product_tag?post=210974"}],"curies":[{"name":"wp","href":"https:\/\/api.w.org\/{rel}","templated":true}]}}