{"id":210966,"date":"2017-11-01T15:39:16","date_gmt":"2017-11-01T15:39:16","guid":{"rendered":"https:\/\/www.delicias-uk.com\/product\/tempero-sabor-a-mi-completo-pote-300gr-x-1-2\/"},"modified":"2026-03-02T14:33:00","modified_gmt":"2026-03-02T14:33:00","slug":"tempero-sabor-a-mi-completo-pote-300gr-x-1-2","status":"publish","type":"product","link":"https:\/\/www.delicias-uk.com\/pt-pt\/produto\/tempero-sabor-a-mi-completo-pote-300gr-x-1-2\/","title":{"rendered":"Tempero Sabor a Mi Completo Sem Pimenta Pote 300g"},"content":{"rendered":"<p>SABOR A MI\u00ae \u00e9 um tempero em pasta que combina ingredientes balanceados com cebola e alho picados, al\u00e9m de j\u00e1 conter sal. Pode ser utilizado em qualquer prepara\u00e7\u00e3o salgada como carnes, frangos, legumes, verduras, feij\u00e3o e arroz. SABOR A MI\u00ae, o sabor mais vendido do Brasil.<\/p>\n","protected":false},"excerpt":{"rendered":"<p>SABOR A MI\u00ae \u00e9 um tempero em pasta que combina ingredientes balanceados com cebola e alho picados, al\u00e9m de j\u00e1 conter sal. Pode ser utilizado em qualquer prepara\u00e7\u00e3o salgada como carnes, frangos, legumes, verduras, feij\u00e3o e arroz. SABOR A MI\u00ae, o sabor mais vendido do Brasil.<\/p>\n","protected":false},"author":43533,"featured_media":83010,"comment_status":"open","ping_status":"closed","template":"","meta":[],"pwb-brand":[],"product_brand":[],"product_cat":[8289,8293,8409,8507,8347],"product_tag":[],"class_list":{"0":"post-210966","1":"product","2":"type-product","3":"status-publish","4":"has-post-thumbnail","6":"product_cat-inicio","7":"product_cat-produtos-brasileiros","8":"product_cat-temperos-molhos-e-legumes","9":"product_cat-temperos","10":"product_cat-vegetariano","12":"first","13":"instock","14":"taxable","15":"shipping-taxable","16":"purchasable","17":"product-type-simple"},"aioseo_notices":[],"brands":[],"_links":{"self":[{"href":"https:\/\/www.delicias-uk.com\/pt-pt\/wp-json\/wp\/v2\/product\/210966","targetHints":{"allow":["GET"]}}],"collection":[{"href":"https:\/\/www.delicias-uk.com\/pt-pt\/wp-json\/wp\/v2\/product"}],"about":[{"href":"https:\/\/www.delicias-uk.com\/pt-pt\/wp-json\/wp\/v2\/types\/product"}],"author":[{"embeddable":true,"href":"https:\/\/www.delicias-uk.com\/pt-pt\/wp-json\/wp\/v2\/users\/43533"}],"replies":[{"embeddable":true,"href":"https:\/\/www.delicias-uk.com\/pt-pt\/wp-json\/wp\/v2\/comments?post=210966"}],"wp:featuredmedia":[{"embeddable":true,"href":"https:\/\/www.delicias-uk.com\/pt-pt\/wp-json\/wp\/v2\/media\/83010"}],"wp:attachment":[{"href":"https:\/\/www.delicias-uk.com\/pt-pt\/wp-json\/wp\/v2\/media?parent=210966"}],"wp:term":[{"taxonomy":"pwb-brand","embeddable":true,"href":"https:\/\/www.delicias-uk.com\/pt-pt\/wp-json\/wp\/v2\/pwb-brand?post=210966"},{"taxonomy":"product_brand","embeddable":true,"href":"https:\/\/www.delicias-uk.com\/pt-pt\/wp-json\/wp\/v2\/product_brand?post=210966"},{"taxonomy":"product_cat","embeddable":true,"href":"https:\/\/www.delicias-uk.com\/pt-pt\/wp-json\/wp\/v2\/product_cat?post=210966"},{"taxonomy":"product_tag","embeddable":true,"href":"https:\/\/www.delicias-uk.com\/pt-pt\/wp-json\/wp\/v2\/product_tag?post=210966"}],"curies":[{"name":"wp","href":"https:\/\/api.w.org\/{rel}","templated":true}]}}