{"id":210942,"date":"2017-11-01T15:39:15","date_gmt":"2017-11-01T15:39:15","guid":{"rendered":"https:\/\/www.delicias-uk.com\/product\/frutabella-bars-bananada-creamy-30gr-x-24-2\/"},"modified":"2026-02-27T16:01:13","modified_gmt":"2026-02-27T16:01:13","slug":"frutabella-bars-bananada-creamy-30gr-x-24-2","status":"publish","type":"product","link":"https:\/\/www.delicias-uk.com\/pt-pt\/produto\/frutabella-bars-bananada-creamy-30gr-x-24-2\/","title":{"rendered":"Bananada Cremosa Frutabella em Barra 30g x 24"},"content":{"rendered":"<p style=\"margin-top:0pt;margin-bottom:0pt;margin-left:0in;vertical-align:baseline;\"><span style=\"font-size:11pt;font-family:Arial;font-weight:bold;\">Bananada\u00a0Cremosa.\u00a0N\u00e3o\u00a0cont\u00e9m\u00a0Gl\u00faten.<\/span><\/p>\n<p style=\"margin-top:0pt;margin-bottom:0pt;margin-left:0in;vertical-align:baseline;\"><span style=\"font-size:11pt;font-family:Arial;\">Possui <\/span><span style=\"font-size:11pt;font-family:Arial;\">sabor e cremosidade irresist\u00edveis, al\u00e9m de ser uma excelente fonte de energia e pot\u00e1ssio<\/span><span style=\"font-size:11pt;font-family:Arial;\">.<\/span><\/p>\n<p style=\"margin-top:0pt;margin-bottom:0pt;margin-left:0in;vertical-align:baseline;\"><span style=\"font-size:11pt;font-family:Arial;font-weight:bold;\">Ingredientes:<\/span><span style=\"font-size:11pt;font-family:Arial;\">\u00a0Banana, a\u00e7\u00facar e conservador sorbato de pot\u00e1ssio.<\/span><\/p>\n<p style=\"margin-top:0pt;margin-bottom:0pt;margin-left:0in;text-align:left;\">\n<p style=\"margin-top:0pt;margin-bottom:0pt;margin-left:0in;vertical-align:baseline;\"><span style=\"font-size:11pt;font-family:Arial;font-weight:bold;\">A<\/span><span style=\"font-size:11pt;font-family:Arial;font-weight:bold;\">l\u00e9rgicos: <\/span><span style=\"font-size:11pt;font-family:Arial;\">pode conter tra\u00e7os de amendoim, soja e prote\u00edna do leite. n\u00e3o cont\u00e9m gl\u00faten.<\/span><\/p>\n","protected":false},"excerpt":{"rendered":"<p>Bananada\u00a0Cremosa.\u00a0N\u00e3o\u00a0cont\u00e9m\u00a0Gl\u00faten. Possui sabor e cremosidade irresist\u00edveis, al\u00e9m de ser uma excelente fonte de energia e pot\u00e1ssio. Ingredientes:\u00a0Banana, a\u00e7\u00facar e conservador sorbato de pot\u00e1ssio. Al\u00e9rgicos: pode conter tra\u00e7os de amendoim, soja e prote\u00edna do leite. n\u00e3o cont\u00e9m gl\u00faten.<\/p>\n","protected":false},"author":43533,"featured_media":82970,"comment_status":"open","ping_status":"closed","template":"","meta":[],"pwb-brand":[],"product_brand":[],"product_cat":[8289,8293,8385,8597,8499,8347],"product_tag":[],"class_list":{"0":"post-210942","1":"product","2":"type-product","3":"status-publish","4":"has-post-thumbnail","6":"product_cat-inicio","7":"product_cat-produtos-brasileiros","8":"product_cat-confeitaria-pt-pt","9":"product_cat-doces-tradicionais-amendoim","10":"product_cat-sem-glutem","11":"product_cat-vegetariano","13":"first","14":"instock","15":"taxable","16":"shipping-taxable","17":"purchasable","18":"product-type-simple"},"aioseo_notices":[],"brands":[],"_links":{"self":[{"href":"https:\/\/www.delicias-uk.com\/pt-pt\/wp-json\/wp\/v2\/product\/210942","targetHints":{"allow":["GET"]}}],"collection":[{"href":"https:\/\/www.delicias-uk.com\/pt-pt\/wp-json\/wp\/v2\/product"}],"about":[{"href":"https:\/\/www.delicias-uk.com\/pt-pt\/wp-json\/wp\/v2\/types\/product"}],"author":[{"embeddable":true,"href":"https:\/\/www.delicias-uk.com\/pt-pt\/wp-json\/wp\/v2\/users\/43533"}],"replies":[{"embeddable":true,"href":"https:\/\/www.delicias-uk.com\/pt-pt\/wp-json\/wp\/v2\/comments?post=210942"}],"wp:featuredmedia":[{"embeddable":true,"href":"https:\/\/www.delicias-uk.com\/pt-pt\/wp-json\/wp\/v2\/media\/82970"}],"wp:attachment":[{"href":"https:\/\/www.delicias-uk.com\/pt-pt\/wp-json\/wp\/v2\/media?parent=210942"}],"wp:term":[{"taxonomy":"pwb-brand","embeddable":true,"href":"https:\/\/www.delicias-uk.com\/pt-pt\/wp-json\/wp\/v2\/pwb-brand?post=210942"},{"taxonomy":"product_brand","embeddable":true,"href":"https:\/\/www.delicias-uk.com\/pt-pt\/wp-json\/wp\/v2\/product_brand?post=210942"},{"taxonomy":"product_cat","embeddable":true,"href":"https:\/\/www.delicias-uk.com\/pt-pt\/wp-json\/wp\/v2\/product_cat?post=210942"},{"taxonomy":"product_tag","embeddable":true,"href":"https:\/\/www.delicias-uk.com\/pt-pt\/wp-json\/wp\/v2\/product_tag?post=210942"}],"curies":[{"name":"wp","href":"https:\/\/api.w.org\/{rel}","templated":true}]}}