{"id":210936,"date":"2017-11-01T15:39:15","date_gmt":"2017-11-01T15:39:15","guid":{"rendered":"https:\/\/www.delicias-uk.com\/product\/frutabella-bars-goiabikas-guava-paste-30g-x-12-2\/"},"modified":"2026-03-19T17:04:33","modified_gmt":"2026-03-19T17:04:33","slug":"frutabella-bars-goiabikas-guava-paste-30g-x-12-2","status":"publish","type":"product","link":"https:\/\/www.delicias-uk.com\/pt-pt\/produto\/frutabella-bars-goiabikas-guava-paste-30g-x-12-2\/","title":{"rendered":"Doce de Goiaba Frutabella 30g x 12"},"content":{"rendered":"<p style=\"margin-top:0pt;margin-bottom:0pt;margin-left:0in;text-align:left;\"><span style=\"font-size:12pt;font-family:Calibri;color:#000000;\">Barra de <\/span><span style=\"font-size:12pt;font-family:Calibri;color:#000000;\">Goiaba<\/span><span style=\"font-size:12pt;font-family:Calibri;color:#000000;\">,<\/span><span style=\"font-size:12pt;font-family:Calibri;color:#000000;\"> <\/span><span style=\"font-size:12pt;font-family:Calibri;color:#000000;\">70% de <\/span><span style=\"font-size:12pt;font-family:Calibri;color:#000000;\">fruta.<\/span><span style=\"font-size:12pt;font-family:Calibri;color:#000000;\"> <\/span><span style=\"font-size:12pt;font-family:Calibri;color:#000000;\">N\u00e3o <\/span><span style=\"font-size:12pt;font-family:Calibri;color:#000000;\">cont\u00e9m<\/span><span style=\"font-size:12pt;font-family:Calibri;color:#000000;\"> <\/span><span style=\"font-size:12pt;font-family:Calibri;color:#000000;\">Gl\u00faten<\/span><span style=\"font-size:12pt;font-family:Calibri;color:#000000;\">. <\/span><\/p>\n","protected":false},"excerpt":{"rendered":"<p>Barra de Goiaba, 70% de fruta. N\u00e3o cont\u00e9m Gl\u00faten.<\/p>\n","protected":false},"author":43533,"featured_media":251080,"comment_status":"open","ping_status":"closed","template":"","meta":[],"pwb-brand":[],"product_brand":[],"product_cat":[8289,8293,8385,8597,8499,8347],"product_tag":[],"class_list":{"0":"post-210936","1":"product","2":"type-product","3":"status-publish","4":"has-post-thumbnail","6":"product_cat-inicio","7":"product_cat-produtos-brasileiros","8":"product_cat-confeitaria-pt-pt","9":"product_cat-doces-tradicionais-amendoim","10":"product_cat-sem-glutem","11":"product_cat-vegetariano","13":"first","14":"instock","15":"taxable","16":"shipping-taxable","17":"purchasable","18":"product-type-simple"},"aioseo_notices":[],"brands":[],"_links":{"self":[{"href":"https:\/\/www.delicias-uk.com\/pt-pt\/wp-json\/wp\/v2\/product\/210936","targetHints":{"allow":["GET"]}}],"collection":[{"href":"https:\/\/www.delicias-uk.com\/pt-pt\/wp-json\/wp\/v2\/product"}],"about":[{"href":"https:\/\/www.delicias-uk.com\/pt-pt\/wp-json\/wp\/v2\/types\/product"}],"author":[{"embeddable":true,"href":"https:\/\/www.delicias-uk.com\/pt-pt\/wp-json\/wp\/v2\/users\/43533"}],"replies":[{"embeddable":true,"href":"https:\/\/www.delicias-uk.com\/pt-pt\/wp-json\/wp\/v2\/comments?post=210936"}],"wp:featuredmedia":[{"embeddable":true,"href":"https:\/\/www.delicias-uk.com\/pt-pt\/wp-json\/wp\/v2\/media\/251080"}],"wp:attachment":[{"href":"https:\/\/www.delicias-uk.com\/pt-pt\/wp-json\/wp\/v2\/media?parent=210936"}],"wp:term":[{"taxonomy":"pwb-brand","embeddable":true,"href":"https:\/\/www.delicias-uk.com\/pt-pt\/wp-json\/wp\/v2\/pwb-brand?post=210936"},{"taxonomy":"product_brand","embeddable":true,"href":"https:\/\/www.delicias-uk.com\/pt-pt\/wp-json\/wp\/v2\/product_brand?post=210936"},{"taxonomy":"product_cat","embeddable":true,"href":"https:\/\/www.delicias-uk.com\/pt-pt\/wp-json\/wp\/v2\/product_cat?post=210936"},{"taxonomy":"product_tag","embeddable":true,"href":"https:\/\/www.delicias-uk.com\/pt-pt\/wp-json\/wp\/v2\/product_tag?post=210936"}],"curies":[{"name":"wp","href":"https:\/\/api.w.org\/{rel}","templated":true}]}}