{"id":210928,"date":"2017-11-01T15:39:15","date_gmt":"2017-11-01T15:39:15","guid":{"rendered":"https:\/\/www.delicias-uk.com\/product\/nestle-brasil-neston-3-cereais-sache-210gr-x-1-2\/"},"modified":"2017-11-01T15:39:15","modified_gmt":"2017-11-01T15:39:15","slug":"nestle-brasil-neston-3-cereais-sache-210gr-x-1-2","status":"publish","type":"product","link":"https:\/\/www.delicias-uk.com\/pt-pt\/produto\/nestle-brasil-neston-3-cereais-sache-210gr-x-1-2\/","title":{"rendered":"Neston 3 Cereais Saqueta 210g"},"content":{"rendered":"<p>Nestle Brasil Neston 3 Cereais Sache \u00e9 feito com cereal integral, contem fibras e ferro. Possui uma combina\u00e7\u00e3o perfeita de trigo, aveia e cevada\u00a0ideal para o preparo de vitaminas.<\/p>\n<div class=\"OutlineElement Ltr SCXW35523948 BCX8\" style=\"margin:0px;padding:0px;clear:both;font-family:'Segoe UI', 'Segoe UI Web', Arial, Verdana, sans-serif;font-size:12px;background-color:#ffffff;\">\n<div class=\"OutlineElement Ltr SCXW19140717 BCX8\" style=\"margin:0px;padding:0px;clear:both;\">\n<p class=\"Paragraph SCXW19140717 BCX8\" xml:lang=\"pt-br\" lang=\"pt-br\" style=\"margin:0px;padding:0px;vertical-align:baseline;\"><span xml:lang=\"en-us\" lang=\"en-us\" class=\"TextRun SCXW19140717 BCX8\" style=\"margin:0px;padding:0px;color:#173c56;font-size:11pt;line-height:19.7625px;font-family:Calibri, 'Calibri_EmbeddedFont', 'Calibri_MSFontService', sans-serif;\">&#8220;O MINIST\u00c9RIO DA SA\u00daDE ADVERTE: ESTE PRODUTO N\u00c3O DEVE SER USADO PARA CRIAN\u00c7AS MENORES DE 6 (SEIS) MESES DE IDADE, EXCETO POR INDICA\u00c7\u00c3O EXPRESSA DE M\u00c9DICO OU NUTRICIONISTA. O ALEITAMENTO MATERNO EVITA INFEC\u00c7\u00d5ES E ALERGIAS E \u00c9 RECOMENDADO AT\u00c9 OS 2 (DOIS) ANOS DE IDADE OU MAIS.&#8221;<\/span><span class=\"EOP SCXW19140717 BCX8\" style=\"margin:0px;padding:0px;font-size:11pt;line-height:19.7625px;font-family:Calibri, 'Calibri_EmbeddedFont', 'Calibri_MSFontService', sans-serif;color:#173c56;\">\u00a0<\/span><\/p>\n<\/p><\/div>\n<div class=\"OutlineElement Ltr SCXW19140717 BCX8\" style=\"margin:0px;padding:0px;clear:both;\">\n<p class=\"Paragraph SCXW19140717 BCX8\" xml:lang=\"pt-br\" lang=\"pt-br\" style=\"margin:0px 0px 10.6667px;padding:0px;vertical-align:baseline;background-color:transparent;\"><span xml:lang=\"en-us\" lang=\"en-us\" class=\"TextRun SCXW19140717 BCX8\" style=\"margin:0px;padding:0px;color:#474747;font-size:11pt;line-height:19.7625px;font-family:Calibri, 'Calibri_EmbeddedFont', 'Calibri_MSFontService', sans-serif;\"><span class=\"NormalTextRun SCXW19140717 BCX8\" style=\"margin:0px;padding:0px;\"><\/span><\/span><span class=\"EOP SCXW19140717 BCX8\" style=\"margin:0px;padding:0px;font-size:11pt;line-height:19.7625px;font-family:Calibri, 'Calibri_EmbeddedFont', 'Calibri_MSFontService', sans-serif;color:#474747;\">\u00a0<\/span><\/p>\n<\/p><\/div>\n<div class=\"OutlineElement Ltr SCXW19140717 BCX8\" style=\"margin:0px;padding:0px;clear:both;\">\n<p class=\"Paragraph SCXW19140717 BCX8\" xml:lang=\"pt-br\" lang=\"pt-br\" style=\"margin:0px;padding:0px;vertical-align:baseline;\"><span xml:lang=\"en-us\" lang=\"en-us\" class=\"TextRun SCXW19140717 BCX8\" style=\"margin:0px;padding:0px;color:#173c56;font-size:11pt;line-height:19.7625px;font-family:Calibri, 'Calibri_EmbeddedFont', 'Calibri_MSFontService', sans-serif;font-weight:bold;\"><span class=\"NormalTextRun SCXW19140717 BCX8\" style=\"margin:0px;padding:0px;\">Ingredientes <\/span><span class=\"NormalTextRun SpellingErrorV2Themed SCXW19140717 BCX8\" style=\"margin:0px;padding:0px;background-position:0px 100%;background-repeat:repeat-x;border-bottom:1px solid transparent;\">ap\u00f3s<\/span><span class=\"NormalTextRun SCXW19140717 BCX8\" style=\"margin:0px;padding:0px;\"> o <\/span><span class=\"NormalTextRun SpellingErrorV2Themed SCXW19140717 BCX8\" style=\"margin:0px;padding:0px;background-position:0px 100%;background-repeat:repeat-x;border-bottom:1px solid transparent;\">preparo<\/span><span class=\"NormalTextRun SCXW19140717 BCX8\" style=\"margin:0px;padding:0px;\">:<\/span><\/span><span xml:lang=\"en-us\" lang=\"en-us\" class=\"TextRun SCXW19140717 BCX8\" style=\"margin:0px;padding:0px;color:#173c56;font-size:11pt;line-height:19.7625px;font-family:Calibri, 'Calibri_EmbeddedFont', 'Calibri_MSFontService', sans-serif;\"><span class=\"NormalTextRun SCXW19140717 BCX8\" style=\"margin:0px;padding:0px;\">\u00a0Ingredientes <\/span><span class=\"NormalTextRun SpellingErrorV2Themed SCXW19140717 BCX8\" style=\"margin:0px;padding:0px;background-position:0px 100%;background-repeat:repeat-x;border-bottom:1px solid transparent;\">ap\u00f3s<\/span><span class=\"NormalTextRun SCXW19140717 BCX8\" style=\"margin:0px;padding:0px;\"> o <\/span><span class=\"NormalTextRun SpellingErrorV2Themed SCXW19140717 BCX8\" style=\"margin:0px;padding:0px;background-position:0px 100%;background-repeat:repeat-x;border-bottom:1px solid transparent;\">preparo<\/span><span class=\"NormalTextRun SCXW19140717 BCX8\" style=\"margin:0px;padding:0px;\">: farinha de <\/span><span class=\"NormalTextRun SpellingErrorV2Themed SCXW19140717 BCX8\" style=\"margin:0px;padding:0px;background-position:0px 100%;background-repeat:repeat-x;border-bottom:1px solid transparent;\">cereais<\/span><span class=\"NormalTextRun SCXW19140717 BCX8\" style=\"margin:0px;padding:0px;\"> <\/span><span class=\"NormalTextRun SpellingErrorV2Themed SCXW19140717 BCX8\" style=\"margin:0px;padding:0px;background-position:0px 100%;background-repeat:repeat-x;border-bottom:1px solid transparent;\">mista<\/span><span class=\"NormalTextRun SCXW19140717 BCX8\" style=\"margin:0px;padding:0px;\">, <\/span><span class=\"NormalTextRun SpellingErrorV2Themed SCXW19140717 BCX8\" style=\"margin:0px;padding:0px;background-position:0px 100%;background-repeat:repeat-x;border-bottom:1px solid transparent;\">a\u00e7\u00facar<\/span><span class=\"NormalTextRun SCXW19140717 BCX8\" style=\"margin:0px;padding:0px;\">, <\/span><span class=\"NormalTextRun SpellingErrorV2Themed SCXW19140717 BCX8\" style=\"margin:0px;padding:0px;background-position:0px 100%;background-repeat:repeat-x;border-bottom:1px solid transparent;\">c\u00e1lcio<\/span><span class=\"NormalTextRun SCXW19140717 BCX8\" style=\"margin:0px;padding:0px;\"> (<\/span><span class=\"NormalTextRun SpellingErrorV2Themed SCXW19140717 BCX8\" style=\"margin:0px;padding:0px;background-position:0px 100%;background-repeat:repeat-x;border-bottom:1px solid transparent;\">carbonato<\/span><span class=\"NormalTextRun SCXW19140717 BCX8\" style=\"margin:0px;padding:0px;\"> de <\/span><span class=\"NormalTextRun SpellingErrorV2Themed SCXW19140717 BCX8\" style=\"margin:0px;padding:0px;background-position:0px 100%;background-repeat:repeat-x;border-bottom:1px solid transparent;\">c\u00e1lcio<\/span><span class=\"NormalTextRun SCXW19140717 BCX8\" style=\"margin:0px;padding:0px;\">), <\/span><span class=\"NormalTextRun SpellingErrorV2Themed SCXW19140717 BCX8\" style=\"margin:0px;padding:0px;background-position:0px 100%;background-repeat:repeat-x;border-bottom:1px solid transparent;\">vitamina<\/span><span class=\"NormalTextRun SCXW19140717 BCX8\" style=\"margin:0px;padding:0px;\"> C (<\/span><span class=\"NormalTextRun SpellingErrorV2Themed SCXW19140717 BCX8\" style=\"margin:0px;padding:0px;background-position:0px 100%;background-repeat:repeat-x;border-bottom:1px solid transparent;\">\u00e1cido<\/span><span class=\"NormalTextRun SCXW19140717 BCX8\" style=\"margin:0px;padding:0px;\"> L-<\/span><span class=\"NormalTextRun SpellingErrorV2Themed SCXW19140717 BCX8\" style=\"margin:0px;padding:0px;background-position:0px 100%;background-repeat:repeat-x;border-bottom:1px solid transparent;\">asc\u00f3rbico<\/span><span class=\"NormalTextRun SCXW19140717 BCX8\" style=\"margin:0px;padding:0px;\">), ferro (<\/span><span class=\"NormalTextRun SpellingErrorV2Themed SCXW19140717 BCX8\" style=\"margin:0px;padding:0px;background-position:0px 100%;background-repeat:repeat-x;border-bottom:1px solid transparent;\">fumarato<\/span><span class=\"NormalTextRun SCXW19140717 BCX8\" style=\"margin:0px;padding:0px;\"> <\/span><span class=\"NormalTextRun SpellingErrorV2Themed SCXW19140717 BCX8\" style=\"margin:0px;padding:0px;background-position:0px 100%;background-repeat:repeat-x;border-bottom:1px solid transparent;\">ferroso<\/span><span class=\"NormalTextRun SCXW19140717 BCX8\" style=\"margin:0px;padding:0px;\">) <\/span><span class=\"NormalTextRun SpellingErrorV2Themed SCXW19140717 BCX8\" style=\"margin:0px;padding:0px;background-position:0px 100%;background-repeat:repeat-x;border-bottom:1px solid transparent;\">zinco<\/span><span class=\"NormalTextRun SCXW19140717 BCX8\" style=\"margin:0px;padding:0px;\"> (<\/span><span class=\"NormalTextRun SpellingErrorV2Themed SCXW19140717 BCX8\" style=\"margin:0px;padding:0px;background-position:0px 100%;background-repeat:repeat-x;border-bottom:1px solid transparent;\">sulfato<\/span><span class=\"NormalTextRun SCXW19140717 BCX8\" style=\"margin:0px;padding:0px;\"> <\/span><span class=\"NormalTextRun SpellingErrorV2Themed SCXW19140717 BCX8\" style=\"margin:0px;padding:0px;background-position:0px 100%;background-repeat:repeat-x;border-bottom:1px solid transparent;\">dezinco<\/span><span class=\"NormalTextRun SCXW19140717 BCX8\" style=\"margin:0px;padding:0px;\">), <\/span><span class=\"NormalTextRun SpellingErrorV2Themed SCXW19140717 BCX8\" style=\"margin:0px;padding:0px;background-position:0px 100%;background-repeat:repeat-x;border-bottom:1px solid transparent;\">vitamina<\/span><span class=\"NormalTextRun SCXW19140717 BCX8\" style=\"margin:0px;padding:0px;\"> E (<\/span><span class=\"NormalTextRun SpellingErrorV2Themed SCXW19140717 BCX8\" style=\"margin:0px;padding:0px;background-position:0px 100%;background-repeat:repeat-x;border-bottom:1px solid transparent;\">acetato<\/span><span class=\"NormalTextRun SCXW19140717 BCX8\" style=\"margin:0px;padding:0px;\"> de DL-\u03b1-<\/span><span class=\"NormalTextRun SpellingErrorV2Themed SCXW19140717 BCX8\" style=\"margin:0px;padding:0px;background-position:0px 100%;background-repeat:repeat-x;border-bottom:1px solid transparent;\">tocoferila<\/span><span class=\"NormalTextRun SCXW19140717 BCX8\" style=\"margin:0px;padding:0px;\">), <\/span><span class=\"NormalTextRun SpellingErrorV2Themed SCXW19140717 BCX8\" style=\"margin:0px;padding:0px;background-position:0px 100%;background-repeat:repeat-x;border-bottom:1px solid transparent;\">niacina<\/span><span class=\"NormalTextRun SCXW19140717 BCX8\" style=\"margin:0px;padding:0px;\"> (<\/span><span class=\"NormalTextRun SpellingErrorV2Themed SCXW19140717 BCX8\" style=\"margin:0px;padding:0px;background-position:0px 100%;background-repeat:repeat-x;border-bottom:1px solid transparent;\">nicotinamida<\/span><span class=\"NormalTextRun SCXW19140717 BCX8\" style=\"margin:0px;padding:0px;\">), <\/span><span class=\"NormalTextRun SpellingErrorV2Themed SCXW19140717 BCX8\" style=\"margin:0px;padding:0px;background-position:0px 100%;background-repeat:repeat-x;border-bottom:1px solid transparent;\">\u00e1cidopantot\u00eanico<\/span><span class=\"NormalTextRun SCXW19140717 BCX8\" style=\"margin:0px;padding:0px;\"> (D-<\/span><span class=\"NormalTextRun SpellingErrorV2Themed SCXW19140717 BCX8\" style=\"margin:0px;padding:0px;background-position:0px 100%;background-repeat:repeat-x;border-bottom:1px solid transparent;\">pantotenato<\/span><span class=\"NormalTextRun SCXW19140717 BCX8\" style=\"margin:0px;padding:0px;\"> de <\/span><span class=\"NormalTextRun SpellingErrorV2Themed SCXW19140717 BCX8\" style=\"margin:0px;padding:0px;background-position:0px 100%;background-repeat:repeat-x;border-bottom:1px solid transparent;\">c\u00e1lcio<\/span><span class=\"NormalTextRun SCXW19140717 BCX8\" style=\"margin:0px;padding:0px;\">), <\/span><span class=\"NormalTextRun SpellingErrorV2Themed SCXW19140717 BCX8\" style=\"margin:0px;padding:0px;background-position:0px 100%;background-repeat:repeat-x;border-bottom:1px solid transparent;\">vitamina<\/span><span class=\"NormalTextRun SCXW19140717 BCX8\" style=\"margin:0px;padding:0px;\"> B1 (<\/span><span class=\"NormalTextRun SpellingErrorV2Themed SCXW19140717 BCX8\" style=\"margin:0px;padding:0px;background-position:0px 100%;background-repeat:repeat-x;border-bottom:1px solid transparent;\">tiamina<\/span><span class=\"NormalTextRun SCXW19140717 BCX8\" style=\"margin:0px;padding:0px;\"> <\/span><span class=\"NormalTextRun SpellingErrorV2Themed SCXW19140717 BCX8\" style=\"margin:0px;padding:0px;background-position:0px 100%;background-repeat:repeat-x;border-bottom:1px solid transparent;\">mononitrato<\/span><span class=\"NormalTextRun SCXW19140717 BCX8\" style=\"margin:0px;padding:0px;\">),<\/span><span class=\"NormalTextRun SpellingErrorV2Themed SCXW19140717 BCX8\" style=\"margin:0px;padding:0px;background-position:0px 100%;background-repeat:repeat-x;border-bottom:1px solid transparent;\">vitamina<\/span><span class=\"NormalTextRun SCXW19140717 BCX8\" style=\"margin:0px;padding:0px;\"> A (<\/span><span class=\"NormalTextRun SpellingErrorV2Themed SCXW19140717 BCX8\" style=\"margin:0px;padding:0px;background-position:0px 100%;background-repeat:repeat-x;border-bottom:1px solid transparent;\">acetato<\/span><span class=\"NormalTextRun SCXW19140717 BCX8\" style=\"margin:0px;padding:0px;\"> de <\/span><span class=\"NormalTextRun SpellingErrorV2Themed SCXW19140717 BCX8\" style=\"margin:0px;padding:0px;background-position:0px 100%;background-repeat:repeat-x;border-bottom:1px solid transparent;\">retinila<\/span><span class=\"NormalTextRun SCXW19140717 BCX8\" style=\"margin:0px;padding:0px;\">), <\/span><span class=\"NormalTextRun SpellingErrorV2Themed SCXW19140717 BCX8\" style=\"margin:0px;padding:0px;background-position:0px 100%;background-repeat:repeat-x;border-bottom:1px solid transparent;\">vitamina<\/span><span class=\"NormalTextRun SCXW19140717 BCX8\" style=\"margin:0px;padding:0px;\"> B6 (<\/span><span class=\"NormalTextRun SpellingErrorV2Themed SCXW19140717 BCX8\" style=\"margin:0px;padding:0px;background-position:0px 100%;background-repeat:repeat-x;border-bottom:1px solid transparent;\">cloridrato<\/span><span class=\"NormalTextRun SCXW19140717 BCX8\" style=\"margin:0px;padding:0px;\"> de <\/span><span class=\"NormalTextRun SpellingErrorV2Themed SCXW19140717 BCX8\" style=\"margin:0px;padding:0px;background-position:0px 100%;background-repeat:repeat-x;border-bottom:1px solid transparent;\">piridoxina<\/span><span class=\"NormalTextRun SCXW19140717 BCX8\" style=\"margin:0px;padding:0px;\">), <\/span><span class=\"NormalTextRun SpellingErrorV2Themed SCXW19140717 BCX8\" style=\"margin:0px;padding:0px;background-position:0px 100%;background-repeat:repeat-x;border-bottom:1px solid transparent;\">\u00e1cidof\u00f3lico<\/span><span class=\"NormalTextRun SCXW19140717 BCX8\" style=\"margin:0px;padding:0px;\"> (<\/span><span class=\"NormalTextRun SpellingErrorV2Themed SCXW19140717 BCX8\" style=\"margin:0px;padding:0px;background-position:0px 100%;background-repeat:repeat-x;border-bottom:1px solid transparent;\">\u00e1cido<\/span><span class=\"NormalTextRun SCXW19140717 BCX8\" style=\"margin:0px;padding:0px;\"> N-<\/span><span class=\"NormalTextRun SpellingErrorV2Themed SCXW19140717 BCX8\" style=\"margin:0px;padding:0px;background-position:0px 100%;background-repeat:repeat-x;border-bottom:1px solid transparent;\">pteroil<\/span><span class=\"NormalTextRun SCXW19140717 BCX8\" style=\"margin:0px;padding:0px;\">-L-<\/span><span class=\"NormalTextRun SpellingErrorV2Themed SCXW19140717 BCX8\" style=\"margin:0px;padding:0px;background-position:0px 100%;background-repeat:repeat-x;border-bottom:1px solid transparent;\">glut\u00e2mico<\/span><span class=\"NormalTextRun SCXW19140717 BCX8\" style=\"margin:0px;padding:0px;\">), <\/span><span class=\"NormalTextRun SpellingErrorV2Themed SCXW19140717 BCX8\" style=\"margin:0px;padding:0px;background-position:0px 100%;background-repeat:repeat-x;border-bottom:1px solid transparent;\">vitamina<\/span><span class=\"NormalTextRun SCXW19140717 BCX8\" style=\"margin:0px;padding:0px;\"> D (<\/span><span class=\"NormalTextRun SpellingErrorV2Themed SCXW19140717 BCX8\" style=\"margin:0px;padding:0px;background-position:0px 100%;background-repeat:repeat-x;border-bottom:1px solid transparent;\">colecalciferol<\/span><span class=\"NormalTextRun SCXW19140717 BCX8\" style=\"margin:0px;padding:0px;\">), <\/span><span class=\"NormalTextRun SpellingErrorV2Themed SCXW19140717 BCX8\" style=\"margin:0px;padding:0px;background-position:0px 100%;background-repeat:repeat-x;border-bottom:1px solid transparent;\">regulador<\/span><span class=\"NormalTextRun SCXW19140717 BCX8\" style=\"margin:0px;padding:0px;\"> de <\/span><span class=\"NormalTextRun SpellingErrorV2Themed SCXW19140717 BCX8\" style=\"margin:0px;padding:0px;background-position:0px 100%;background-repeat:repeat-x;border-bottom:1px solid transparent;\">acidez<\/span><span class=\"NormalTextRun SCXW19140717 BCX8\" style=\"margin:0px;padding:0px;\"> <\/span><span class=\"NormalTextRun SpellingErrorV2Themed SCXW19140717 BCX8\" style=\"margin:0px;padding:0px;background-position:0px 100%;background-repeat:repeat-x;border-bottom:1px solid transparent;\">fosfato<\/span><span class=\"NormalTextRun SCXW19140717 BCX8\" style=\"margin:0px;padding:0px;\"> de <\/span><span class=\"NormalTextRun SpellingErrorV2Themed SCXW19140717 BCX8\" style=\"margin:0px;padding:0px;background-position:0px 100%;background-repeat:repeat-x;border-bottom:1px solid transparent;\">s\u00f3dio<\/span><span class=\"NormalTextRun SCXW19140717 BCX8\" style=\"margin:0px;padding:0px;\"> <\/span><span class=\"NormalTextRun SpellingErrorV2Themed SCXW19140717 BCX8\" style=\"margin:0px;padding:0px;background-position:0px 100%;background-repeat:repeat-x;border-bottom:1px solid transparent;\">dib\u00e1sico<\/span><span class=\"NormalTextRun SCXW19140717 BCX8\" style=\"margin:0px;padding:0px;\"> e <\/span><span class=\"NormalTextRun SpellingErrorV2Themed SCXW19140717 BCX8\" style=\"margin:0px;padding:0px;background-position:0px 100%;background-repeat:repeat-x;border-bottom:1px solid transparent;\">aromatizante<\/span><span class=\"NormalTextRun SCXW19140717 BCX8\" style=\"margin:0px;padding:0px;\"> <\/span><span class=\"NormalTextRun SpellingErrorV2Themed SCXW19140717 BCX8\" style=\"margin:0px;padding:0px;background-position:0px 100%;background-repeat:repeat-x;border-bottom:1px solid transparent;\">vanilina<\/span><span class=\"NormalTextRun SCXW19140717 BCX8\" style=\"margin:0px;padding:0px;\">.<\/span><\/span><span class=\"EOP SCXW19140717 BCX8\" style=\"margin:0px;padding:0px;font-size:11pt;line-height:19.7625px;font-family:Calibri, 'Calibri_EmbeddedFont', 'Calibri_MSFontService', sans-serif;color:#173c56;\">\u00a0<\/span><\/p>\n<\/p><\/div>\n<div class=\"OutlineElement Ltr SCXW19140717 BCX8\" style=\"margin:0px;padding:0px;clear:both;\">\n<p class=\"Paragraph SCXW19140717 BCX8\" xml:lang=\"pt-br\" lang=\"pt-br\" style=\"margin:0px;padding:0px;vertical-align:baseline;\"><span xml:lang=\"pt-br\" lang=\"pt-br\" class=\"TextRun SCXW19140717 BCX8\" style=\"margin:0px;padding:0px;font-size:11pt;line-height:19.7625px;font-family:Calibri, 'Calibri_EmbeddedFont', 'Calibri_MSFontService', sans-serif;\"><span class=\"NormalTextRun SCXW19140717 BCX8\" style=\"margin:0px;padding:0px;\"><\/span><\/span><span class=\"EOP SCXW19140717 BCX8\" style=\"margin:0px;padding:0px;font-size:11pt;line-height:19.7625px;font-family:Calibri, 'Calibri_EmbeddedFont', 'Calibri_MSFontService', sans-serif;\">\u00a0<\/span><\/p>\n<\/p><\/div>\n<div class=\"OutlineElement Ltr SCXW19140717 BCX8\" style=\"margin:0px;padding:0px;clear:both;\">\n<p class=\"Paragraph SCXW19140717 BCX8\" xml:lang=\"pt-br\" lang=\"pt-br\" style=\"margin:0px;padding:0px;vertical-align:baseline;\"><span xml:lang=\"en-us\" lang=\"en-us\" class=\"TextRun SCXW19140717 BCX8\" style=\"margin:0px;padding:0px;color:#173c56;font-size:11pt;line-height:19.7625px;font-family:Calibri, 'Calibri_EmbeddedFont', 'Calibri_MSFontService', sans-serif;font-weight:bold;\">AL\u00c9RGICOS:\u00a0<\/span><span xml:lang=\"en-us\" lang=\"en-us\" class=\"TextRun SCXW19140717 BCX8\" style=\"margin:0px;padding:0px;color:#173c56;font-size:11pt;line-height:19.7625px;font-family:Calibri, 'Calibri_EmbeddedFont', 'Calibri_MSFontService', sans-serif;\">CONT\u00c9M DERIVADOS DE TRIGO. PODE CONTER LEITE, SOJA, CENTEIO, CEVADA E AVEIA. CONT\u00c9M GL\u00daTEN.<\/span><span class=\"EOP SCXW19140717 BCX8\" style=\"margin:0px;padding:0px;font-size:11pt;line-height:19.7625px;font-family:Calibri, 'Calibri_EmbeddedFont', 'Calibri_MSFontService', sans-serif;color:#173c56;\"> <\/span><\/p>\n<\/p><\/div>\n<\/p><\/div>\n","protected":false},"excerpt":{"rendered":"<div class=\"OutlineElement Ltr SCXW35523948 BCX8\" style=\"margin:0px;padding:0px;clear:both;font-family:'Segoe UI', 'Segoe UI Web', Arial, Verdana, sans-serif;font-size:12px;background-color:#ffffff;\">\n<p class=\"Paragraph SCXW35523948 BCX8\" xml:lang=\"pt-br\" lang=\"pt-br\" style=\"margin:0px 0px 17.6px;padding:0px;vertical-align:baseline;\"><span xml:lang=\"pt-br\" lang=\"pt-br\" class=\"TextRun SCXW35523948 BCX8\" style=\"margin:0px;padding:0px;color:#173c56;font-size:11pt;line-height:19.7625px;font-family:Calibri, 'Calibri_EmbeddedFont', 'Calibri_MSFontService', sans-serif;\"><span class=\"NormalTextRun SCXW35523948 BCX8\" style=\"margin:0px;padding:0px;\">. <\/span><span class=\"NormalTextRun SCXW35523948 BCX8\" style=\"margin:0px;padding:0px;\">I<\/span><span class=\"NormalTextRun SCXW35523948 BCX8\" style=\"margin:0px;padding:0px;\">ndicado para crian\u00e7as a partir de 6 meses. <\/span><\/span><span class=\"EOP SCXW35523948 BCX8\" style=\"margin:0px;padding:0px;font-size:11pt;line-height:19.7625px;font-family:Calibri, 'Calibri_EmbeddedFont', 'Calibri_MSFontService', sans-serif;color:#173c56;\">\u00a0<\/span><\/p>\n<\/p><\/div>\n<div class=\"OutlineElement Ltr SCXW35523948 BCX8\" style=\"margin:0px;padding:0px;clear:both;font-family:'Segoe UI', 'Segoe UI Web', Arial, Verdana, sans-serif;font-size:12px;background-color:#ffffff;\">\n<p class=\"Paragraph SCXW35523948 BCX8\" xml:lang=\"pt-br\" lang=\"pt-br\" style=\"margin:0px 0px 17.6px;padding:0px;vertical-align:baseline;\"><span xml:lang=\"pt-br\" lang=\"pt-br\" class=\"TextRun SCXW35523948 BCX8\" style=\"margin:0px;padding:0px;color:#173c56;font-size:11pt;line-height:19.7625px;font-family:Calibri, 'Calibri_EmbeddedFont', 'Calibri_MSFontService', sans-serif;\"><span class=\"NormalTextRun SCXW35523948 BCX8\" style=\"margin:0px;padding:0px;\">. <\/span><span class=\"NormalTextRun SCXW35523948 BCX8\" style=\"margin:0px;padding:0px;\">R<\/span><span class=\"NormalTextRun SCXW35523948 BCX8\" style=\"margin:0px;padding:0px;\">ico em nutrientes que contribuem para a Imunidade e Desenvolvimento.<\/span><\/span><span class=\"EOP SCXW35523948 BCX8\" style=\"margin:0px;padding:0px;font-size:11pt;line-height:19.7625px;font-family:Calibri, 'Calibri_EmbeddedFont', 'Calibri_MSFontService', sans-serif;color:#173c56;\">\u00a0<\/span><\/p>\n<\/p><\/div>\n<div class=\"OutlineElement Ltr SCXW35523948 BCX8\" style=\"margin:0px;padding:0px;clear:both;font-family:'Segoe UI', 'Segoe UI Web', Arial, Verdana, sans-serif;font-size:12px;background-color:#ffffff;\">\n<p class=\"Paragraph SCXW35523948 BCX8\" xml:lang=\"pt-br\" lang=\"pt-br\" style=\"margin:0px 0px 17.6px;padding:0px;vertical-align:baseline;\"><span xml:lang=\"pt-br\" lang=\"pt-br\" class=\"TextRun SCXW35523948 BCX8\" style=\"margin:0px;padding:0px;color:#173c56;font-size:11pt;line-height:19.7625px;font-family:Calibri, 'Calibri_EmbeddedFont', 'Calibri_MSFontService', sans-serif;\"><span class=\"NormalTextRun SCXW35523948 BCX8\" style=\"margin:0px;padding:0px;\">. <\/span><span class=\"NormalTextRun SCXW35523948 BCX8\" style=\"margin:0px;padding:0px;\">Vitaminas <\/span><span class=\"NormalTextRun ContextualSpellingAndGrammarErrorV2Themed SCXW35523948 BCX8\" style=\"margin:0px;padding:0px;background-position:0px 100%;background-repeat:repeat-x;border-bottom:1px solid transparent;\">A,C<\/span><span class=\"NormalTextRun SCXW35523948 BCX8\" style=\"margin:0px;padding:0px;\">,<\/span><span class=\"NormalTextRun ContextualSpellingAndGrammarErrorV2Themed SCXW35523948 BCX8\" style=\"margin:0px;padding:0px;background-position:0px 100%;background-repeat:repeat-x;border-bottom:1px solid transparent;\">D,E<\/span><span class=\"NormalTextRun SCXW35523948 BCX8\" style=\"margin:0px;padding:0px;\">,B9 (\u00c1CIDO F\u00d3LICO), FERRO E ZINCO <\/span><\/span><span class=\"EOP SCXW35523948 BCX8\" style=\"margin:0px;padding:0px;font-size:11pt;line-height:19.7625px;font-family:Calibri, 'Calibri_EmbeddedFont', 'Calibri_MSFontService', sans-serif;color:#173c56;\"> <\/span><\/p>\n<\/p><\/div>\n","protected":false},"author":43533,"featured_media":192860,"comment_status":"open","ping_status":"closed","template":"","meta":[],"pwb-brand":[],"product_brand":[],"product_cat":[8289,8293,8401,8577,8347],"product_tag":[],"class_list":{"0":"post-210928","1":"product","2":"type-product","3":"status-publish","4":"has-post-thumbnail","6":"product_cat-inicio","7":"product_cat-produtos-brasileiros","8":"product_cat-mercearia-pt-pt","9":"product_cat-cereais","10":"product_cat-vegetariano","12":"first","13":"instock","14":"taxable","15":"shipping-taxable","16":"purchasable","17":"product-type-simple"},"aioseo_notices":[],"brands":[],"_links":{"self":[{"href":"https:\/\/www.delicias-uk.com\/pt-pt\/wp-json\/wp\/v2\/product\/210928","targetHints":{"allow":["GET"]}}],"collection":[{"href":"https:\/\/www.delicias-uk.com\/pt-pt\/wp-json\/wp\/v2\/product"}],"about":[{"href":"https:\/\/www.delicias-uk.com\/pt-pt\/wp-json\/wp\/v2\/types\/product"}],"author":[{"embeddable":true,"href":"https:\/\/www.delicias-uk.com\/pt-pt\/wp-json\/wp\/v2\/users\/43533"}],"replies":[{"embeddable":true,"href":"https:\/\/www.delicias-uk.com\/pt-pt\/wp-json\/wp\/v2\/comments?post=210928"}],"wp:featuredmedia":[{"embeddable":true,"href":"https:\/\/www.delicias-uk.com\/pt-pt\/wp-json\/wp\/v2\/media\/192860"}],"wp:attachment":[{"href":"https:\/\/www.delicias-uk.com\/pt-pt\/wp-json\/wp\/v2\/media?parent=210928"}],"wp:term":[{"taxonomy":"pwb-brand","embeddable":true,"href":"https:\/\/www.delicias-uk.com\/pt-pt\/wp-json\/wp\/v2\/pwb-brand?post=210928"},{"taxonomy":"product_brand","embeddable":true,"href":"https:\/\/www.delicias-uk.com\/pt-pt\/wp-json\/wp\/v2\/product_brand?post=210928"},{"taxonomy":"product_cat","embeddable":true,"href":"https:\/\/www.delicias-uk.com\/pt-pt\/wp-json\/wp\/v2\/product_cat?post=210928"},{"taxonomy":"product_tag","embeddable":true,"href":"https:\/\/www.delicias-uk.com\/pt-pt\/wp-json\/wp\/v2\/product_tag?post=210928"}],"curies":[{"name":"wp","href":"https:\/\/api.w.org\/{rel}","templated":true}]}}