{"id":210908,"date":"2025-03-11T15:28:03","date_gmt":"2025-03-11T15:28:03","guid":{"rendered":"https:\/\/www.delicias-uk.com\/?post_type=product&#038;p=210908"},"modified":"2025-04-07T14:37:58","modified_gmt":"2025-04-07T13:37:58","slug":"sazon-tempero-toque-de-limao-60g","status":"publish","type":"product","link":"https:\/\/www.delicias-uk.com\/pt-pt\/produto\/sazon-tempero-toque-de-limao-60g\/","title":{"rendered":"Sazon Tempero Toque De Limao 60g"},"content":{"rendered":"<p style=\"margin-top: 0pt; margin-bottom: 0pt; margin-left: 0in; text-align: left;\"><span style=\"font-size: 12pt; font-family: Calibri; color: #000000;\">Tempero toque de Limao<\/span><span style=\"font-size: 12pt; font-family: Calibri; color: #000000;\">.<\/span><\/p>\n<p style=\"margin-top: 0pt; margin-bottom: 0pt; margin-left: 0in; text-align: left;\"><span style=\"font-size: 12pt; font-family: Calibri; color: #000000;\">\u00a0<\/span><span style=\"font-size: 12pt; font-family: Calibri; color: #000000;\">Os temperos SAZ\u00d3N \u2122 s\u00e3o uma mistura de condimentos secos especialmente selecionados para dar cor e sabor aos seus pratos.<\/span><\/p>\n<p style=\"margin-top: 0pt; margin-bottom: 0pt; margin-left: 0in; text-align: left;\"><span style=\"font-size: 12pt; font-family: Calibri; color: #000000;\"><span class=\"TextRun SCXW216951858 BCX8\" lang=\"pt-br\" style=\"margin: 0px; padding: 0px; background-color: #ffffff; font-size: 11pt; line-height: 19.7625px; font-family: Calibri, 'Calibri_EmbeddedFont', 'Calibri_MSFontService', sans-serif;\" xml:lang=\"pt-br\"><span class=\"NormalTextRun SCXW216951858 BCX8\" style=\"margin: 0px; padding: 0px;\">A comida caseira vai ficar ainda melhor e mais apetitosa com SAZ\u00d3N\u00ae! Uma combina\u00e7\u00e3o de temperos, cor, aroma e sabor, dando aos seus pratos aquele toque de um verdadeiro chef! Feito com ingredientes de alt\u00edssima qualidade, SAZ\u00d3N<\/span><span class=\"NormalTextRun ContextualSpellingAndGrammarErrorV2Themed SCXW216951858 BCX8\" style=\"margin: 0px; padding: 0px; background-position: 0px 100%; background-repeat: repeat-x; border-bottom: 1px solid transparent;\">\u00ae \u00a0\u00e9<\/span><span class=\"NormalTextRun SCXW216951858 BCX8\" style=\"margin: 0px; padding: 0px;\"> perfeito para preparar e temperar <\/span><span class=\"NormalTextRun SCXW216951858 BCX8\" style=\"margin: 0px; padding: 0px;\">seus <\/span><span class=\"NormalTextRun ContextualSpellingAndGrammarErrorV2Themed SCXW216951858 BCX8\" style=\"margin: 0px; padding: 0px; background-position: 0px 100%; background-repeat: repeat-x; border-bottom: 1px solid transparent;\">pratos <\/span><span class=\"NormalTextRun ContextualSpellingAndGrammarErrorV2Themed SCXW216951858 BCX8\" style=\"margin: 0px; padding: 0px; background-position: 0px 100%; background-repeat: repeat-x; border-bottom: 1px solid transparent;\"> e<\/span><span class=\"NormalTextRun SCXW216951858 BCX8\" style=\"margin: 0px; padding: 0px;\"> muito mais<\/span><span class=\"NormalTextRun SCXW216951858 BCX8\" style=\"margin: 0px; padding: 0px;\"> comidas<\/span><span class=\"NormalTextRun SCXW216951858 BCX8\" style=\"margin: 0px; padding: 0px;\">. Com uma f\u00f3rmula \u00fanica, este tempero vai deixar o seu alimento com uma bel\u00edssima cor e um gostinho de quero mais! T\u00e1 esperando o que? Deixe seus pratos ainda mais atraentes, deliciosos e com toque caseiro, de maneira r\u00e1pida e f\u00e1cil com SAZ\u00d3N\u00ae!<\/span><\/span> <\/span><\/p>\n","protected":false},"excerpt":{"rendered":"<div class=\"OutlineElement Ltr SCXW72656028 BCX8\" style=\"margin: 0px; padding: 0px; clear: both; font-family: 'Segoe UI', 'Segoe UI Web', Arial, Verdana, sans-serif; font-size: 12px; background-color: #ffffff;\">\n<p class=\"Paragraph SCXW72656028 BCX8\" lang=\"pt-br\" style=\"margin: 0px 0px 10.6667px; padding: 0px; vertical-align: baseline; background-color: transparent;\" xml:lang=\"pt-br\"><span class=\"TextRun SCXW72656028 BCX8\" lang=\"pt-br\" style=\"margin: 0px; padding: 0px; color: #2e2e2e; font-size: 11pt; line-height: 19.7625px; font-family: Calibri, 'Calibri_EmbeddedFont', 'Calibri_MSFontService', sans-serif;\" xml:lang=\"pt-br\"><span class=\"NormalTextRun SCXW72656028 BCX8\" style=\"margin: 0px; padding: 0px;\">. <\/span><span class=\"NormalTextRun SCXW72656028 BCX8\" style=\"margin: 0px; padding: 0px;\">SAZ\u00d3N\u00ae\u202f\u00e9 feito com temperos \u00e0 base de ervas desidratadas e condimentos como alho e cebola<\/span><\/span><span class=\"EOP SCXW72656028 BCX8\" style=\"margin: 0px; padding: 0px; font-size: 11pt; line-height: 19.7625px; font-family: Calibri, 'Calibri_EmbeddedFont', 'Calibri_MSFontService', sans-serif; color: #2e2e2e;\">\u00a0<\/span><\/p>\n<\/div>\n<div class=\"OutlineElement Ltr SCXW72656028 BCX8\" style=\"margin: 0px; padding: 0px; clear: both; font-family: 'Segoe UI', 'Segoe UI Web', Arial, Verdana, sans-serif; font-size: 12px; background-color: #ffffff;\">\n<p class=\"Paragraph SCXW72656028 BCX8\" lang=\"pt-br\" style=\"margin: 0px 0px 10.6667px; padding: 0px; vertical-align: baseline;\" xml:lang=\"pt-br\"><span class=\"TextRun SCXW72656028 BCX8\" lang=\"pt-br\" style=\"margin: 0px; padding: 0px; font-size: 11pt; line-height: 19.7625px; font-family: Calibri, 'Calibri_EmbeddedFont', 'Calibri_MSFontService', sans-serif;\" xml:lang=\"pt-br\"><span class=\"NormalTextRun SCXW72656028 BCX8\" style=\"margin: 0px; padding: 0px;\">. <\/span><span class=\"NormalTextRun SCXW72656028 BCX8\" style=\"margin: 0px; padding: 0px;\">Feito com ingredientes de alt\u00edssima qualidade<\/span><span class=\"NormalTextRun SCXW72656028 BCX8\" style=\"margin: 0px; padding: 0px;\">\u00a0<\/span><\/span><span class=\"EOP SCXW72656028 BCX8\" style=\"margin: 0px; padding: 0px; font-size: 11pt; line-height: 19.7625px; font-family: Calibri, 'Calibri_EmbeddedFont', 'Calibri_MSFontService', sans-serif;\">\u00a0<\/span><\/p>\n<\/div>\n<div class=\"OutlineElement Ltr SCXW72656028 BCX8\" style=\"margin: 0px; padding: 0px; clear: both; font-family: 'Segoe UI', 'Segoe UI Web', Arial, Verdana, sans-serif; font-size: 12px; background-color: #ffffff;\">\n<p class=\"Paragraph SCXW72656028 BCX8\" lang=\"pt-br\" style=\"margin: 0px 0px 10.6667px; padding: 0px; vertical-align: baseline; background-color: transparent;\" xml:lang=\"pt-br\"><span class=\"TextRun SCXW72656028 BCX8\" lang=\"pt-br\" style=\"margin: 0px; padding: 0px; font-size: 11pt; line-height: 19.7625px; font-family: Calibri, 'Calibri_EmbeddedFont', 'Calibri_MSFontService', sans-serif;\" xml:lang=\"pt-br\"><span class=\"NormalTextRun SCXW72656028 BCX8\" style=\"margin: 0px; padding: 0px;\">. <\/span><span class=\"NormalTextRun SCXW72656028 BCX8\" style=\"margin: 0px; padding: 0px;\">AL\u00c9RGICOS: cont\u00e9m derivado de soja<\/span><\/span><\/p>\n<\/div>\n","protected":false},"author":43533,"featured_media":222930,"comment_status":"open","ping_status":"closed","template":"","meta":[],"pwb-brand":[],"product_brand":[],"product_cat":[8289,8293,8409,8507,8499],"product_tag":[],"class_list":{"0":"post-210908","1":"product","2":"type-product","3":"status-publish","4":"has-post-thumbnail","6":"product_cat-inicio","7":"product_cat-produtos-brasileiros","8":"product_cat-temperos-molhos-e-legumes","9":"product_cat-temperos","10":"product_cat-sem-glutem","12":"first","13":"instock","14":"taxable","15":"shipping-taxable","16":"purchasable","17":"product-type-simple"},"aioseo_notices":[],"brands":[],"_links":{"self":[{"href":"https:\/\/www.delicias-uk.com\/pt-pt\/wp-json\/wp\/v2\/product\/210908","targetHints":{"allow":["GET"]}}],"collection":[{"href":"https:\/\/www.delicias-uk.com\/pt-pt\/wp-json\/wp\/v2\/product"}],"about":[{"href":"https:\/\/www.delicias-uk.com\/pt-pt\/wp-json\/wp\/v2\/types\/product"}],"author":[{"embeddable":true,"href":"https:\/\/www.delicias-uk.com\/pt-pt\/wp-json\/wp\/v2\/users\/43533"}],"replies":[{"embeddable":true,"href":"https:\/\/www.delicias-uk.com\/pt-pt\/wp-json\/wp\/v2\/comments?post=210908"}],"wp:featuredmedia":[{"embeddable":true,"href":"https:\/\/www.delicias-uk.com\/pt-pt\/wp-json\/wp\/v2\/media\/222930"}],"wp:attachment":[{"href":"https:\/\/www.delicias-uk.com\/pt-pt\/wp-json\/wp\/v2\/media?parent=210908"}],"wp:term":[{"taxonomy":"pwb-brand","embeddable":true,"href":"https:\/\/www.delicias-uk.com\/pt-pt\/wp-json\/wp\/v2\/pwb-brand?post=210908"},{"taxonomy":"product_brand","embeddable":true,"href":"https:\/\/www.delicias-uk.com\/pt-pt\/wp-json\/wp\/v2\/product_brand?post=210908"},{"taxonomy":"product_cat","embeddable":true,"href":"https:\/\/www.delicias-uk.com\/pt-pt\/wp-json\/wp\/v2\/product_cat?post=210908"},{"taxonomy":"product_tag","embeddable":true,"href":"https:\/\/www.delicias-uk.com\/pt-pt\/wp-json\/wp\/v2\/product_tag?post=210908"}],"curies":[{"name":"wp","href":"https:\/\/api.w.org\/{rel}","templated":true}]}}