{"id":210904,"date":"2017-11-01T15:39:15","date_gmt":"2017-11-01T15:39:15","guid":{"rendered":"https:\/\/www.delicias-uk.com\/product\/sazon-tempero-p-arroz-branco-60gr-x-1-2\/"},"modified":"2026-04-07T13:51:31","modified_gmt":"2026-04-07T12:51:31","slug":"sazon-tempero-p-arroz-branco-60gr-x-1-2","status":"publish","type":"product","link":"https:\/\/www.delicias-uk.com\/pt-pt\/produto\/sazon-tempero-p-arroz-branco-60gr-x-1-2\/","title":{"rendered":"Sazon Tempero Para Arroz (Branco) 60g"},"content":{"rendered":"<p style=\"margin-top:0pt;margin-bottom:0pt;margin-left:0in;text-align:left;\"><span style=\"font-size:12pt;font-family:Calibri;color:#000000;\">Tem<\/span><span style=\"font-size:12pt;font-family:Calibri;color:#000000;\">pero<\/span><span style=\"font-size:12pt;font-family:Calibri;color:#000000;\"> <\/span><span style=\"font-size:12pt;font-family:Calibri;color:#000000;\">para<\/span><span style=\"font-size:12pt;font-family:Calibri;color:#000000;\"> <\/span><span style=\"font-size:12pt;font-family:Calibri;color:#000000;\">arroz<\/span><span style=\"font-size:12pt;font-family:Calibri;color:#000000;\">.<\/span><\/p>\n<p style=\"margin-top:0pt;margin-bottom:0pt;margin-left:0in;text-align:left;\"><span style=\"font-size:12pt;font-family:Calibri;color:#000000;\"><span>\u00a0<\/span><\/span><span style=\"font-size:12pt;font-family:Calibri;color:#000000;\">Os temperos SAZ\u00d3N \u2122 s\u00e3o uma mistura de condimentos secos especialmente selecionados para dar cor e sabor aos seus pratos.<\/span><\/p>\n<p style=\"margin-top:0pt;margin-bottom:0pt;margin-left:0in;text-align:left;\"><span style=\"font-size:12pt;font-family:Calibri;color:#000000;\"><\/span><\/p>\n<p style=\"margin-top:0pt;margin-bottom:0pt;margin-left:0in;text-align:left;\"><strong><span style=\"font-size:12pt;font-family:Calibri;color:#000000;\"><span xml:lang=\"pt-br\" lang=\"pt-br\" class=\"TextRun SCXW264671713 BCX8\" style=\"margin:0px;padding:0px;background-color:#ffffff;font-size:11pt;line-height:19.7625px;font-family:Calibri, 'Calibri_EmbeddedFont', 'Calibri_MSFontService', sans-serif;\"><span class=\"NormalTextRun SCXW264671713 BCX8\" style=\"margin:0px;padding:0px;\">A comida caseira vai ficar ainda melhor e mais apetitosa com SAZ\u00d3N\u00ae! Uma combina\u00e7\u00e3o de temperos, cor, aroma e sabor, dando aos seus pratos aquele toque de um verdadeiro chef! Feito com ingredientes de alt\u00edssima qualidade, SAZ\u00d3N\u00ae para Arroz \u00e9 perfeito para preparar e temperar arroz e muito mais. Com uma f\u00f3rmula \u00fanica, este tempero vai deixar o seu alimento com uma bel\u00edssima cor e um gostinho de quero mais! T\u00e1 esperando o que? Deixe seus pratos ainda mais atraentes, deliciosos e com toque caseiro, de maneira r\u00e1pida e f\u00e1cil com SAZ\u00d3N\u00ae!<\/span><\/span><span class=\"EOP SCXW264671713 BCX8\" style=\"margin:0px;padding:0px;background-color:#ffffff;font-size:11pt;line-height:19.7625px;font-family:Calibri, 'Calibri_EmbeddedFont', 'Calibri_MSFontService', sans-serif;\"> <\/span><\/span><\/strong><\/p>\n<p style=\"margin-top:0pt;margin-bottom:0pt;margin-left:0in;text-align:left;\"><span style=\"font-size:12pt;font-family:Calibri;color:#000000;\"><\/span><\/p>\n","protected":false},"excerpt":{"rendered":"<div class=\"OutlineElement Ltr SCXW255280450 BCX8\" style=\"margin:0px;padding:0px;clear:both;font-family:'Segoe UI', 'Segoe UI Web', Arial, Verdana, sans-serif;font-size:12px;background-color:#ffffff;\">\n<p class=\"Paragraph SCXW255280450 BCX8\" xml:lang=\"pt-br\" lang=\"pt-br\" style=\"margin:0px 0px 10.6667px;padding:0px;vertical-align:baseline;background-color:transparent;\"><span xml:lang=\"pt-br\" lang=\"pt-br\" class=\"TextRun SCXW255280450 BCX8\" style=\"margin:0px;padding:0px;font-size:11pt;line-height:19.7625px;font-family:Calibri, 'Calibri_EmbeddedFont', 'Calibri_MSFontService', sans-serif;\">Feito com ingredientes de alt\u00edssima qualidade<\/span><span class=\"EOP SCXW255280450 BCX8\" style=\"margin:0px;padding:0px;font-size:11pt;line-height:19.7625px;font-family:Calibri, 'Calibri_EmbeddedFont', 'Calibri_MSFontService', sans-serif;\">\u00a0<\/span><\/p>\n<\/p><\/div>\n<div class=\"OutlineElement Ltr SCXW255280450 BCX8\" style=\"margin:0px;padding:0px;clear:both;font-family:'Segoe UI', 'Segoe UI Web', Arial, Verdana, sans-serif;font-size:12px;background-color:#ffffff;\">\n<p class=\"Paragraph SCXW255280450 BCX8\" xml:lang=\"pt-br\" lang=\"pt-br\" style=\"margin:0px 0px 10.6667px;padding:0px;vertical-align:baseline;background-color:transparent;\"><span xml:lang=\"pt-br\" lang=\"pt-br\" class=\"TextRun SCXW255280450 BCX8\" style=\"margin:0px;padding:0px;font-size:11pt;line-height:19.7625px;font-family:Calibri, 'Calibri_EmbeddedFont', 'Calibri_MSFontService', sans-serif;\">feito com temperos \u00e0 base de ervas desidratadas\u00a0<\/span><span xml:lang=\"pt-br\" lang=\"pt-br\" class=\"TextRun SCXW255280450 BCX8\" style=\"margin:0px;padding:0px;font-size:11pt;line-height:19.7625px;font-family:Calibri, 'Calibri_EmbeddedFont', 'Calibri_MSFontService', sans-serif;\"> <\/span><span class=\"EOP SCXW255280450 BCX8\" style=\"margin:0px;padding:0px;font-size:11pt;line-height:19.7625px;font-family:Calibri, 'Calibri_EmbeddedFont', 'Calibri_MSFontService', sans-serif;\">\u00a0<\/span><\/p>\n<\/p><\/div>\n<div class=\"OutlineElement Ltr SCXW255280450 BCX8\" style=\"margin:0px;padding:0px;clear:both;font-family:'Segoe UI', 'Segoe UI Web', Arial, Verdana, sans-serif;font-size:12px;background-color:#ffffff;\">\n<p class=\"Paragraph SCXW255280450 BCX8\" xml:lang=\"pt-br\" lang=\"pt-br\" style=\"margin:0px 0px 10.6667px;padding:0px;vertical-align:baseline;background-color:transparent;\"><span xml:lang=\"pt-br\" lang=\"pt-br\" class=\"TextRun SCXW255280450 BCX8\" style=\"margin:0px;padding:0px;font-size:11pt;line-height:19.7625px;font-family:Calibri, 'Calibri_EmbeddedFont', 'Calibri_MSFontService', sans-serif;\">AL\u00c9RGICOS: cont\u00e9m derivado de soja<\/span><span class=\"EOP SCXW255280450 BCX8\" style=\"margin:0px;padding:0px;font-size:11pt;line-height:19.7625px;font-family:Calibri, 'Calibri_EmbeddedFont', 'Calibri_MSFontService', sans-serif;\"> <\/span><\/p>\n<\/p><\/div>\n","protected":false},"author":43533,"featured_media":57480,"comment_status":"open","ping_status":"closed","template":"","meta":[],"pwb-brand":[],"product_brand":[],"product_cat":[8289,8293,8409,8507,8499],"product_tag":[],"class_list":{"0":"post-210904","1":"product","2":"type-product","3":"status-publish","4":"has-post-thumbnail","6":"product_cat-inicio","7":"product_cat-produtos-brasileiros","8":"product_cat-temperos-molhos-e-legumes","9":"product_cat-temperos","10":"product_cat-sem-glutem","12":"first","13":"instock","14":"taxable","15":"shipping-taxable","16":"purchasable","17":"product-type-simple"},"aioseo_notices":[],"brands":[],"_links":{"self":[{"href":"https:\/\/www.delicias-uk.com\/pt-pt\/wp-json\/wp\/v2\/product\/210904","targetHints":{"allow":["GET"]}}],"collection":[{"href":"https:\/\/www.delicias-uk.com\/pt-pt\/wp-json\/wp\/v2\/product"}],"about":[{"href":"https:\/\/www.delicias-uk.com\/pt-pt\/wp-json\/wp\/v2\/types\/product"}],"author":[{"embeddable":true,"href":"https:\/\/www.delicias-uk.com\/pt-pt\/wp-json\/wp\/v2\/users\/43533"}],"replies":[{"embeddable":true,"href":"https:\/\/www.delicias-uk.com\/pt-pt\/wp-json\/wp\/v2\/comments?post=210904"}],"wp:featuredmedia":[{"embeddable":true,"href":"https:\/\/www.delicias-uk.com\/pt-pt\/wp-json\/wp\/v2\/media\/57480"}],"wp:attachment":[{"href":"https:\/\/www.delicias-uk.com\/pt-pt\/wp-json\/wp\/v2\/media?parent=210904"}],"wp:term":[{"taxonomy":"pwb-brand","embeddable":true,"href":"https:\/\/www.delicias-uk.com\/pt-pt\/wp-json\/wp\/v2\/pwb-brand?post=210904"},{"taxonomy":"product_brand","embeddable":true,"href":"https:\/\/www.delicias-uk.com\/pt-pt\/wp-json\/wp\/v2\/product_brand?post=210904"},{"taxonomy":"product_cat","embeddable":true,"href":"https:\/\/www.delicias-uk.com\/pt-pt\/wp-json\/wp\/v2\/product_cat?post=210904"},{"taxonomy":"product_tag","embeddable":true,"href":"https:\/\/www.delicias-uk.com\/pt-pt\/wp-json\/wp\/v2\/product_tag?post=210904"}],"curies":[{"name":"wp","href":"https:\/\/api.w.org\/{rel}","templated":true}]}}