{"id":210894,"date":"2017-11-01T15:39:15","date_gmt":"2017-11-01T15:39:15","guid":{"rendered":"https:\/\/www.delicias-uk.com\/product\/gelatina-zero-framboesa-dr-oetker-12gr-x-1-2\/"},"modified":"2025-11-06T19:25:46","modified_gmt":"2025-11-06T19:25:46","slug":"gelatina-zero-framboesa-dr-oetker-12gr-x-1-2","status":"publish","type":"product","link":"https:\/\/www.delicias-uk.com\/pt-pt\/produto\/gelatina-zero-framboesa-dr-oetker-12gr-x-1-2\/","title":{"rendered":"Gelatina Zero de Framboesa Dr. Oetker 12g"},"content":{"rendered":"<div class=\"OutlineElement Ltr SCXW253302308 BCX8\" style=\"margin:0px;padding:0px;clear:both;font-family:'Segoe UI', 'Segoe UI Web', Arial, Verdana, sans-serif;font-size:12px;background-color:#ffffff;\">\n<p class=\"Paragraph SCXW253302308 BCX8\" xml:lang=\"pt-br\" lang=\"pt-br\" style=\"margin:0px 0px 10.6667px;padding:0px;vertical-align:baseline;background-color:transparent;\"><span xml:lang=\"pt-br\" lang=\"pt-br\" class=\"TextRun SCXW253302308 BCX8\" style=\"margin:0px;padding:0px;color:#292b29;font-size:12pt;line-height:23.25px;font-family:Calibri, 'Calibri_EmbeddedFont', 'Calibri_MSFontService', sans-serif;\"><span class=\"NormalTextRun SCXW253302308 BCX8\" style=\"margin:0px;padding:0px;\">Nossa gelatina zero sabor framboesa \u00e9 a op\u00e7\u00e3o perfeita para quem quer saborear uma sobremesa leve e refrescante, sem <\/span><span class=\"NormalTextRun AdvancedProofingIssueV2Themed SCXW253302308 BCX8\" style=\"margin:0px;padding:0px;background-position:0px 100%;background-repeat:repeat-x;border-bottom:1px solid transparent;\">abrir m\u00e3o do<\/span><span class=\"NormalTextRun SCXW253302308 BCX8\" style=\"margin:0px;padding:0px;\"> sabor. Ela \u00e9 zero a\u00e7\u00facar e possui apenas 9 calorias por por\u00e7\u00e3o!<\/span><\/span><span class=\"EOP SCXW253302308 BCX8\" style=\"margin:0px;padding:0px;font-size:12pt;line-height:23.25px;font-family:Calibri, 'Calibri_EmbeddedFont', 'Calibri_MSFontService', sans-serif;color:#292b29;\">\u00a0<\/span><\/p>\n<\/p><\/div>\n<div class=\"OutlineElement Ltr SCXW253302308 BCX8\" style=\"margin:0px;padding:0px;clear:both;font-family:'Segoe UI', 'Segoe UI Web', Arial, Verdana, sans-serif;font-size:12px;background-color:#ffffff;\">\n<p class=\"Paragraph SCXW253302308 BCX8\" xml:lang=\"pt-br\" lang=\"pt-br\" style=\"margin:0px 0px 10.6667px;padding:0px;vertical-align:baseline;background-color:transparent;\"><span xml:lang=\"pt-br\" lang=\"pt-br\" class=\"TextRun SCXW253302308 BCX8\" style=\"margin:0px;padding:0px;font-size:11pt;line-height:19.7625px;font-family:Calibri, 'Calibri_EmbeddedFont', 'Calibri_MSFontService', sans-serif;\">Como preparar<\/span><span class=\"EOP SCXW253302308 BCX8\" style=\"margin:0px;padding:0px;font-size:11pt;line-height:19.7625px;font-family:Calibri, 'Calibri_EmbeddedFont', 'Calibri_MSFontService', sans-serif;\">\u00a0<\/span><\/p>\n<\/p><\/div>\n<div class=\"OutlineElement Ltr SCXW253302308 BCX8\" style=\"margin:0px;padding:0px;clear:both;font-family:'Segoe UI', 'Segoe UI Web', Arial, Verdana, sans-serif;font-size:12px;background-color:#ffffff;\">\n<p class=\"Paragraph SCXW253302308 BCX8\" xml:lang=\"pt-br\" lang=\"pt-br\" style=\"margin:0px 0px 10.6667px;padding:0px;vertical-align:baseline;background-color:transparent;\"><span xml:lang=\"pt-br\" lang=\"pt-br\" class=\"TextRun SCXW253302308 BCX8\" style=\"margin:0px;padding:0px;font-size:11pt;line-height:19.7625px;font-family:Calibri, 'Calibri_EmbeddedFont', 'Calibri_MSFontService', sans-serif;\">Dissolva o conte\u00fado deste pacote em 250 ml (1\/4 de litro) de \u00e1gua fervente. Adicione mais 250 ml de \u00e1gua fria ou gelada e coloque em ta\u00e7as. Leve \u00e0 geladeira at\u00e9 adquirir consist\u00eancia.<\/span><span class=\"EOP SCXW253302308 BCX8\" style=\"margin:0px;padding:0px;font-size:11pt;line-height:19.7625px;font-family:Calibri, 'Calibri_EmbeddedFont', 'Calibri_MSFontService', sans-serif;\"> <\/span><\/p>\n<\/p><\/div>\n","protected":false},"excerpt":{"rendered":"<div class=\"OutlineElement Ltr SCXW32541573 BCX8\" style=\"margin:0px;padding:0px;clear:both;font-family:'Segoe UI', 'Segoe UI Web', Arial, Verdana, sans-serif;font-size:12px;background-color:#ffffff;\">\n<p class=\"Paragraph SCXW32541573 BCX8\" xml:lang=\"pt-br\" lang=\"pt-br\" style=\"margin:0px 0px 10.6667px;padding:0px;vertical-align:baseline;background-color:transparent;\"><span xml:lang=\"en-us\" lang=\"en-us\" class=\"TextRun SCXW32541573 BCX8\" style=\"margin:0px;padding:0px;font-size:11pt;line-height:19.7625px;font-family:Calibri, 'Calibri_EmbeddedFont', 'Calibri_MSFontService', sans-serif;\"><span class=\"NormalTextRun SCXW32541573 BCX8\" style=\"margin:0px;padding:0px;\">. <\/span><span class=\"NormalTextRun SpellingErrorV2Themed SCXW32541573 BCX8\" style=\"margin:0px;padding:0px;background-position:0px 100%;background-repeat:repeat-x;border-bottom:1px solid transparent;\">Sobremesa<\/span><span class=\"NormalTextRun SCXW32541573 BCX8\" style=\"margin:0px;padding:0px;\"> <\/span><span class=\"NormalTextRun SpellingErrorV2Themed SCXW32541573 BCX8\" style=\"margin:0px;padding:0px;background-position:0px 100%;background-repeat:repeat-x;border-bottom:1px solid transparent;\">em<\/span><span class=\"NormalTextRun SCXW32541573 BCX8\" style=\"margin:0px;padding:0px;\"> <\/span><span class=\"NormalTextRun SpellingErrorV2Themed SCXW32541573 BCX8\" style=\"margin:0px;padding:0px;background-position:0px 100%;background-repeat:repeat-x;border-bottom:1px solid transparent;\">p\u00f3<\/span><span class=\"NormalTextRun SCXW32541573 BCX8\" style=\"margin:0px;padding:0px;\">\u00a0<\/span><\/span><span class=\"EOP SCXW32541573 BCX8\" style=\"margin:0px;padding:0px;font-size:11pt;line-height:19.7625px;font-family:Calibri, 'Calibri_EmbeddedFont', 'Calibri_MSFontService', sans-serif;\">\u00a0<\/span><\/p>\n<\/p><\/div>\n<div class=\"OutlineElement Ltr SCXW32541573 BCX8\" style=\"margin:0px;padding:0px;clear:both;font-family:'Segoe UI', 'Segoe UI Web', Arial, Verdana, sans-serif;font-size:12px;background-color:#ffffff;\">\n<p class=\"Paragraph SCXW32541573 BCX8\" xml:lang=\"pt-br\" lang=\"pt-br\" style=\"margin:0px 0px 10.6667px;padding:0px;vertical-align:baseline;background-color:transparent;\"><span xml:lang=\"en-us\" lang=\"en-us\" class=\"TextRun SCXW32541573 BCX8\" style=\"margin:0px;padding:0px;font-size:11pt;line-height:19.7625px;font-family:Calibri, 'Calibri_EmbeddedFont', 'Calibri_MSFontService', sans-serif;\"><span class=\"NormalTextRun SCXW32541573 BCX8\" style=\"margin:0px;padding:0px;\">. Simples <\/span><span class=\"NormalTextRun SpellingErrorV2Themed SCXW32541573 BCX8\" style=\"margin:0px;padding:0px;background-position:0px 100%;background-repeat:repeat-x;border-bottom:1px solid transparent;\">Preparo<\/span><span class=\"NormalTextRun SCXW32541573 BCX8\" style=\"margin:0px;padding:0px;\">\u00a0<\/span><\/span><span class=\"EOP SCXW32541573 BCX8\" style=\"margin:0px;padding:0px;font-size:11pt;line-height:19.7625px;font-family:Calibri, 'Calibri_EmbeddedFont', 'Calibri_MSFontService', sans-serif;\">\u00a0<\/span><\/p>\n<\/p><\/div>\n<div class=\"OutlineElement Ltr SCXW32541573 BCX8\" style=\"margin:0px;padding:0px;clear:both;font-family:'Segoe UI', 'Segoe UI Web', Arial, Verdana, sans-serif;font-size:12px;background-color:#ffffff;\">\n<p class=\"Paragraph SCXW32541573 BCX8\" xml:lang=\"pt-br\" lang=\"pt-br\" style=\"margin:0px 0px 10.6667px;padding:0px;vertical-align:baseline;background-color:transparent;\"><span xml:lang=\"en-us\" lang=\"en-us\" class=\"TextRun SCXW32541573 BCX8\" style=\"margin:0px;padding:0px;font-size:11pt;line-height:19.7625px;font-family:Calibri, 'Calibri_EmbeddedFont', 'Calibri_MSFontService', sans-serif;\"><span class=\"NormalTextRun SCXW32541573 BCX8\" style=\"margin:0px;padding:0px;\">. <\/span><span class=\"NormalTextRun SpellingErrorV2Themed SCXW32541573 BCX8\" style=\"margin:0px;padding:0px;background-position:0px 100%;background-repeat:repeat-x;border-bottom:1px solid transparent;\">Consistencia<\/span><span class=\"NormalTextRun SCXW32541573 BCX8\" style=\"margin:0px;padding:0px;\"> e Sabor<\/span><\/span><span class=\"EOP SCXW32541573 BCX8\" style=\"margin:0px;padding:0px;font-size:11pt;line-height:19.7625px;font-family:Calibri, 'Calibri_EmbeddedFont', 'Calibri_MSFontService', sans-serif;\"> <\/span><\/p>\n<\/p><\/div>\n","protected":false},"author":43533,"featured_media":57460,"comment_status":"open","ping_status":"closed","template":"","meta":[],"pwb-brand":[],"product_brand":[],"product_cat":[8293,8597,8315,8573],"product_tag":[],"class_list":{"0":"post-210894","1":"product","2":"type-product","3":"status-publish","4":"has-post-thumbnail","6":"product_cat-produtos-brasileiros","7":"product_cat-doces-tradicionais-amendoim","8":"product_cat-free-from-pt-pt","9":"product_cat-sem-acucar","11":"first","12":"instock","13":"taxable","14":"shipping-taxable","15":"purchasable","16":"product-type-simple"},"aioseo_notices":[],"brands":[],"_links":{"self":[{"href":"https:\/\/www.delicias-uk.com\/pt-pt\/wp-json\/wp\/v2\/product\/210894","targetHints":{"allow":["GET"]}}],"collection":[{"href":"https:\/\/www.delicias-uk.com\/pt-pt\/wp-json\/wp\/v2\/product"}],"about":[{"href":"https:\/\/www.delicias-uk.com\/pt-pt\/wp-json\/wp\/v2\/types\/product"}],"author":[{"embeddable":true,"href":"https:\/\/www.delicias-uk.com\/pt-pt\/wp-json\/wp\/v2\/users\/43533"}],"replies":[{"embeddable":true,"href":"https:\/\/www.delicias-uk.com\/pt-pt\/wp-json\/wp\/v2\/comments?post=210894"}],"wp:featuredmedia":[{"embeddable":true,"href":"https:\/\/www.delicias-uk.com\/pt-pt\/wp-json\/wp\/v2\/media\/57460"}],"wp:attachment":[{"href":"https:\/\/www.delicias-uk.com\/pt-pt\/wp-json\/wp\/v2\/media?parent=210894"}],"wp:term":[{"taxonomy":"pwb-brand","embeddable":true,"href":"https:\/\/www.delicias-uk.com\/pt-pt\/wp-json\/wp\/v2\/pwb-brand?post=210894"},{"taxonomy":"product_brand","embeddable":true,"href":"https:\/\/www.delicias-uk.com\/pt-pt\/wp-json\/wp\/v2\/product_brand?post=210894"},{"taxonomy":"product_cat","embeddable":true,"href":"https:\/\/www.delicias-uk.com\/pt-pt\/wp-json\/wp\/v2\/product_cat?post=210894"},{"taxonomy":"product_tag","embeddable":true,"href":"https:\/\/www.delicias-uk.com\/pt-pt\/wp-json\/wp\/v2\/product_tag?post=210894"}],"curies":[{"name":"wp","href":"https:\/\/api.w.org\/{rel}","templated":true}]}}