{"id":210888,"date":"2017-11-01T15:39:15","date_gmt":"2017-11-01T15:39:15","guid":{"rendered":"https:\/\/www.delicias-uk.com\/product\/cha-matte-leao-limao-sachet-40g-x-25\/"},"modified":"2026-02-24T11:49:28","modified_gmt":"2026-02-24T11:49:28","slug":"cha-matte-leao-limao-sachet-40g-x-25","status":"publish","type":"product","link":"https:\/\/www.delicias-uk.com\/pt-pt\/produto\/cha-matte-leao-limao-sachet-40g-x-25\/","title":{"rendered":"Ch\u00e1 Matte Le\u00e3o Lim\u00e3o Saqueta 30g x 25"},"content":{"rendered":"<p>\u00c9 o Matte que todo mundo conhece, na vers\u00e3o em sach\u00ea, pronto para infus\u00e3o, de f\u00e1cil preparo, ideal para consumo individual.<\/p>\n<\/p>\n<p><strong>Ingredientes:<\/strong> FOLHAS DE MATE TOSTADO (llex paraguariensis St. Hil), CASCAS DE LIM\u00c3O-DOCE (Citrus limonium Risso), CASCAS DE LARANJA DOCE (Citrus sinensis Osbeck) e AROMATIZANTE<\/p>\n<p><strong>Modo de Preparo:\u00a0<\/strong><\/p>\n<p>1. Coloque 1 sache de cha em 240ml de agua quente<\/p>\n<p>2. Deixe a infusao por 5 minutos<\/p>\n<p>3. Ja esta pronto! Mas se quiser, pode adocar<\/p><\/p>\n","protected":false},"excerpt":{"rendered":"<ul style=\"list-style-type:disc\">\n<li>Matte le\u00e3o original\u00a0<\/li>\n<li>Vers\u00e3o saquetas<\/li>\n<li>30g x 25<\/li>\n<li>Sem gl\u00faten<\/li>\n<\/ul>\n","protected":false},"author":43533,"featured_media":192812,"comment_status":"open","ping_status":"closed","template":"","meta":[],"pwb-brand":[],"product_brand":[],"product_cat":[8289,8293,8367,8501],"product_tag":[],"class_list":{"0":"post-210888","1":"product","2":"type-product","3":"status-publish","4":"has-post-thumbnail","6":"product_cat-inicio","7":"product_cat-produtos-brasileiros","8":"product_cat-cafe-cha-acucar-pt-pt","9":"product_cat-cha","11":"first","12":"instock","13":"taxable","14":"shipping-taxable","15":"purchasable","16":"product-type-simple"},"aioseo_notices":[],"brands":[],"_links":{"self":[{"href":"https:\/\/www.delicias-uk.com\/pt-pt\/wp-json\/wp\/v2\/product\/210888","targetHints":{"allow":["GET"]}}],"collection":[{"href":"https:\/\/www.delicias-uk.com\/pt-pt\/wp-json\/wp\/v2\/product"}],"about":[{"href":"https:\/\/www.delicias-uk.com\/pt-pt\/wp-json\/wp\/v2\/types\/product"}],"author":[{"embeddable":true,"href":"https:\/\/www.delicias-uk.com\/pt-pt\/wp-json\/wp\/v2\/users\/43533"}],"replies":[{"embeddable":true,"href":"https:\/\/www.delicias-uk.com\/pt-pt\/wp-json\/wp\/v2\/comments?post=210888"}],"wp:featuredmedia":[{"embeddable":true,"href":"https:\/\/www.delicias-uk.com\/pt-pt\/wp-json\/wp\/v2\/media\/192812"}],"wp:attachment":[{"href":"https:\/\/www.delicias-uk.com\/pt-pt\/wp-json\/wp\/v2\/media?parent=210888"}],"wp:term":[{"taxonomy":"pwb-brand","embeddable":true,"href":"https:\/\/www.delicias-uk.com\/pt-pt\/wp-json\/wp\/v2\/pwb-brand?post=210888"},{"taxonomy":"product_brand","embeddable":true,"href":"https:\/\/www.delicias-uk.com\/pt-pt\/wp-json\/wp\/v2\/product_brand?post=210888"},{"taxonomy":"product_cat","embeddable":true,"href":"https:\/\/www.delicias-uk.com\/pt-pt\/wp-json\/wp\/v2\/product_cat?post=210888"},{"taxonomy":"product_tag","embeddable":true,"href":"https:\/\/www.delicias-uk.com\/pt-pt\/wp-json\/wp\/v2\/product_tag?post=210888"}],"curies":[{"name":"wp","href":"https:\/\/api.w.org\/{rel}","templated":true}]}}