{"id":210860,"date":"2017-11-01T15:39:15","date_gmt":"2017-11-01T15:39:15","guid":{"rendered":"https:\/\/www.delicias-uk.com\/product\/trigo-para-kibe-amafil-500g\/"},"modified":"2025-09-03T23:20:29","modified_gmt":"2025-09-03T22:20:29","slug":"trigo-para-kibe-amafil-500g","status":"publish","type":"product","link":"https:\/\/www.delicias-uk.com\/pt-pt\/produto\/trigo-para-kibe-amafil-500g\/","title":{"rendered":"Trigo Para Kibe Amafil 500g"},"content":{"rendered":"<p>\u00c9 um produto 100% natural, obtido a partir do cozimento do gr\u00e3o de trigo com posterior secagem e moagem. O &#8220;Quibe&#8221; \u00e9 um prato t\u00edpico do Oriente M\u00e9dio que consiste em um bolinho recheado com carne e temperado com ervas que pode ser servido cru, cozido ou frito.<\/p>\n","protected":false},"excerpt":{"rendered":"<div class=\"OutlineElement Ltr SCXW116787517 BCX8\" style=\"margin:0px;padding:0px;clear:both;font-family:'Segoe UI', 'Segoe UI Web', Arial, Verdana, sans-serif;font-size:12px;background-color:#ffffff;\">\n<p class=\"Paragraph SCXW116787517 BCX8\" xml:lang=\"pt-br\" lang=\"pt-br\" style=\"margin:0px 0px 10.6667px;padding:0px;vertical-align:baseline;background-color:transparent;\"><span xml:lang=\"pt-br\" lang=\"pt-br\" class=\"TextRun SCXW116787517 BCX8\" style=\"margin:0px;padding:0px;color:#474747;font-size:11pt;line-height:19.7625px;font-family:Calibri, 'Calibri_EmbeddedFont', 'Calibri_MSFontService', sans-serif;\">. \u00f3timo teor de prote\u00ednas<\/span><span class=\"EOP SCXW116787517 BCX8\" style=\"margin:0px;padding:0px;font-size:11pt;line-height:19.7625px;font-family:Calibri, 'Calibri_EmbeddedFont', 'Calibri_MSFontService', sans-serif;color:#474747;\">\u00a0<\/span><\/p>\n<\/p><\/div>\n<div class=\"OutlineElement Ltr SCXW116787517 BCX8\" style=\"margin:0px;padding:0px;clear:both;font-family:'Segoe UI', 'Segoe UI Web', Arial, Verdana, sans-serif;font-size:12px;background-color:#ffffff;\">\n<p class=\"Paragraph SCXW116787517 BCX8\" xml:lang=\"pt-br\" lang=\"pt-br\" style=\"margin:0px 0px 10.6667px;padding:0px;vertical-align:baseline;background-color:transparent;\"><span xml:lang=\"pt-br\" lang=\"pt-br\" class=\"TextRun SCXW116787517 BCX8\" style=\"margin:0px;padding:0px;color:#242835;font-size:11pt;line-height:19.7625px;font-family:Calibri, 'Calibri_EmbeddedFont', 'Calibri_MSFontService', sans-serif;\">. rico em carboidratos,<\/span><span class=\"EOP SCXW116787517 BCX8\" style=\"margin:0px;padding:0px;font-size:11pt;line-height:19.7625px;font-family:Calibri, 'Calibri_EmbeddedFont', 'Calibri_MSFontService', sans-serif;color:#242835;\">\u00a0<\/span><\/p>\n<\/p><\/div>\n<div class=\"OutlineElement Ltr SCXW116787517 BCX8\" style=\"margin:0px;padding:0px;clear:both;font-family:'Segoe UI', 'Segoe UI Web', Arial, Verdana, sans-serif;font-size:12px;background-color:#ffffff;\">\n<p class=\"Paragraph SCXW116787517 BCX8\" xml:lang=\"pt-br\" lang=\"pt-br\" style=\"margin:0px 0px 10.6667px;padding:0px;vertical-align:baseline;background-color:transparent;\"><span xml:lang=\"pt-br\" lang=\"pt-br\" class=\"TextRun SCXW116787517 BCX8\" style=\"margin:0px;padding:0px;color:#474747;font-size:11pt;line-height:19.7625px;font-family:Calibri, 'Calibri_EmbeddedFont', 'Calibri_MSFontService', sans-serif;\">. fornece muita energia<\/span><\/p>\n<\/p><\/div>\n","protected":false},"author":43533,"featured_media":225908,"comment_status":"open","ping_status":"closed","template":"","meta":[],"pwb-brand":[],"product_brand":[],"product_cat":[8289,8293,8401,8517,8859],"product_tag":[],"class_list":{"0":"post-210860","1":"product","2":"type-product","3":"status-publish","4":"has-post-thumbnail","6":"product_cat-inicio","7":"product_cat-produtos-brasileiros","8":"product_cat-mercearia-pt-pt","9":"product_cat-farinhas-e-graos","10":"product_cat-outras-farinhas","12":"first","13":"instock","14":"taxable","15":"shipping-taxable","16":"purchasable","17":"product-type-simple"},"aioseo_notices":[],"brands":[],"_links":{"self":[{"href":"https:\/\/www.delicias-uk.com\/pt-pt\/wp-json\/wp\/v2\/product\/210860","targetHints":{"allow":["GET"]}}],"collection":[{"href":"https:\/\/www.delicias-uk.com\/pt-pt\/wp-json\/wp\/v2\/product"}],"about":[{"href":"https:\/\/www.delicias-uk.com\/pt-pt\/wp-json\/wp\/v2\/types\/product"}],"author":[{"embeddable":true,"href":"https:\/\/www.delicias-uk.com\/pt-pt\/wp-json\/wp\/v2\/users\/43533"}],"replies":[{"embeddable":true,"href":"https:\/\/www.delicias-uk.com\/pt-pt\/wp-json\/wp\/v2\/comments?post=210860"}],"wp:featuredmedia":[{"embeddable":true,"href":"https:\/\/www.delicias-uk.com\/pt-pt\/wp-json\/wp\/v2\/media\/225908"}],"wp:attachment":[{"href":"https:\/\/www.delicias-uk.com\/pt-pt\/wp-json\/wp\/v2\/media?parent=210860"}],"wp:term":[{"taxonomy":"pwb-brand","embeddable":true,"href":"https:\/\/www.delicias-uk.com\/pt-pt\/wp-json\/wp\/v2\/pwb-brand?post=210860"},{"taxonomy":"product_brand","embeddable":true,"href":"https:\/\/www.delicias-uk.com\/pt-pt\/wp-json\/wp\/v2\/product_brand?post=210860"},{"taxonomy":"product_cat","embeddable":true,"href":"https:\/\/www.delicias-uk.com\/pt-pt\/wp-json\/wp\/v2\/product_cat?post=210860"},{"taxonomy":"product_tag","embeddable":true,"href":"https:\/\/www.delicias-uk.com\/pt-pt\/wp-json\/wp\/v2\/product_tag?post=210860"}],"curies":[{"name":"wp","href":"https:\/\/api.w.org\/{rel}","templated":true}]}}