{"id":210856,"date":"2017-11-01T15:39:15","date_gmt":"2017-11-01T15:39:15","guid":{"rendered":"https:\/\/www.delicias-uk.com\/product\/sagu-mandioca-amafil-500g-x-1-2\/"},"modified":"2025-07-05T13:08:06","modified_gmt":"2025-07-05T12:08:06","slug":"sagu-mandioca-amafil-500g-x-1-2","status":"publish","type":"product","link":"https:\/\/www.delicias-uk.com\/pt-pt\/produto\/sagu-mandioca-amafil-500g-x-1-2\/","title":{"rendered":"Sagu Mandioca Amafil 500G X 1"},"content":{"rendered":"<p style=\"margin-top:0pt;margin-bottom:0pt;margin-left:0in;text-align:left;\"><span style=\"font-size:12pt;font-family:Calibri;color:#000000;\">Sagu\u00a0\u00e9 uma subst\u00e2ncia amil\u00e1cea que pode ser preparada de diversos ingredientes. No Brasil \u00e9 feito a partir da f\u00e9cula de mandioca, uma farinha muito fina retirada dessa raiz.\u00a0 O\u00a0sagu\u00a0\u00e9 uma excelente fonte de carboidratos e de energia. Geralmente utilizado em sobremesas, sopas e receitas variadas onde e deixado de molho para absorver os sabores, inchando e tornando-se assim saboroso e macio.<span>\u00a0 <\/span><\/span><\/p>\n","protected":false},"excerpt":{"rendered":"<p>Sagu\u00a0\u00e9 uma subst\u00e2ncia amil\u00e1cea que pode ser preparada de diversos ingredientes. No Brasil \u00e9 feito a partir da f\u00e9cula de mandioca, uma farinha muito fina retirada dessa raiz.\u00a0 O\u00a0sagu\u00a0\u00e9 uma excelente fonte de carboidratos e de energia. Geralmente utilizado em sobremesas, sopas e receitas variadas onde e deixado de molho para absorver os sabores, inchando [&hellip;]<\/p>\n","protected":false},"author":43533,"featured_media":225894,"comment_status":"open","ping_status":"closed","template":"","meta":[],"pwb-brand":[],"product_brand":[],"product_cat":[8293,8597,8517,8875],"product_tag":[],"class_list":{"0":"post-210856","1":"product","2":"type-product","3":"status-publish","4":"has-post-thumbnail","6":"product_cat-produtos-brasileiros","7":"product_cat-doces-tradicionais-amendoim","8":"product_cat-farinhas-e-graos","9":"product_cat-graos","11":"first","12":"outofstock","13":"taxable","14":"shipping-taxable","15":"purchasable","16":"product-type-simple"},"aioseo_notices":[],"brands":[],"_links":{"self":[{"href":"https:\/\/www.delicias-uk.com\/pt-pt\/wp-json\/wp\/v2\/product\/210856","targetHints":{"allow":["GET"]}}],"collection":[{"href":"https:\/\/www.delicias-uk.com\/pt-pt\/wp-json\/wp\/v2\/product"}],"about":[{"href":"https:\/\/www.delicias-uk.com\/pt-pt\/wp-json\/wp\/v2\/types\/product"}],"author":[{"embeddable":true,"href":"https:\/\/www.delicias-uk.com\/pt-pt\/wp-json\/wp\/v2\/users\/43533"}],"replies":[{"embeddable":true,"href":"https:\/\/www.delicias-uk.com\/pt-pt\/wp-json\/wp\/v2\/comments?post=210856"}],"wp:featuredmedia":[{"embeddable":true,"href":"https:\/\/www.delicias-uk.com\/pt-pt\/wp-json\/wp\/v2\/media\/225894"}],"wp:attachment":[{"href":"https:\/\/www.delicias-uk.com\/pt-pt\/wp-json\/wp\/v2\/media?parent=210856"}],"wp:term":[{"taxonomy":"pwb-brand","embeddable":true,"href":"https:\/\/www.delicias-uk.com\/pt-pt\/wp-json\/wp\/v2\/pwb-brand?post=210856"},{"taxonomy":"product_brand","embeddable":true,"href":"https:\/\/www.delicias-uk.com\/pt-pt\/wp-json\/wp\/v2\/product_brand?post=210856"},{"taxonomy":"product_cat","embeddable":true,"href":"https:\/\/www.delicias-uk.com\/pt-pt\/wp-json\/wp\/v2\/product_cat?post=210856"},{"taxonomy":"product_tag","embeddable":true,"href":"https:\/\/www.delicias-uk.com\/pt-pt\/wp-json\/wp\/v2\/product_tag?post=210856"}],"curies":[{"name":"wp","href":"https:\/\/api.w.org\/{rel}","templated":true}]}}