{"id":210826,"date":"2017-11-01T15:39:14","date_gmt":"2017-11-01T15:39:14","guid":{"rendered":"https:\/\/www.delicias-uk.com\/product\/arroz-camil-parboilizado-tipo-1-1kg\/"},"modified":"2025-10-27T16:48:26","modified_gmt":"2025-10-27T16:48:26","slug":"arroz-camil-parboilizado-tipo-1-1kg","status":"publish","type":"product","link":"https:\/\/www.delicias-uk.com\/pt-pt\/produto\/arroz-camil-parboilizado-tipo-1-1kg\/","title":{"rendered":"Arroz Parbolizado Camil Tipo 1 1kg"},"content":{"rendered":"<p style=\"margin-top:0pt;margin-bottom:0pt;margin-left:0in;text-align:left\"><span style=\"font-size:12pt;font-family:Calibri;color:#000000\">O arroz parboilizado passa por um processo que cozinha o gr\u00e3o dentro da sua pr\u00f3pria casca, utilizando apenas \u00e1gua e calor, sem adi\u00e7\u00e3o de produtos qu\u00edmicos. Assim, o gr\u00e3o absorve os nutrientes da casca do arroz, deixando-o mais nutritivo. Esse processo tamb\u00e9m deixa o gr\u00e3o \u00edntegro e mais soltinho no cozimento, proporcionando um \u00f3timo resultado na sua receita. Alto teor de carboidratos, vitaminas do complexo B, fibras eminerais.<\/span><\/p>\n","protected":false},"excerpt":{"rendered":"<p>50\u2022Sem adi\u00e7\u00e3o de produtos quimicos 39<\/p>\n<p>\u2022Rico em vitaminas B e fibras<\/p>\n<p>\u2022Fonte de energia<\/p>\n<p>\u2022N\u00e3o cont\u00e9m gl\u00faten<\/p>\n<p>\u2022N\u00e3o precisa lavar nem escolher<\/p><\/p>\n","protected":false},"author":43533,"featured_media":82776,"comment_status":"open","ping_status":"closed","template":"","meta":[],"pwb-brand":[],"product_brand":[],"product_cat":[8289,8293,8401,8483,8747],"product_tag":[],"class_list":{"0":"post-210826","1":"product","2":"type-product","3":"status-publish","4":"has-post-thumbnail","6":"product_cat-inicio","7":"product_cat-produtos-brasileiros","8":"product_cat-mercearia-pt-pt","9":"product_cat-feijao-arroz","10":"product_cat-arroz-pt-pt","12":"first","13":"instock","14":"taxable","15":"shipping-taxable","16":"purchasable","17":"product-type-simple"},"aioseo_notices":[],"brands":[],"_links":{"self":[{"href":"https:\/\/www.delicias-uk.com\/pt-pt\/wp-json\/wp\/v2\/product\/210826","targetHints":{"allow":["GET"]}}],"collection":[{"href":"https:\/\/www.delicias-uk.com\/pt-pt\/wp-json\/wp\/v2\/product"}],"about":[{"href":"https:\/\/www.delicias-uk.com\/pt-pt\/wp-json\/wp\/v2\/types\/product"}],"author":[{"embeddable":true,"href":"https:\/\/www.delicias-uk.com\/pt-pt\/wp-json\/wp\/v2\/users\/43533"}],"replies":[{"embeddable":true,"href":"https:\/\/www.delicias-uk.com\/pt-pt\/wp-json\/wp\/v2\/comments?post=210826"}],"wp:featuredmedia":[{"embeddable":true,"href":"https:\/\/www.delicias-uk.com\/pt-pt\/wp-json\/wp\/v2\/media\/82776"}],"wp:attachment":[{"href":"https:\/\/www.delicias-uk.com\/pt-pt\/wp-json\/wp\/v2\/media?parent=210826"}],"wp:term":[{"taxonomy":"pwb-brand","embeddable":true,"href":"https:\/\/www.delicias-uk.com\/pt-pt\/wp-json\/wp\/v2\/pwb-brand?post=210826"},{"taxonomy":"product_brand","embeddable":true,"href":"https:\/\/www.delicias-uk.com\/pt-pt\/wp-json\/wp\/v2\/product_brand?post=210826"},{"taxonomy":"product_cat","embeddable":true,"href":"https:\/\/www.delicias-uk.com\/pt-pt\/wp-json\/wp\/v2\/product_cat?post=210826"},{"taxonomy":"product_tag","embeddable":true,"href":"https:\/\/www.delicias-uk.com\/pt-pt\/wp-json\/wp\/v2\/product_tag?post=210826"}],"curies":[{"name":"wp","href":"https:\/\/api.w.org\/{rel}","templated":true}]}}