{"id":210812,"date":"2017-11-01T15:39:14","date_gmt":"2017-11-01T15:39:14","guid":{"rendered":"https:\/\/www.delicias-uk.com\/product\/cocada-cremosa-sococo-335g\/"},"modified":"2025-02-06T17:19:23","modified_gmt":"2025-02-06T17:19:23","slug":"cocada-cremosa-sococo-335g","status":"publish","type":"product","link":"https:\/\/www.delicias-uk.com\/pt-pt\/produto\/cocada-cremosa-sococo-335g\/","title":{"rendered":"Cocada Cremosa Sococo 335g"},"content":{"rendered":"<p>J\u00e1 imaginou o inigual\u00e1vel sabor do doce de coco, acrescentado a uma consist\u00eancia cremosa? O Doce de Coco Sococo Cremoso \u00e9 um apetitoso produto pronto para ser consumido puro ou para real\u00e7ar o sabor de outros pratos.<\/p>\n","protected":false},"excerpt":{"rendered":"<p><\/p>\n","protected":false},"author":43533,"featured_media":82752,"comment_status":"open","ping_status":"closed","template":"","meta":[],"pwb-brand":[],"product_brand":[],"product_cat":[8289,8293,8385,8543,8499,8347],"product_tag":[],"class_list":{"0":"post-210812","1":"product","2":"type-product","3":"status-publish","4":"has-post-thumbnail","6":"product_cat-inicio","7":"product_cat-produtos-brasileiros","8":"product_cat-confeitaria-pt-pt","9":"product_cat-produtos-derivados-do-coco","10":"product_cat-sem-glutem","11":"product_cat-vegetariano","13":"first","14":"instock","15":"taxable","16":"shipping-taxable","17":"purchasable","18":"product-type-simple"},"aioseo_notices":[],"brands":[],"_links":{"self":[{"href":"https:\/\/www.delicias-uk.com\/pt-pt\/wp-json\/wp\/v2\/product\/210812","targetHints":{"allow":["GET"]}}],"collection":[{"href":"https:\/\/www.delicias-uk.com\/pt-pt\/wp-json\/wp\/v2\/product"}],"about":[{"href":"https:\/\/www.delicias-uk.com\/pt-pt\/wp-json\/wp\/v2\/types\/product"}],"author":[{"embeddable":true,"href":"https:\/\/www.delicias-uk.com\/pt-pt\/wp-json\/wp\/v2\/users\/43533"}],"replies":[{"embeddable":true,"href":"https:\/\/www.delicias-uk.com\/pt-pt\/wp-json\/wp\/v2\/comments?post=210812"}],"wp:featuredmedia":[{"embeddable":true,"href":"https:\/\/www.delicias-uk.com\/pt-pt\/wp-json\/wp\/v2\/media\/82752"}],"wp:attachment":[{"href":"https:\/\/www.delicias-uk.com\/pt-pt\/wp-json\/wp\/v2\/media?parent=210812"}],"wp:term":[{"taxonomy":"pwb-brand","embeddable":true,"href":"https:\/\/www.delicias-uk.com\/pt-pt\/wp-json\/wp\/v2\/pwb-brand?post=210812"},{"taxonomy":"product_brand","embeddable":true,"href":"https:\/\/www.delicias-uk.com\/pt-pt\/wp-json\/wp\/v2\/product_brand?post=210812"},{"taxonomy":"product_cat","embeddable":true,"href":"https:\/\/www.delicias-uk.com\/pt-pt\/wp-json\/wp\/v2\/product_cat?post=210812"},{"taxonomy":"product_tag","embeddable":true,"href":"https:\/\/www.delicias-uk.com\/pt-pt\/wp-json\/wp\/v2\/product_tag?post=210812"}],"curies":[{"name":"wp","href":"https:\/\/api.w.org\/{rel}","templated":true}]}}