{"id":210808,"date":"2017-11-01T15:39:14","date_gmt":"2017-11-01T15:39:14","guid":{"rendered":"https:\/\/www.delicias-uk.com\/product\/goiabada-predilecta-cremosa-in-jar-320gr-x-1-2\/"},"modified":"2026-04-10T17:51:38","modified_gmt":"2026-04-10T16:51:38","slug":"goiabada-predilecta-cremosa-in-jar-230gr-x-1-2","status":"publish","type":"product","link":"https:\/\/www.delicias-uk.com\/pt-pt\/produto\/goiabada-predilecta-cremosa-in-jar-230gr-x-1-2\/","title":{"rendered":"Goiabada Cremosa Predilecta Frasco 230g"},"content":{"rendered":"<p>A Goiabada Cremosa Predilecta \u00e9 daquelas que quem prova uma vez, n\u00e3o quer saber de outra. Com a mesma qualidade que voc\u00ea j\u00e1 conhece da Goiabada Cl\u00e1ssica, essa vers\u00e3o traz ainda mais sabor e versatilidade para o dia a dia. Seja na cobertura do bolo de fub\u00e1 ou no fondue, a nossa Goiabada Cremosa com certeza vai te conquistar com sua cremosidade \u00fanica e sabor marcante.<\/p>\n<p><strong>Ingredientes: <\/strong>Polpa de goiaba, a\u00e7\u00facar e acidulante \u00e1cido c\u00edtrico. N\u00e3o cont\u00e9m gl\u00faten.<\/p>\n","protected":false},"excerpt":{"rendered":"<ul style=\"list-style-type: disc;\">\n<li>Peso l\u00edquido 230g<\/li>\n<li>Fonte de vitamina C<\/li>\n<li>Isento de gl\u00faten<\/li>\n<li>Produto Brasileiro<\/li>\n<\/ul>\n","protected":false},"author":43533,"featured_media":228053,"comment_status":"open","ping_status":"closed","template":"","meta":[],"pwb-brand":[],"product_brand":[],"product_cat":[8289,8293,8385,8597],"product_tag":[],"class_list":{"0":"post-210808","1":"product","2":"type-product","3":"status-publish","4":"has-post-thumbnail","6":"product_cat-inicio","7":"product_cat-produtos-brasileiros","8":"product_cat-confeitaria-pt-pt","9":"product_cat-doces-tradicionais-amendoim","11":"first","12":"instock","13":"taxable","14":"shipping-taxable","15":"purchasable","16":"product-type-simple"},"aioseo_notices":[],"brands":[],"_links":{"self":[{"href":"https:\/\/www.delicias-uk.com\/pt-pt\/wp-json\/wp\/v2\/product\/210808","targetHints":{"allow":["GET"]}}],"collection":[{"href":"https:\/\/www.delicias-uk.com\/pt-pt\/wp-json\/wp\/v2\/product"}],"about":[{"href":"https:\/\/www.delicias-uk.com\/pt-pt\/wp-json\/wp\/v2\/types\/product"}],"author":[{"embeddable":true,"href":"https:\/\/www.delicias-uk.com\/pt-pt\/wp-json\/wp\/v2\/users\/43533"}],"replies":[{"embeddable":true,"href":"https:\/\/www.delicias-uk.com\/pt-pt\/wp-json\/wp\/v2\/comments?post=210808"}],"wp:featuredmedia":[{"embeddable":true,"href":"https:\/\/www.delicias-uk.com\/pt-pt\/wp-json\/wp\/v2\/media\/228053"}],"wp:attachment":[{"href":"https:\/\/www.delicias-uk.com\/pt-pt\/wp-json\/wp\/v2\/media?parent=210808"}],"wp:term":[{"taxonomy":"pwb-brand","embeddable":true,"href":"https:\/\/www.delicias-uk.com\/pt-pt\/wp-json\/wp\/v2\/pwb-brand?post=210808"},{"taxonomy":"product_brand","embeddable":true,"href":"https:\/\/www.delicias-uk.com\/pt-pt\/wp-json\/wp\/v2\/product_brand?post=210808"},{"taxonomy":"product_cat","embeddable":true,"href":"https:\/\/www.delicias-uk.com\/pt-pt\/wp-json\/wp\/v2\/product_cat?post=210808"},{"taxonomy":"product_tag","embeddable":true,"href":"https:\/\/www.delicias-uk.com\/pt-pt\/wp-json\/wp\/v2\/product_tag?post=210808"}],"curies":[{"name":"wp","href":"https:\/\/api.w.org\/{rel}","templated":true}]}}