{"id":210806,"date":"2017-11-01T15:39:14","date_gmt":"2017-11-01T15:39:14","guid":{"rendered":"https:\/\/www.delicias-uk.com\/product\/feijao-carioca-seco-camil-1kg\/"},"modified":"2026-03-30T09:03:38","modified_gmt":"2026-03-30T08:03:38","slug":"feijao-carioca-camil-1kg","status":"publish","type":"product","link":"https:\/\/www.delicias-uk.com\/pt-pt\/produto\/feijao-carioca-camil-1kg\/","title":{"rendered":"Feij\u00e3o Carioca Camil 1kg"},"content":{"rendered":"<p>Quem \u00e9 que n\u00e3o conhece o feij\u00e3o nosso de cada dia! O feij\u00e3o carioca conquistou seu lugar na mesa do brasileiro e habitualmente acompanha aquele delicioso arroz com sabor de fam\u00edlia.<\/p>\n<p>Parte da hist\u00f3ria, da cultura e do dia a dia de milhares de brasileiros, o feij\u00e3o carioca \u00e9 riqu\u00edssimo em ferro e prote\u00edna vegetal. As prote\u00ednas auxiliam na manuten\u00e7\u00e3o e no ganho de m\u00fasculos. E, para completar, o feij\u00e3o carioca \u00e9 fonte de fibras que contribuem para a saciedade e auxiliam no controle da libera\u00e7\u00e3o do a\u00e7\u00facar no sangue e no funcionamento intestinal.<\/p>\n<p>\u00c9 hora de conhecer o Feij\u00e3o Carioca Camil e engrossar esse caldo com sabor e um toque de carinho e cuidado em todos os momentos ao redor da mesa.<\/p>\n<ul>\n<li>Rico em prote\u00edna vegetal;<\/li>\n<li>Fonte de ferro;<\/li>\n<li>Textura macia e saborosa.<\/li>\n<\/ul>\n","protected":false},"excerpt":{"rendered":"<ul style=\"list-style-type: disc\">\n<li>Peso l\u00edquido 1kg<\/li>\n<li>Rico em ferro e prote\u00edna vegetal<\/li>\n<li>Fonte de fibras<\/li>\n<li>Produto Brasileiro<\/li>\n<\/ul>\n","protected":false},"author":43533,"featured_media":82741,"comment_status":"open","ping_status":"closed","template":"","meta":[],"pwb-brand":[],"product_brand":[],"product_cat":[8289,8293,8401,8483,8709],"product_tag":[],"class_list":{"0":"post-210806","1":"product","2":"type-product","3":"status-publish","4":"has-post-thumbnail","6":"product_cat-inicio","7":"product_cat-produtos-brasileiros","8":"product_cat-mercearia-pt-pt","9":"product_cat-feijao-arroz","10":"product_cat-feijao-pt-pt","12":"first","13":"instock","14":"taxable","15":"shipping-taxable","16":"purchasable","17":"product-type-simple"},"aioseo_notices":[],"brands":[],"_links":{"self":[{"href":"https:\/\/www.delicias-uk.com\/pt-pt\/wp-json\/wp\/v2\/product\/210806","targetHints":{"allow":["GET"]}}],"collection":[{"href":"https:\/\/www.delicias-uk.com\/pt-pt\/wp-json\/wp\/v2\/product"}],"about":[{"href":"https:\/\/www.delicias-uk.com\/pt-pt\/wp-json\/wp\/v2\/types\/product"}],"author":[{"embeddable":true,"href":"https:\/\/www.delicias-uk.com\/pt-pt\/wp-json\/wp\/v2\/users\/43533"}],"replies":[{"embeddable":true,"href":"https:\/\/www.delicias-uk.com\/pt-pt\/wp-json\/wp\/v2\/comments?post=210806"}],"wp:featuredmedia":[{"embeddable":true,"href":"https:\/\/www.delicias-uk.com\/pt-pt\/wp-json\/wp\/v2\/media\/82741"}],"wp:attachment":[{"href":"https:\/\/www.delicias-uk.com\/pt-pt\/wp-json\/wp\/v2\/media?parent=210806"}],"wp:term":[{"taxonomy":"pwb-brand","embeddable":true,"href":"https:\/\/www.delicias-uk.com\/pt-pt\/wp-json\/wp\/v2\/pwb-brand?post=210806"},{"taxonomy":"product_brand","embeddable":true,"href":"https:\/\/www.delicias-uk.com\/pt-pt\/wp-json\/wp\/v2\/product_brand?post=210806"},{"taxonomy":"product_cat","embeddable":true,"href":"https:\/\/www.delicias-uk.com\/pt-pt\/wp-json\/wp\/v2\/product_cat?post=210806"},{"taxonomy":"product_tag","embeddable":true,"href":"https:\/\/www.delicias-uk.com\/pt-pt\/wp-json\/wp\/v2\/product_tag?post=210806"}],"curies":[{"name":"wp","href":"https:\/\/api.w.org\/{rel}","templated":true}]}}