{"id":210802,"date":"2017-11-01T15:39:14","date_gmt":"2017-11-01T15:39:14","guid":{"rendered":"https:\/\/www.delicias-uk.com\/product\/feijao-coz-camil-carioca-pronto-p-temperar-490gr-x-1-2\/"},"modified":"2025-02-17T14:35:33","modified_gmt":"2025-02-17T14:35:33","slug":"feijao-coz-camil-carioca-pronto-p-temperar-490gr-x-1-2","status":"publish","type":"product","link":"https:\/\/www.delicias-uk.com\/pt-pt\/produto\/feijao-coz-camil-carioca-pronto-p-temperar-490gr-x-1-2\/","title":{"rendered":"Feij\u00e3o Carioca Camil Cozido Sem Tempero 490g"},"content":{"rendered":"<p>Feij\u00e3o Carioca Saud\u00e1vel, 100% natural. Cozido e pronto para temperar. Rico em prote\u00edna vegetal, fonte de ferro, textura macia e saborosa, embalagem f\u00e1cil de abrir sem gl\u00faten e pr\u00e1tica no dia a dia.<\/p>\n","protected":false},"excerpt":{"rendered":"<ul style=\"list-style-type: disc;\">\n<li>Cozido e pronto para temperar<\/li>\n<li>Rico em prote\u00edna vegetal<\/li>\n<li>Fonte de ferro<\/li>\n<li>Sem Gl\u00faten<\/li>\n<\/ul>\n","protected":false},"author":43533,"featured_media":82733,"comment_status":"open","ping_status":"closed","template":"","meta":[],"pwb-brand":[],"product_brand":[],"product_cat":[8289,8293,8401,8483,8709],"product_tag":[],"class_list":{"0":"post-210802","1":"product","2":"type-product","3":"status-publish","4":"has-post-thumbnail","6":"product_cat-inicio","7":"product_cat-produtos-brasileiros","8":"product_cat-mercearia-pt-pt","9":"product_cat-feijao-arroz","10":"product_cat-feijao-pt-pt","12":"first","13":"instock","14":"taxable","15":"shipping-taxable","16":"purchasable","17":"product-type-simple"},"aioseo_notices":[],"brands":[],"_links":{"self":[{"href":"https:\/\/www.delicias-uk.com\/pt-pt\/wp-json\/wp\/v2\/product\/210802","targetHints":{"allow":["GET"]}}],"collection":[{"href":"https:\/\/www.delicias-uk.com\/pt-pt\/wp-json\/wp\/v2\/product"}],"about":[{"href":"https:\/\/www.delicias-uk.com\/pt-pt\/wp-json\/wp\/v2\/types\/product"}],"author":[{"embeddable":true,"href":"https:\/\/www.delicias-uk.com\/pt-pt\/wp-json\/wp\/v2\/users\/43533"}],"replies":[{"embeddable":true,"href":"https:\/\/www.delicias-uk.com\/pt-pt\/wp-json\/wp\/v2\/comments?post=210802"}],"wp:featuredmedia":[{"embeddable":true,"href":"https:\/\/www.delicias-uk.com\/pt-pt\/wp-json\/wp\/v2\/media\/82733"}],"wp:attachment":[{"href":"https:\/\/www.delicias-uk.com\/pt-pt\/wp-json\/wp\/v2\/media?parent=210802"}],"wp:term":[{"taxonomy":"pwb-brand","embeddable":true,"href":"https:\/\/www.delicias-uk.com\/pt-pt\/wp-json\/wp\/v2\/pwb-brand?post=210802"},{"taxonomy":"product_brand","embeddable":true,"href":"https:\/\/www.delicias-uk.com\/pt-pt\/wp-json\/wp\/v2\/product_brand?post=210802"},{"taxonomy":"product_cat","embeddable":true,"href":"https:\/\/www.delicias-uk.com\/pt-pt\/wp-json\/wp\/v2\/product_cat?post=210802"},{"taxonomy":"product_tag","embeddable":true,"href":"https:\/\/www.delicias-uk.com\/pt-pt\/wp-json\/wp\/v2\/product_tag?post=210802"}],"curies":[{"name":"wp","href":"https:\/\/api.w.org\/{rel}","templated":true}]}}