{"id":210790,"date":"2017-11-01T15:39:14","date_gmt":"2017-11-01T15:39:14","guid":{"rendered":"https:\/\/www.delicias-uk.com\/product\/feijao-preto-camil-cozido-e-temperado-380g\/"},"modified":"2026-01-25T19:15:42","modified_gmt":"2026-01-25T19:15:42","slug":"feijao-preto-camil-cozido-e-temperado-380g","status":"publish","type":"product","link":"https:\/\/www.delicias-uk.com\/pt-pt\/produto\/feijao-preto-camil-cozido-e-temperado-380g\/","title":{"rendered":"Feij\u00e3o Preto Camil Cozido e Temperado 380g"},"content":{"rendered":"<p data-start=\"40\" data-end=\"244\">O Feij\u00e3o Preto Camil Cozido e Temperado 380g \u00e9 uma op\u00e7\u00e3o pr\u00e1tica e saborosa para quem busca uma refei\u00e7\u00e3o r\u00e1pida e nutritiva. Este produto j\u00e1 vem cozido e levemente temperado, pronto para consumo imediato. Rico em prote\u00edna vegetal, fonte de ferro, textura macia e saborosa, embalagem f\u00e1cil de abrir sem gl\u00faten e pr\u00e1tica no dia a dia.<\/p>\n<p data-start=\"246\" data-end=\"277\"><strong data-start=\"246\" data-end=\"277\">Caracter\u00edsticas principais:<\/strong><\/p>\n<ul data-start=\"279\" data-end=\"620\">\n<li data-start=\"279\" data-end=\"338\"><strong data-start=\"281\" data-end=\"297\">Praticidade:<\/strong> Basta aquecer e est\u00e1 pronto para servir.<\/li>\n<li data-start=\"339\" data-end=\"427\"><strong data-start=\"341\" data-end=\"355\">Embalagem:<\/strong> Caixa de 380g, f\u00e1cil de abrir e que conserva as propriedades do feij\u00e3o.<\/li>\n<li data-start=\"428\" data-end=\"531\"><strong data-start=\"430\" data-end=\"440\">Sabor:<\/strong> Temperado com alho, proporcionando um gosto caseiro.<\/li>\n<li data-start=\"532\" data-end=\"620\"><strong data-start=\"534\" data-end=\"547\">Nutri\u00e7\u00e3o:<\/strong> Fonte de prote\u00edna vegetal e ferro<\/li>\n<\/ul>\n","protected":false},"excerpt":{"rendered":"<ul style=\"list-style-type: disc;\">\n<li>Cozido e Temperado<\/li>\n<li>Rico em prote\u00edna vegetal<\/li>\n<li>Fonte de ferro<\/li>\n<li>Sem Gl\u00faten<\/li>\n<\/ul>\n","protected":false},"author":43533,"featured_media":82711,"comment_status":"open","ping_status":"closed","template":"","meta":[],"pwb-brand":[],"product_brand":[],"product_cat":[8289,8293,8401,8483,8709],"product_tag":[],"class_list":{"0":"post-210790","1":"product","2":"type-product","3":"status-publish","4":"has-post-thumbnail","6":"product_cat-inicio","7":"product_cat-produtos-brasileiros","8":"product_cat-mercearia-pt-pt","9":"product_cat-feijao-arroz","10":"product_cat-feijao-pt-pt","12":"first","13":"instock","14":"taxable","15":"shipping-taxable","16":"purchasable","17":"product-type-simple"},"aioseo_notices":[],"brands":[],"_links":{"self":[{"href":"https:\/\/www.delicias-uk.com\/pt-pt\/wp-json\/wp\/v2\/product\/210790","targetHints":{"allow":["GET"]}}],"collection":[{"href":"https:\/\/www.delicias-uk.com\/pt-pt\/wp-json\/wp\/v2\/product"}],"about":[{"href":"https:\/\/www.delicias-uk.com\/pt-pt\/wp-json\/wp\/v2\/types\/product"}],"author":[{"embeddable":true,"href":"https:\/\/www.delicias-uk.com\/pt-pt\/wp-json\/wp\/v2\/users\/43533"}],"replies":[{"embeddable":true,"href":"https:\/\/www.delicias-uk.com\/pt-pt\/wp-json\/wp\/v2\/comments?post=210790"}],"wp:featuredmedia":[{"embeddable":true,"href":"https:\/\/www.delicias-uk.com\/pt-pt\/wp-json\/wp\/v2\/media\/82711"}],"wp:attachment":[{"href":"https:\/\/www.delicias-uk.com\/pt-pt\/wp-json\/wp\/v2\/media?parent=210790"}],"wp:term":[{"taxonomy":"pwb-brand","embeddable":true,"href":"https:\/\/www.delicias-uk.com\/pt-pt\/wp-json\/wp\/v2\/pwb-brand?post=210790"},{"taxonomy":"product_brand","embeddable":true,"href":"https:\/\/www.delicias-uk.com\/pt-pt\/wp-json\/wp\/v2\/product_brand?post=210790"},{"taxonomy":"product_cat","embeddable":true,"href":"https:\/\/www.delicias-uk.com\/pt-pt\/wp-json\/wp\/v2\/product_cat?post=210790"},{"taxonomy":"product_tag","embeddable":true,"href":"https:\/\/www.delicias-uk.com\/pt-pt\/wp-json\/wp\/v2\/product_tag?post=210790"}],"curies":[{"name":"wp","href":"https:\/\/api.w.org\/{rel}","templated":true}]}}