{"id":210788,"date":"2017-11-01T15:39:14","date_gmt":"2017-11-01T15:39:14","guid":{"rendered":"https:\/\/www.delicias-uk.com\/product\/feijao-preto-seco-camil-1kg\/"},"modified":"2026-03-30T09:03:37","modified_gmt":"2026-03-30T08:03:37","slug":"feijao-preto-camil-1kg","status":"publish","type":"product","link":"https:\/\/www.delicias-uk.com\/pt-pt\/produto\/feijao-preto-camil-1kg\/","title":{"rendered":"Feij\u00e3o Preto Camil 1kg"},"content":{"rendered":"<p style=\"margin-top: 0pt;margin-bottom: 0pt;margin-left: 0in;text-align: left\">Muito usado no dia a dia, o feij\u00e3o preto conquistou seu lugar na mesa do brasileiro e habitualmente acompanha aquele delicioso arroz com sabor de fam\u00edlia. E, \u00e9 claro, quem resiste a uma feijoada ou um feij\u00e3o preto fresquinho caprichado no tempero? Al\u00e9m do sabor caracter\u00edstico, o feij\u00e3o preto possui antocianinas, que t\u00eam alto poder antioxidante, capaz de retardar o envelhecimento precoce e exercer efeito preventivo contra doen\u00e7as do cora\u00e7\u00e3o. O feij\u00e3o preto tamb\u00e9m \u00e9 rico em prote\u00ednas, ferro e fibras, que contribuem com o controle do colesterol e ajudam a cuidar da sa\u00fade da sua fam\u00edlia. Tradicional da cozinha brasileira o feij\u00e3o preto\u00a0possui poder antioxidante e \u00e9 rico em prote\u00ednas, ferro e fibras.<\/p>\n<p style=\"margin-top: 0pt;margin-bottom: 0pt;margin-left: 0in;text-align: left\">\n","protected":false},"excerpt":{"rendered":"<ul style=\"list-style-type: disc\">\n<li>Peso l\u00edquido 1kg<\/li>\n<li>Rico em ferro e prote\u00edna vegetal<\/li>\n<li>Fonte de fibras<\/li>\n<li>Produto Brasileiro<\/li>\n<\/ul>\n","protected":false},"author":43533,"featured_media":82707,"comment_status":"open","ping_status":"closed","template":"","meta":[],"pwb-brand":[],"product_brand":[],"product_cat":[8289,8293,8319,8401,8483,8709],"product_tag":[],"class_list":{"0":"post-210788","1":"product","2":"type-product","3":"status-publish","4":"has-post-thumbnail","6":"product_cat-inicio","7":"product_cat-produtos-brasileiros","8":"product_cat-especiais-do-mes-pt-pt","9":"product_cat-mercearia-pt-pt","10":"product_cat-feijao-arroz","11":"product_cat-feijao-pt-pt","13":"first","14":"instock","15":"featured","16":"taxable","17":"shipping-taxable","18":"purchasable","19":"product-type-simple"},"aioseo_notices":[],"brands":[],"_links":{"self":[{"href":"https:\/\/www.delicias-uk.com\/pt-pt\/wp-json\/wp\/v2\/product\/210788","targetHints":{"allow":["GET"]}}],"collection":[{"href":"https:\/\/www.delicias-uk.com\/pt-pt\/wp-json\/wp\/v2\/product"}],"about":[{"href":"https:\/\/www.delicias-uk.com\/pt-pt\/wp-json\/wp\/v2\/types\/product"}],"author":[{"embeddable":true,"href":"https:\/\/www.delicias-uk.com\/pt-pt\/wp-json\/wp\/v2\/users\/43533"}],"replies":[{"embeddable":true,"href":"https:\/\/www.delicias-uk.com\/pt-pt\/wp-json\/wp\/v2\/comments?post=210788"}],"wp:featuredmedia":[{"embeddable":true,"href":"https:\/\/www.delicias-uk.com\/pt-pt\/wp-json\/wp\/v2\/media\/82707"}],"wp:attachment":[{"href":"https:\/\/www.delicias-uk.com\/pt-pt\/wp-json\/wp\/v2\/media?parent=210788"}],"wp:term":[{"taxonomy":"pwb-brand","embeddable":true,"href":"https:\/\/www.delicias-uk.com\/pt-pt\/wp-json\/wp\/v2\/pwb-brand?post=210788"},{"taxonomy":"product_brand","embeddable":true,"href":"https:\/\/www.delicias-uk.com\/pt-pt\/wp-json\/wp\/v2\/product_brand?post=210788"},{"taxonomy":"product_cat","embeddable":true,"href":"https:\/\/www.delicias-uk.com\/pt-pt\/wp-json\/wp\/v2\/product_cat?post=210788"},{"taxonomy":"product_tag","embeddable":true,"href":"https:\/\/www.delicias-uk.com\/pt-pt\/wp-json\/wp\/v2\/product_tag?post=210788"}],"curies":[{"name":"wp","href":"https:\/\/api.w.org\/{rel}","templated":true}]}}