{"id":210786,"date":"2017-11-01T15:39:14","date_gmt":"2017-11-01T15:39:14","guid":{"rendered":"https:\/\/www.delicias-uk.com\/product\/feijao-camil-carioca-cozido-temperado-380g\/"},"modified":"2026-01-25T19:15:41","modified_gmt":"2026-01-25T19:15:41","slug":"feijao-camil-carioca-cozido-temperado-380g","status":"publish","type":"product","link":"https:\/\/www.delicias-uk.com\/pt-pt\/produto\/feijao-camil-carioca-cozido-temperado-380g\/","title":{"rendered":"Feij\u00e3o Carioca Camil Cozido e Temperado 380g"},"content":{"rendered":"<p>Feij\u00e3o Carioca Saud\u00e1vel, 100% natural. Cozido e temperado. Rico em prote\u00edna vegetal, fonte de ferro, textura macia e saborosa, embalagem f\u00e1cil de abrir sem gl\u00faten e pr\u00e1tica no dia a dia.<\/p>\n","protected":false},"excerpt":{"rendered":"<ul style=\"list-style-type: disc;\">\n<li>Cozido e temperado<\/li>\n<li>Rico em prote\u00edna vegetal<\/li>\n<li>Fonte de ferro<\/li>\n<li>Sem Gluten<\/li>\n<\/ul>\n","protected":false},"author":43533,"featured_media":82702,"comment_status":"open","ping_status":"closed","template":"","meta":[],"pwb-brand":[],"product_brand":[],"product_cat":[8289,8293,8401,8483,8709],"product_tag":[],"class_list":{"0":"post-210786","1":"product","2":"type-product","3":"status-publish","4":"has-post-thumbnail","6":"product_cat-inicio","7":"product_cat-produtos-brasileiros","8":"product_cat-mercearia-pt-pt","9":"product_cat-feijao-arroz","10":"product_cat-feijao-pt-pt","12":"first","13":"instock","14":"taxable","15":"shipping-taxable","16":"purchasable","17":"product-type-simple"},"aioseo_notices":[],"brands":[],"_links":{"self":[{"href":"https:\/\/www.delicias-uk.com\/pt-pt\/wp-json\/wp\/v2\/product\/210786","targetHints":{"allow":["GET"]}}],"collection":[{"href":"https:\/\/www.delicias-uk.com\/pt-pt\/wp-json\/wp\/v2\/product"}],"about":[{"href":"https:\/\/www.delicias-uk.com\/pt-pt\/wp-json\/wp\/v2\/types\/product"}],"author":[{"embeddable":true,"href":"https:\/\/www.delicias-uk.com\/pt-pt\/wp-json\/wp\/v2\/users\/43533"}],"replies":[{"embeddable":true,"href":"https:\/\/www.delicias-uk.com\/pt-pt\/wp-json\/wp\/v2\/comments?post=210786"}],"wp:featuredmedia":[{"embeddable":true,"href":"https:\/\/www.delicias-uk.com\/pt-pt\/wp-json\/wp\/v2\/media\/82702"}],"wp:attachment":[{"href":"https:\/\/www.delicias-uk.com\/pt-pt\/wp-json\/wp\/v2\/media?parent=210786"}],"wp:term":[{"taxonomy":"pwb-brand","embeddable":true,"href":"https:\/\/www.delicias-uk.com\/pt-pt\/wp-json\/wp\/v2\/pwb-brand?post=210786"},{"taxonomy":"product_brand","embeddable":true,"href":"https:\/\/www.delicias-uk.com\/pt-pt\/wp-json\/wp\/v2\/product_brand?post=210786"},{"taxonomy":"product_cat","embeddable":true,"href":"https:\/\/www.delicias-uk.com\/pt-pt\/wp-json\/wp\/v2\/product_cat?post=210786"},{"taxonomy":"product_tag","embeddable":true,"href":"https:\/\/www.delicias-uk.com\/pt-pt\/wp-json\/wp\/v2\/product_tag?post=210786"}],"curies":[{"name":"wp","href":"https:\/\/api.w.org\/{rel}","templated":true}]}}