{"id":210778,"date":"2017-11-01T12:56:44","date_gmt":"2017-11-01T12:56:44","guid":{"rendered":"https:\/\/www.delicias-uk.com\/product\/salsichas-para-cachorro-quente-nobre-420g\/"},"modified":"2026-03-23T13:59:36","modified_gmt":"2026-03-23T13:59:36","slug":"salsichas-para-cachorro-quente-nobre-420g","status":"publish","type":"product","link":"https:\/\/www.delicias-uk.com\/pt-pt\/produto\/salsichas-para-cachorro-quente-nobre-420g\/","title":{"rendered":"Salsichas Para Cachorro Quente Nobre 420g"},"content":{"rendered":"<p>Esque\u00e7a receitas complicadas e sabores aborrecidos! As salsichas hotdog da nobre s\u00e3o f\u00e1ceis de preparar, perfeitas para um cachorro com um sabor fenomenal.<\/p>\n<p>Cachorro-quente delicioso em minutos? S\u00f3 com as Salsichas Hotdog da Nobre!<\/p>\n","protected":false},"excerpt":{"rendered":"<ul style=\"list-style-type:disc;\">\n<li>Peso l\u00edquido 420g<\/li>\n<li>Fonte de prote\u00edna<\/li>\n<li>Sem conservantes<\/li>\n<\/ul>\n","protected":false},"author":43533,"featured_media":226474,"comment_status":"open","ping_status":"closed","template":"","meta":[],"pwb-brand":[],"product_brand":[],"product_cat":[8653],"product_tag":[],"class_list":{"0":"post-210778","1":"product","2":"type-product","3":"status-publish","4":"has-post-thumbnail","6":"product_cat-refeicoes-prontas-pt-pt","8":"first","9":"instock","10":"taxable","11":"shipping-taxable","12":"purchasable","13":"product-type-simple"},"aioseo_notices":[],"brands":[],"_links":{"self":[{"href":"https:\/\/www.delicias-uk.com\/pt-pt\/wp-json\/wp\/v2\/product\/210778","targetHints":{"allow":["GET"]}}],"collection":[{"href":"https:\/\/www.delicias-uk.com\/pt-pt\/wp-json\/wp\/v2\/product"}],"about":[{"href":"https:\/\/www.delicias-uk.com\/pt-pt\/wp-json\/wp\/v2\/types\/product"}],"author":[{"embeddable":true,"href":"https:\/\/www.delicias-uk.com\/pt-pt\/wp-json\/wp\/v2\/users\/43533"}],"replies":[{"embeddable":true,"href":"https:\/\/www.delicias-uk.com\/pt-pt\/wp-json\/wp\/v2\/comments?post=210778"}],"wp:featuredmedia":[{"embeddable":true,"href":"https:\/\/www.delicias-uk.com\/pt-pt\/wp-json\/wp\/v2\/media\/226474"}],"wp:attachment":[{"href":"https:\/\/www.delicias-uk.com\/pt-pt\/wp-json\/wp\/v2\/media?parent=210778"}],"wp:term":[{"taxonomy":"pwb-brand","embeddable":true,"href":"https:\/\/www.delicias-uk.com\/pt-pt\/wp-json\/wp\/v2\/pwb-brand?post=210778"},{"taxonomy":"product_brand","embeddable":true,"href":"https:\/\/www.delicias-uk.com\/pt-pt\/wp-json\/wp\/v2\/product_brand?post=210778"},{"taxonomy":"product_cat","embeddable":true,"href":"https:\/\/www.delicias-uk.com\/pt-pt\/wp-json\/wp\/v2\/product_cat?post=210778"},{"taxonomy":"product_tag","embeddable":true,"href":"https:\/\/www.delicias-uk.com\/pt-pt\/wp-json\/wp\/v2\/product_tag?post=210778"}],"curies":[{"name":"wp","href":"https:\/\/api.w.org\/{rel}","templated":true}]}}