{"id":210776,"date":"2017-11-01T12:56:43","date_gmt":"2017-11-01T12:56:43","guid":{"rendered":"https:\/\/www.delicias-uk.com\/product\/salsicha-de-aves-nobre-lata-200g\/"},"modified":"2025-11-28T21:46:52","modified_gmt":"2025-11-28T21:46:52","slug":"salsicha-de-aves-nobre-lata-200g","status":"publish","type":"product","link":"https:\/\/www.delicias-uk.com\/pt-pt\/produto\/salsicha-de-aves-nobre-lata-200g\/","title":{"rendered":"Salsicha de Aves Nobre Lata 200g"},"content":{"rendered":"<p>Qualquer vest\u00edgio de corantes foi eliminado destas salsichas. Se algu\u00e9m nos acusasse de produzir salsichas sem ingredientes de qualidade, ent\u00e3o t\u00ednhamos falhado. E falhar n\u00e3o era op\u00e7\u00e3o. Por isso, as salsichas de aves que produzimos t\u00eam cor natural, sabor aut\u00eantico e qualidade garantida.<\/p>\n<p><strong>Ingredientes<\/strong>: Carnes separadas mecanicamente de frango e peru (55 %) \u00e1gua carne de frango e peru (8 %) amido sal especiarias (cont\u00e9m <strong>MOSTARDA<\/strong>) prote\u00ednas do <strong>LEITE<\/strong> emulsionantes (difosfatos trifosfatos polifosfatos) a\u00e7\u00facar aroma de fumo dextrose antioxidantes (eritorbato de s\u00f3dio) conservante (nitrito de s\u00f3dio) intensificador de sabor (glutamato monoss\u00f3dico). Cont\u00e9m <strong>Mostarda e<\/strong>\u00a0<strong>Leite<\/strong><\/p>\n","protected":false},"excerpt":{"rendered":"<ul style=\"list-style-type:disc;\">\n<li>Salsichas de carne de aves: frango e peru.<\/li>\n<li>Cont\u00e9m 8 salsichas<\/li>\n<li>Peso l\u00edquido 200g<\/li>\n<\/ul>\n","protected":false},"author":43533,"featured_media":226468,"comment_status":"open","ping_status":"closed","template":"","meta":[],"pwb-brand":[],"product_brand":[],"product_cat":[8653],"product_tag":[],"class_list":{"0":"post-210776","1":"product","2":"type-product","3":"status-publish","4":"has-post-thumbnail","6":"product_cat-refeicoes-prontas-pt-pt","8":"first","9":"instock","10":"taxable","11":"shipping-taxable","12":"purchasable","13":"product-type-simple"},"aioseo_notices":[],"brands":[],"_links":{"self":[{"href":"https:\/\/www.delicias-uk.com\/pt-pt\/wp-json\/wp\/v2\/product\/210776","targetHints":{"allow":["GET"]}}],"collection":[{"href":"https:\/\/www.delicias-uk.com\/pt-pt\/wp-json\/wp\/v2\/product"}],"about":[{"href":"https:\/\/www.delicias-uk.com\/pt-pt\/wp-json\/wp\/v2\/types\/product"}],"author":[{"embeddable":true,"href":"https:\/\/www.delicias-uk.com\/pt-pt\/wp-json\/wp\/v2\/users\/43533"}],"replies":[{"embeddable":true,"href":"https:\/\/www.delicias-uk.com\/pt-pt\/wp-json\/wp\/v2\/comments?post=210776"}],"wp:featuredmedia":[{"embeddable":true,"href":"https:\/\/www.delicias-uk.com\/pt-pt\/wp-json\/wp\/v2\/media\/226468"}],"wp:attachment":[{"href":"https:\/\/www.delicias-uk.com\/pt-pt\/wp-json\/wp\/v2\/media?parent=210776"}],"wp:term":[{"taxonomy":"pwb-brand","embeddable":true,"href":"https:\/\/www.delicias-uk.com\/pt-pt\/wp-json\/wp\/v2\/pwb-brand?post=210776"},{"taxonomy":"product_brand","embeddable":true,"href":"https:\/\/www.delicias-uk.com\/pt-pt\/wp-json\/wp\/v2\/product_brand?post=210776"},{"taxonomy":"product_cat","embeddable":true,"href":"https:\/\/www.delicias-uk.com\/pt-pt\/wp-json\/wp\/v2\/product_cat?post=210776"},{"taxonomy":"product_tag","embeddable":true,"href":"https:\/\/www.delicias-uk.com\/pt-pt\/wp-json\/wp\/v2\/product_tag?post=210776"}],"curies":[{"name":"wp","href":"https:\/\/api.w.org\/{rel}","templated":true}]}}