{"id":210774,"date":"2017-11-01T12:56:43","date_gmt":"2017-11-01T12:56:43","guid":{"rendered":"https:\/\/www.delicias-uk.com\/product\/polvo-pota-gigante-ramirez-em-caldeirada-120gr-2\/"},"modified":"2025-12-15T22:34:21","modified_gmt":"2025-12-15T22:34:21","slug":"polvo-pota-gigante-ramirez-em-caldeirada-120gr-2","status":"publish","type":"product","link":"https:\/\/www.delicias-uk.com\/pt-pt\/produto\/polvo-pota-gigante-ramirez-em-caldeirada-120gr-2\/","title":{"rendered":"Pota Gigante em Caldeirada Ramirez 120g"},"content":{"rendered":"<p>Com baixo teor de gordura, os cefal\u00f3podes como o polvo e a lula apresentam um perfil nutricional ben\u00e9fico para a sa\u00fade. Entre outros componentes, s\u00e3o fontes de \u00e1cidos gordos polinsaturados \u00f3mega 3 que, entre outros benef\u00edcios, contribuem para a redu\u00e7\u00e3o de problemas card\u00edacos, diminuindo o n\u00famero de triglic\u00e9ridos no sangue e melhorando o funcionamento do cora\u00e7\u00e3o. Apresentado num guisado, \u00e9 uma conserva cheia de sabor.<\/p>\n","protected":false},"excerpt":{"rendered":"<p>Com baixo teor de gordura, os cefal\u00f3podes como o polvo e a lula apresentam um perfil nutricional ben\u00e9fico para a sa\u00fade. Entre outros componentes, s\u00e3o fontes de \u00e1cidos gordos polinsaturados \u00f3mega 3 que, entre outros benef\u00edcios, contribuem para a redu\u00e7\u00e3o de problemas card\u00edacos, diminuindo o n\u00famero de triglic\u00e9ridos no sangue e melhorando o funcionamento do [&hellip;]<\/p>\n","protected":false},"author":43533,"featured_media":82672,"comment_status":"open","ping_status":"closed","template":"","meta":[],"pwb-brand":[],"product_brand":[],"product_cat":[9325,8289,8291,8411,8605,8499],"product_tag":[],"class_list":{"0":"post-210774","1":"product","2":"type-product","3":"status-publish","4":"has-post-thumbnail","6":"product_cat-pickles-conservas","7":"product_cat-inicio","8":"product_cat-produtos-portugueses","9":"product_cat-conservas","10":"product_cat-outros","11":"product_cat-sem-glutem","13":"first","14":"instock","15":"taxable","16":"shipping-taxable","17":"purchasable","18":"product-type-simple"},"aioseo_notices":[],"brands":[],"_links":{"self":[{"href":"https:\/\/www.delicias-uk.com\/pt-pt\/wp-json\/wp\/v2\/product\/210774","targetHints":{"allow":["GET"]}}],"collection":[{"href":"https:\/\/www.delicias-uk.com\/pt-pt\/wp-json\/wp\/v2\/product"}],"about":[{"href":"https:\/\/www.delicias-uk.com\/pt-pt\/wp-json\/wp\/v2\/types\/product"}],"author":[{"embeddable":true,"href":"https:\/\/www.delicias-uk.com\/pt-pt\/wp-json\/wp\/v2\/users\/43533"}],"replies":[{"embeddable":true,"href":"https:\/\/www.delicias-uk.com\/pt-pt\/wp-json\/wp\/v2\/comments?post=210774"}],"wp:featuredmedia":[{"embeddable":true,"href":"https:\/\/www.delicias-uk.com\/pt-pt\/wp-json\/wp\/v2\/media\/82672"}],"wp:attachment":[{"href":"https:\/\/www.delicias-uk.com\/pt-pt\/wp-json\/wp\/v2\/media?parent=210774"}],"wp:term":[{"taxonomy":"pwb-brand","embeddable":true,"href":"https:\/\/www.delicias-uk.com\/pt-pt\/wp-json\/wp\/v2\/pwb-brand?post=210774"},{"taxonomy":"product_brand","embeddable":true,"href":"https:\/\/www.delicias-uk.com\/pt-pt\/wp-json\/wp\/v2\/product_brand?post=210774"},{"taxonomy":"product_cat","embeddable":true,"href":"https:\/\/www.delicias-uk.com\/pt-pt\/wp-json\/wp\/v2\/product_cat?post=210774"},{"taxonomy":"product_tag","embeddable":true,"href":"https:\/\/www.delicias-uk.com\/pt-pt\/wp-json\/wp\/v2\/product_tag?post=210774"}],"curies":[{"name":"wp","href":"https:\/\/api.w.org\/{rel}","templated":true}]}}