{"id":210768,"date":"2017-11-01T12:21:52","date_gmt":"2017-11-01T12:21:52","guid":{"rendered":"https:\/\/www.delicias-uk.com\/product\/mixed-dried-fruits-250g-2\/"},"modified":"2025-02-06T17:16:00","modified_gmt":"2025-02-06T17:16:00","slug":"mixed-dried-fruits-250g-2","status":"publish","type":"product","link":"https:\/\/www.delicias-uk.com\/pt-pt\/produto\/mixed-dried-fruits-250g-2\/","title":{"rendered":"Frutos Secos Misto Caixa Redonda Ferbar 250g"},"content":{"rendered":"","protected":false},"excerpt":{"rendered":"<p>.\u00a0<span lang=\"pt\" style=\"font-size:11pt;font-family:Calibri, sans-serif;\" xml:lang=\"pt\">Am\u00eandoa. Avel\u00e3. Noz. Pinh\u00e3o<\/span><\/p>\n<\/p>\n<p><span lang=\"pt\" style=\"font-size:11pt;font-family:Calibri, sans-serif;\" xml:lang=\"pt\">. Marca: Ferbar<\/span><\/p>\n<p><span lang=\"pt\" style=\"font-size:11pt;font-family:Calibri, sans-serif;\" xml:lang=\"pt\">. Caixa<\/span><\/p>\n","protected":false},"author":43533,"featured_media":82660,"comment_status":"open","ping_status":"closed","template":"","meta":[],"pwb-brand":[],"product_brand":[],"product_cat":[9314,9315,8289,8291,8365,8591],"product_tag":[],"class_list":{"0":"post-210768","1":"product","2":"type-product","3":"status-publish","4":"has-post-thumbnail","6":"product_cat-chocolate-pt-pt-2","7":"product_cat-frutos-secos-e-nozes","8":"product_cat-inicio","9":"product_cat-produtos-portugueses","10":"product_cat-confeitaria","11":"product_cat-nozes-e-frutas-secas","13":"first","14":"outofstock","15":"taxable","16":"shipping-taxable","17":"purchasable","18":"product-type-simple"},"aioseo_notices":[],"brands":[],"_links":{"self":[{"href":"https:\/\/www.delicias-uk.com\/pt-pt\/wp-json\/wp\/v2\/product\/210768","targetHints":{"allow":["GET"]}}],"collection":[{"href":"https:\/\/www.delicias-uk.com\/pt-pt\/wp-json\/wp\/v2\/product"}],"about":[{"href":"https:\/\/www.delicias-uk.com\/pt-pt\/wp-json\/wp\/v2\/types\/product"}],"author":[{"embeddable":true,"href":"https:\/\/www.delicias-uk.com\/pt-pt\/wp-json\/wp\/v2\/users\/43533"}],"replies":[{"embeddable":true,"href":"https:\/\/www.delicias-uk.com\/pt-pt\/wp-json\/wp\/v2\/comments?post=210768"}],"wp:featuredmedia":[{"embeddable":true,"href":"https:\/\/www.delicias-uk.com\/pt-pt\/wp-json\/wp\/v2\/media\/82660"}],"wp:attachment":[{"href":"https:\/\/www.delicias-uk.com\/pt-pt\/wp-json\/wp\/v2\/media?parent=210768"}],"wp:term":[{"taxonomy":"pwb-brand","embeddable":true,"href":"https:\/\/www.delicias-uk.com\/pt-pt\/wp-json\/wp\/v2\/pwb-brand?post=210768"},{"taxonomy":"product_brand","embeddable":true,"href":"https:\/\/www.delicias-uk.com\/pt-pt\/wp-json\/wp\/v2\/product_brand?post=210768"},{"taxonomy":"product_cat","embeddable":true,"href":"https:\/\/www.delicias-uk.com\/pt-pt\/wp-json\/wp\/v2\/product_cat?post=210768"},{"taxonomy":"product_tag","embeddable":true,"href":"https:\/\/www.delicias-uk.com\/pt-pt\/wp-json\/wp\/v2\/product_tag?post=210768"}],"curies":[{"name":"wp","href":"https:\/\/api.w.org\/{rel}","templated":true}]}}