{"id":210752,"date":"2017-11-01T12:21:52","date_gmt":"2017-11-01T12:21:52","guid":{"rendered":"https:\/\/www.delicias-uk.com\/product\/christmas-chocolate-house-130g-2\/"},"modified":"2025-02-06T17:20:41","modified_gmt":"2025-02-06T17:20:41","slug":"christmas-chocolate-house-130g-2","status":"publish","type":"product","link":"https:\/\/www.delicias-uk.com\/pt-pt\/produto\/christmas-chocolate-house-130g-2\/","title":{"rendered":"Casa de Natal de Chocolate Regina 130g"},"content":{"rendered":"<div class=\"OutlineElement Ltr SCXW238333606 BCX8\" style=\"margin:0px;padding:0px;clear:both;font-family:'Segoe UI', 'Segoe UI Web', Arial, Verdana, sans-serif;font-size:12px;background-color:#ffffff;\">\n<p class=\"Paragraph SCXW238333606 BCX8\" xml:lang=\"pt-br\" lang=\"pt-br\" style=\"margin:0px 0px 16px;padding:0px;vertical-align:baseline;\"><strong><span xml:lang=\"en-us\" lang=\"en-us\" class=\"TextRun SCXW238333606 BCX8\" style=\"margin:0px;padding:0px;font-size:11pt;line-height:27.625px;font-family:Calibri, 'Calibri_EmbeddedFont', 'Calibri_MSFontService', sans-serif;\">INGREDIENTES<\/span><span class=\"EOP SCXW238333606 BCX8\" style=\"margin:0px;padding:0px;font-size:11pt;line-height:27.625px;font-family:Calibri, 'Calibri_EmbeddedFont', 'Calibri_MSFontService', sans-serif;\">\u00a0<\/span><\/strong><\/p>\n<\/p><\/div>\n<div class=\"OutlineElement Ltr SCXW238333606 BCX8\" style=\"margin:0px;padding:0px;clear:both;font-family:'Segoe UI', 'Segoe UI Web', Arial, Verdana, sans-serif;font-size:12px;background-color:#ffffff;\">\n<p class=\"Paragraph SCXW238333606 BCX8\" xml:lang=\"pt-br\" lang=\"pt-br\" style=\"margin:0px 0px 10.6667px;padding:0px;vertical-align:baseline;background-color:transparent;\"><span xml:lang=\"en-us\" lang=\"en-us\" class=\"TextRun SCXW238333606 BCX8\" style=\"margin:0px;padding:0px;color:#333333;font-size:11pt;line-height:19.7625px;font-family:Calibri, 'Calibri_EmbeddedFont', 'Calibri_MSFontService', sans-serif;\"><span class=\"NormalTextRun SCXW238333606 BCX8\" style=\"margin:0px;padding:0px;\">A\u00e7\u00facar, <\/span><span class=\"NormalTextRun SpellingErrorV2Themed SCXW238333606 BCX8\" style=\"margin:0px;padding:0px;background-position:0px 100%;background-repeat:repeat-x;border-bottom:1px solid transparent;\">manteiga<\/span><span class=\"NormalTextRun SCXW238333606 BCX8\" style=\"margin:0px;padding:0px;\"> de <\/span><span class=\"NormalTextRun SpellingErrorV2Themed SCXW238333606 BCX8\" style=\"margin:0px;padding:0px;background-position:0px 100%;background-repeat:repeat-x;border-bottom:1px solid transparent;\">cacau<\/span><span class=\"NormalTextRun SCXW238333606 BCX8\" style=\"margin:0px;padding:0px;\">, pasta de <\/span><span class=\"NormalTextRun SpellingErrorV2Themed SCXW238333606 BCX8\" style=\"margin:0px;padding:0px;background-position:0px 100%;background-repeat:repeat-x;border-bottom:1px solid transparent;\">cacau<\/span><span class=\"NormalTextRun SCXW238333606 BCX8\" style=\"margin:0px;padding:0px;\">, LEITE <\/span><span class=\"NormalTextRun SpellingErrorV2Themed SCXW238333606 BCX8\" style=\"margin:0px;padding:0px;background-position:0px 100%;background-repeat:repeat-x;border-bottom:1px solid transparent;\">em<\/span><span class=\"NormalTextRun SCXW238333606 BCX8\" style=\"margin:0px;padding:0px;\"> <\/span><span class=\"NormalTextRun SpellingErrorV2Themed SCXW238333606 BCX8\" style=\"margin:0px;padding:0px;background-position:0px 100%;background-repeat:repeat-x;border-bottom:1px solid transparent;\">p\u00f3<\/span><span class=\"NormalTextRun SCXW238333606 BCX8\" style=\"margin:0px;padding:0px;\">, <\/span><span class=\"NormalTextRun SpellingErrorV2Themed SCXW238333606 BCX8\" style=\"margin:0px;padding:0px;background-position:0px 100%;background-repeat:repeat-x;border-bottom:1px solid transparent;\">soro<\/span><span class=\"NormalTextRun SCXW238333606 BCX8\" style=\"margin:0px;padding:0px;\"> de LEITE <\/span><span class=\"NormalTextRun SpellingErrorV2Themed SCXW238333606 BCX8\" style=\"margin:0px;padding:0px;background-position:0px 100%;background-repeat:repeat-x;border-bottom:1px solid transparent;\">em<\/span><span class=\"NormalTextRun SCXW238333606 BCX8\" style=\"margin:0px;padding:0px;\"> <\/span><span class=\"NormalTextRun SpellingErrorV2Themed SCXW238333606 BCX8\" style=\"margin:0px;padding:0px;background-position:0px 100%;background-repeat:repeat-x;border-bottom:1px solid transparent;\">p\u00f3<\/span><span class=\"NormalTextRun SCXW238333606 BCX8\" style=\"margin:0px;padding:0px;\">, MANTEIGA CONCENTRADA, <\/span><span class=\"NormalTextRun SpellingErrorV2Themed SCXW238333606 BCX8\" style=\"margin:0px;padding:0px;background-position:0px 100%;background-repeat:repeat-x;border-bottom:1px solid transparent;\">emulsionante<\/span><span class=\"NormalTextRun SCXW238333606 BCX8\" style=\"margin:0px;padding:0px;\"> (<\/span><span class=\"NormalTextRun SpellingErrorV2Themed SCXW238333606 BCX8\" style=\"margin:0px;padding:0px;background-position:0px 100%;background-repeat:repeat-x;border-bottom:1px solid transparent;\">lecitina<\/span><span class=\"NormalTextRun SCXW238333606 BCX8\" style=\"margin:0px;padding:0px;\"> de SOJA) e aroma. Cacau: <\/span><span class=\"NormalTextRun SpellingErrorV2Themed SCXW238333606 BCX8\" style=\"margin:0px;padding:0px;background-position:0px 100%;background-repeat:repeat-x;border-bottom:1px solid transparent;\">m\u00ednimo<\/span><span class=\"NormalTextRun SCXW238333606 BCX8\" style=\"margin:0px;padding:0px;\"> de 35%. Pode <\/span><span class=\"NormalTextRun SpellingErrorV2Themed SCXW238333606 BCX8\" style=\"margin:0px;padding:0px;background-position:0px 100%;background-repeat:repeat-x;border-bottom:1px solid transparent;\">conter<\/span><span class=\"NormalTextRun SCXW238333606 BCX8\" style=\"margin:0px;padding:0px;\"> <\/span><span class=\"NormalTextRun SpellingErrorV2Themed SCXW238333606 BCX8\" style=\"margin:0px;padding:0px;background-position:0px 100%;background-repeat:repeat-x;border-bottom:1px solid transparent;\">vest\u00edgios<\/span><span class=\"NormalTextRun SCXW238333606 BCX8\" style=\"margin:0px;padding:0px;\"> de AMENDOINS, FRUTOS DE CASCA RIJA E CEREAIS QUE CONT\u00caM GL\u00daTEN.<\/span><\/span><\/p>\n<\/p><\/div>\n","protected":false},"excerpt":{"rendered":"<p>INGREDIENTES\u00a0 A\u00e7\u00facar, manteiga de cacau, pasta de cacau, LEITE em p\u00f3, soro de LEITE em p\u00f3, MANTEIGA CONCENTRADA, emulsionante (lecitina de SOJA) e aroma. Cacau: m\u00ednimo de 35%. Pode conter vest\u00edgios de AMENDOINS, FRUTOS DE CASCA RIJA E CEREAIS QUE CONT\u00caM GL\u00daTEN.<\/p>\n","protected":false},"author":43533,"featured_media":82602,"comment_status":"open","ping_status":"closed","template":"","meta":[],"pwb-brand":[],"product_brand":[],"product_cat":[9314],"product_tag":[],"class_list":{"0":"post-210752","1":"product","2":"type-product","3":"status-publish","4":"has-post-thumbnail","6":"product_cat-chocolate-pt-pt-2","8":"first","9":"outofstock","10":"taxable","11":"shipping-taxable","12":"purchasable","13":"product-type-simple"},"aioseo_notices":[{"message":"The permalink for this post just changed! This could result in 404 errors for your site visitors.","status":"warning","options":{"id":"0a2ae5f84bc2c0423042ed7ec22d2e40","isDismissible":true,"actions":[{"url":"https:\/\/www.delicias-uk.com\/wp-admin\/admin.php?page=aioseo-redirects&aioseo-manual-urls=e02d8b7ffad15ddc0c46a8c227bf8f7f","label":"Add Redirect to improve SEO","class":"aioseo-redirects-slug-changed"}]},"allowedContexts":["posts"]}],"brands":[],"_links":{"self":[{"href":"https:\/\/www.delicias-uk.com\/pt-pt\/wp-json\/wp\/v2\/product\/210752","targetHints":{"allow":["GET"]}}],"collection":[{"href":"https:\/\/www.delicias-uk.com\/pt-pt\/wp-json\/wp\/v2\/product"}],"about":[{"href":"https:\/\/www.delicias-uk.com\/pt-pt\/wp-json\/wp\/v2\/types\/product"}],"author":[{"embeddable":true,"href":"https:\/\/www.delicias-uk.com\/pt-pt\/wp-json\/wp\/v2\/users\/43533"}],"replies":[{"embeddable":true,"href":"https:\/\/www.delicias-uk.com\/pt-pt\/wp-json\/wp\/v2\/comments?post=210752"}],"wp:featuredmedia":[{"embeddable":true,"href":"https:\/\/www.delicias-uk.com\/pt-pt\/wp-json\/wp\/v2\/media\/82602"}],"wp:attachment":[{"href":"https:\/\/www.delicias-uk.com\/pt-pt\/wp-json\/wp\/v2\/media?parent=210752"}],"wp:term":[{"taxonomy":"pwb-brand","embeddable":true,"href":"https:\/\/www.delicias-uk.com\/pt-pt\/wp-json\/wp\/v2\/pwb-brand?post=210752"},{"taxonomy":"product_brand","embeddable":true,"href":"https:\/\/www.delicias-uk.com\/pt-pt\/wp-json\/wp\/v2\/product_brand?post=210752"},{"taxonomy":"product_cat","embeddable":true,"href":"https:\/\/www.delicias-uk.com\/pt-pt\/wp-json\/wp\/v2\/product_cat?post=210752"},{"taxonomy":"product_tag","embeddable":true,"href":"https:\/\/www.delicias-uk.com\/pt-pt\/wp-json\/wp\/v2\/product_tag?post=210752"}],"curies":[{"name":"wp","href":"https:\/\/api.w.org\/{rel}","templated":true}]}}