{"id":210750,"date":"2017-11-01T12:21:52","date_gmt":"2017-11-01T12:21:52","guid":{"rendered":"https:\/\/www.delicias-uk.com\/product\/christmas-tree-chocolate-decorations-84g-2\/"},"modified":"2025-12-18T20:50:50","modified_gmt":"2025-12-18T20:50:50","slug":"christmas-tree-chocolate-decorations-84g-2","status":"publish","type":"product","link":"https:\/\/www.delicias-uk.com\/pt-pt\/produto\/christmas-tree-chocolate-decorations-84g-2\/","title":{"rendered":"\u00c1rvore de Natal de Chocolate ao Leite Regina 84g"},"content":{"rendered":"<div class=\"OutlineElement Ltr SCXW118573867 BCX8\" style=\"margin:0px;padding:0px;clear:both;font-family:'Segoe UI', 'Segoe UI Web', Arial, Verdana, sans-serif;font-size:12px;background-color:#ffffff;\">\n<p class=\"Paragraph SCXW118573867 BCX8\" xml:lang=\"pt-br\" lang=\"pt-br\" style=\"margin:0px 0px 10.6667px;padding:0px;vertical-align:baseline;background-color:transparent;\"><span class=\"EOP SCXW118573867 BCX8\" style=\"margin:0px;padding:0px;font-size:11pt;line-height:19.7625px;font-family:Calibri, 'Calibri_EmbeddedFont', 'Calibri_MSFontService', sans-serif;color:#ede8dc;\">\u00a0<\/span><\/p>\n<\/p><\/div>\n<div class=\"OutlineElement Ltr SCXW118573867 BCX8\" style=\"margin:0px;padding:0px;clear:both;font-family:'Segoe UI', 'Segoe UI Web', Arial, Verdana, sans-serif;font-size:12px;background-color:#ffffff;\">\n<p class=\"Paragraph SCXW118573867 BCX8\" xml:lang=\"pt-br\" lang=\"pt-br\" style=\"margin:0px 0px 10.6667px;padding:0px;vertical-align:baseline;background-color:transparent;\"><strong><span xml:lang=\"en-us\" lang=\"en-us\" class=\"TextRun SCXW118573867 BCX8\" style=\"margin:0px;padding:0px;font-size:11pt;line-height:19.7625px;font-family:Calibri, 'Calibri_EmbeddedFont', 'Calibri_MSFontService', sans-serif;\">INGREDIENTES\u00a0 <\/span><span class=\"EOP SCXW118573867 BCX8\" style=\"margin:0px;padding:0px;font-size:11pt;line-height:19.7625px;font-family:Calibri, 'Calibri_EmbeddedFont', 'Calibri_MSFontService', sans-serif;\"> <\/span><\/strong><\/p>\n<\/p><\/div>\n<div class=\"OutlineElement Ltr SCXW118573867 BCX8\" style=\"margin:0px;padding:0px;clear:both;font-family:'Segoe UI', 'Segoe UI Web', Arial, Verdana, sans-serif;font-size:12px;background-color:#ffffff;\">\n<p class=\"Paragraph SCXW118573867 BCX8\" xml:lang=\"pt-br\" lang=\"pt-br\" style=\"margin:0px 0px 10.6667px;padding:0px;vertical-align:baseline;background-color:transparent;\"><span xml:lang=\"en-us\" lang=\"en-us\" class=\"TextRun SCXW118573867 BCX8\" style=\"margin:0px;padding:0px;font-size:11pt;line-height:19.7625px;font-family:Calibri, 'Calibri_EmbeddedFont', 'Calibri_MSFontService', sans-serif;\"><span class=\"NormalTextRun SCXW118573867 BCX8\" style=\"margin:0px;padding:0px;\">A\u00e7\u00facar, <\/span><span class=\"NormalTextRun SpellingErrorV2Themed SCXW118573867 BCX8\" style=\"margin:0px;padding:0px;background-position:0px 100%;background-repeat:repeat-x;border-bottom:1px solid transparent;\">manteiga<\/span><span class=\"NormalTextRun SCXW118573867 BCX8\" style=\"margin:0px;padding:0px;\"> de <\/span><span class=\"NormalTextRun SpellingErrorV2Themed SCXW118573867 BCX8\" style=\"margin:0px;padding:0px;background-position:0px 100%;background-repeat:repeat-x;border-bottom:1px solid transparent;\">cacau<\/span><span class=\"NormalTextRun SCXW118573867 BCX8\" style=\"margin:0px;padding:0px;\">, <\/span><span class=\"NormalTextRun SpellingErrorV2Themed SCXW118573867 BCX8\" style=\"margin:0px;padding:0px;background-position:0px 100%;background-repeat:repeat-x;border-bottom:1px solid transparent;\">massa<\/span><span class=\"NormalTextRun SCXW118573867 BCX8\" style=\"margin:0px;padding:0px;\"> de <\/span><span class=\"NormalTextRun SpellingErrorV2Themed SCXW118573867 BCX8\" style=\"margin:0px;padding:0px;background-position:0px 100%;background-repeat:repeat-x;border-bottom:1px solid transparent;\">cacau<\/span><span class=\"NormalTextRun SCXW118573867 BCX8\" style=\"margin:0px;padding:0px;\">, <\/span><span class=\"NormalTextRun SpellingErrorV2Themed SCXW118573867 BCX8\" style=\"margin:0px;padding:0px;background-position:0px 100%;background-repeat:repeat-x;border-bottom:1px solid transparent;\">leite<\/span><span class=\"NormalTextRun SCXW118573867 BCX8\" style=\"margin:0px;padding:0px;\"> <\/span><span class=\"NormalTextRun SpellingErrorV2Themed SCXW118573867 BCX8\" style=\"margin:0px;padding:0px;background-position:0px 100%;background-repeat:repeat-x;border-bottom:1px solid transparent;\">em<\/span><span class=\"NormalTextRun SCXW118573867 BCX8\" style=\"margin:0px;padding:0px;\"> <\/span><span class=\"NormalTextRun SpellingErrorV2Themed SCXW118573867 BCX8\" style=\"margin:0px;padding:0px;background-position:0px 100%;background-repeat:repeat-x;border-bottom:1px solid transparent;\">p\u00f3<\/span><span class=\"NormalTextRun SCXW118573867 BCX8\" style=\"margin:0px;padding:0px;\">, <\/span><span class=\"NormalTextRun SpellingErrorV2Themed SCXW118573867 BCX8\" style=\"margin:0px;padding:0px;background-position:0px 100%;background-repeat:repeat-x;border-bottom:1px solid transparent;\">soro<\/span><span class=\"NormalTextRun SCXW118573867 BCX8\" style=\"margin:0px;padding:0px;\"> de <\/span><span class=\"NormalTextRun SpellingErrorV2Themed SCXW118573867 BCX8\" style=\"margin:0px;padding:0px;background-position:0px 100%;background-repeat:repeat-x;border-bottom:1px solid transparent;\">leite<\/span><span class=\"NormalTextRun SCXW118573867 BCX8\" style=\"margin:0px;padding:0px;\"> <\/span><span class=\"NormalTextRun SpellingErrorV2Themed SCXW118573867 BCX8\" style=\"margin:0px;padding:0px;background-position:0px 100%;background-repeat:repeat-x;border-bottom:1px solid transparent;\">em<\/span><span class=\"NormalTextRun SCXW118573867 BCX8\" style=\"margin:0px;padding:0px;\"> <\/span><span class=\"NormalTextRun SpellingErrorV2Themed SCXW118573867 BCX8\" style=\"margin:0px;padding:0px;background-position:0px 100%;background-repeat:repeat-x;border-bottom:1px solid transparent;\">p\u00f3<\/span><span class=\"NormalTextRun SCXW118573867 BCX8\" style=\"margin:0px;padding:0px;\">, <\/span><span class=\"NormalTextRun SpellingErrorV2Themed SCXW118573867 BCX8\" style=\"margin:0px;padding:0px;background-position:0px 100%;background-repeat:repeat-x;border-bottom:1px solid transparent;\">manteiga<\/span><span class=\"NormalTextRun SCXW118573867 BCX8\" style=\"margin:0px;padding:0px;\"> <\/span><span class=\"NormalTextRun SpellingErrorV2Themed SCXW118573867 BCX8\" style=\"margin:0px;padding:0px;background-position:0px 100%;background-repeat:repeat-x;border-bottom:1px solid transparent;\">concentrada<\/span><span class=\"NormalTextRun SCXW118573867 BCX8\" style=\"margin:0px;padding:0px;\">, <\/span><span class=\"NormalTextRun SpellingErrorV2Themed SCXW118573867 BCX8\" style=\"margin:0px;padding:0px;background-position:0px 100%;background-repeat:repeat-x;border-bottom:1px solid transparent;\">emulsionante<\/span><span class=\"NormalTextRun SCXW118573867 BCX8\" style=\"margin:0px;padding:0px;\"> (<\/span><span class=\"NormalTextRun SpellingErrorV2Themed SCXW118573867 BCX8\" style=\"margin:0px;padding:0px;background-position:0px 100%;background-repeat:repeat-x;border-bottom:1px solid transparent;\">lecitina<\/span><span class=\"NormalTextRun SCXW118573867 BCX8\" style=\"margin:0px;padding:0px;\"> de soja) e <\/span><span class=\"NormalTextRun SpellingErrorV2Themed SCXW118573867 BCX8\" style=\"margin:0px;padding:0px;background-position:0px 100%;background-repeat:repeat-x;border-bottom:1px solid transparent;\">aromatizante<\/span><span class=\"NormalTextRun SCXW118573867 BCX8\" style=\"margin:0px;padding:0px;\">. <\/span><span class=\"NormalTextRun SpellingErrorV2Themed SCXW118573867 BCX8\" style=\"margin:0px;padding:0px;background-position:0px 100%;background-repeat:repeat-x;border-bottom:1px solid transparent;\">S\u00f3lidos<\/span><span class=\"NormalTextRun SCXW118573867 BCX8\" style=\"margin:0px;padding:0px;\"> de <\/span><span class=\"NormalTextRun SpellingErrorV2Themed SCXW118573867 BCX8\" style=\"margin:0px;padding:0px;background-position:0px 100%;background-repeat:repeat-x;border-bottom:1px solid transparent;\">cacau<\/span><span class=\"NormalTextRun SCXW118573867 BCX8\" style=\"margin:0px;padding:0px;\">: <\/span><span class=\"NormalTextRun SpellingErrorV2Themed SCXW118573867 BCX8\" style=\"margin:0px;padding:0px;background-position:0px 100%;background-repeat:repeat-x;border-bottom:1px solid transparent;\">m\u00ednimo<\/span><span class=\"NormalTextRun SCXW118573867 BCX8\" style=\"margin:0px;padding:0px;\"> de 35%. Pode <\/span><span class=\"NormalTextRun SpellingErrorV2Themed SCXW118573867 BCX8\" style=\"margin:0px;padding:0px;background-position:0px 100%;background-repeat:repeat-x;border-bottom:1px solid transparent;\">conter<\/span><span class=\"NormalTextRun SCXW118573867 BCX8\" style=\"margin:0px;padding:0px;\"> <\/span><span class=\"NormalTextRun SpellingErrorV2Themed SCXW118573867 BCX8\" style=\"margin:0px;padding:0px;background-position:0px 100%;background-repeat:repeat-x;border-bottom:1px solid transparent;\">vest\u00edgios<\/span><span class=\"NormalTextRun SCXW118573867 BCX8\" style=\"margin:0px;padding:0px;\"> de <\/span><span class=\"NormalTextRun SpellingErrorV2Themed SCXW118573867 BCX8\" style=\"margin:0px;padding:0px;background-position:0px 100%;background-repeat:repeat-x;border-bottom:1px solid transparent;\">amendoim<\/span><span class=\"NormalTextRun SCXW118573867 BCX8\" style=\"margin:0px;padding:0px;\"> e <\/span><span class=\"NormalTextRun SpellingErrorV2Themed SCXW118573867 BCX8\" style=\"margin:0px;padding:0px;background-position:0px 100%;background-repeat:repeat-x;border-bottom:1px solid transparent;\">nozes<\/span><span class=\"NormalTextRun SCXW118573867 BCX8\" style=\"margin:0px;padding:0px;\">.<\/span><\/span><span class=\"EOP SCXW118573867 BCX8\" style=\"margin:0px;padding:0px;font-size:11pt;line-height:19.7625px;font-family:Calibri, 'Calibri_EmbeddedFont', 'Calibri_MSFontService', sans-serif;\"> <\/span><\/p>\n<\/p><\/div>\n","protected":false},"excerpt":{"rendered":"<p>\u00a0 INGREDIENTES\u00a0 A\u00e7\u00facar, manteiga de cacau, massa de cacau, leite em p\u00f3, soro de leite em p\u00f3, manteiga concentrada, emulsionante (lecitina de soja) e aromatizante. S\u00f3lidos de cacau: m\u00ednimo de 35%. Pode conter vest\u00edgios de amendoim e nozes.<\/p>\n","protected":false},"author":43533,"featured_media":82598,"comment_status":"open","ping_status":"closed","template":"","meta":[],"pwb-brand":[],"product_brand":[],"product_cat":[9314],"product_tag":[],"class_list":{"0":"post-210750","1":"product","2":"type-product","3":"status-publish","4":"has-post-thumbnail","6":"product_cat-chocolate-pt-pt-2","8":"first","9":"instock","10":"taxable","11":"shipping-taxable","12":"purchasable","13":"product-type-simple"},"aioseo_notices":[],"brands":[],"_links":{"self":[{"href":"https:\/\/www.delicias-uk.com\/pt-pt\/wp-json\/wp\/v2\/product\/210750","targetHints":{"allow":["GET"]}}],"collection":[{"href":"https:\/\/www.delicias-uk.com\/pt-pt\/wp-json\/wp\/v2\/product"}],"about":[{"href":"https:\/\/www.delicias-uk.com\/pt-pt\/wp-json\/wp\/v2\/types\/product"}],"author":[{"embeddable":true,"href":"https:\/\/www.delicias-uk.com\/pt-pt\/wp-json\/wp\/v2\/users\/43533"}],"replies":[{"embeddable":true,"href":"https:\/\/www.delicias-uk.com\/pt-pt\/wp-json\/wp\/v2\/comments?post=210750"}],"wp:featuredmedia":[{"embeddable":true,"href":"https:\/\/www.delicias-uk.com\/pt-pt\/wp-json\/wp\/v2\/media\/82598"}],"wp:attachment":[{"href":"https:\/\/www.delicias-uk.com\/pt-pt\/wp-json\/wp\/v2\/media?parent=210750"}],"wp:term":[{"taxonomy":"pwb-brand","embeddable":true,"href":"https:\/\/www.delicias-uk.com\/pt-pt\/wp-json\/wp\/v2\/pwb-brand?post=210750"},{"taxonomy":"product_brand","embeddable":true,"href":"https:\/\/www.delicias-uk.com\/pt-pt\/wp-json\/wp\/v2\/product_brand?post=210750"},{"taxonomy":"product_cat","embeddable":true,"href":"https:\/\/www.delicias-uk.com\/pt-pt\/wp-json\/wp\/v2\/product_cat?post=210750"},{"taxonomy":"product_tag","embeddable":true,"href":"https:\/\/www.delicias-uk.com\/pt-pt\/wp-json\/wp\/v2\/product_tag?post=210750"}],"curies":[{"name":"wp","href":"https:\/\/api.w.org\/{rel}","templated":true}]}}