{"id":210726,"date":"2017-10-31T22:00:21","date_gmt":"2017-10-31T22:00:21","guid":{"rendered":"https:\/\/www.delicias-uk.com\/product\/mousse-de-chocolate-alsa-132g\/"},"modified":"2026-03-26T21:43:24","modified_gmt":"2026-03-26T21:43:24","slug":"mousse-de-chocolate-alsa-132g","status":"publish","type":"product","link":"https:\/\/www.delicias-uk.com\/pt-pt\/produto\/mousse-de-chocolate-alsa-132g\/","title":{"rendered":"Mousse de Chocolate Alsa 132g"},"content":{"rendered":"<p>Preparado em p\u00f3 para mousse com sabor a chocolate de leite.<\/p>\n<p><strong>Ingredientes<\/strong>: a\u00e7\u00facar, xarope de glicose, LEITE em p\u00f3 magro 17%, cacau em p\u00f3 magro 15%, gordura de coco, gelatina de porco, emulsionante (\u00e9steres l\u00e1cticos de mono e diglicer\u00eddeos de \u00e1cidos gordos), prote\u00ednas do LEITE, sal, aroma .<\/p>\n<p><strong>Alerg\u00e9nios<\/strong>: Pode conter vest\u00edgios de <strong>GL\u00daTEN (TRIGO), OVO, SOJA, NOZES (AM\u00caNDOAS, AVEL\u00c3S, PISTACHO, NOZES).<\/strong><\/p>\n<p><strong>Informa\u00e7\u00e3o nutricional por 100g:<\/strong><\/p>\n<ul style=\"list-style-type:disc;\">\n<li>Energia 1795 Kj \/ 425 Kcal<\/li>\n<li>Gorduras 13g<\/li>\n<li>dos quais saturados 11g<\/li>\n<li>Hidratos de carbono 60g<\/li>\n<li>dos quais a\u00e7\u00facares 42g<\/li>\n<li>Fibra 4,9g<\/li>\n<li>Prote\u00ednas 15g<\/li>\n<li>Sal 0,66g<\/li>\n<\/ul>\n<p><strong>Pa\u00eds de origem<\/strong>: Portugal.<\/p>\n","protected":false},"excerpt":{"rendered":"<ul style=\"list-style-type:disc;\">\n<li>Peso l\u00edquido 132g<\/li>\n<li>F\u00e1cil e pr\u00e1tico<\/li>\n<li>Serve approx. 7 por\u00e7\u00f5es<\/li>\n<\/ul>\n","protected":false},"author":43533,"featured_media":226433,"comment_status":"open","ping_status":"closed","template":"","meta":[],"pwb-brand":[],"product_brand":[],"product_cat":[8623],"product_tag":[],"class_list":{"0":"post-210726","1":"product","2":"type-product","3":"status-publish","4":"has-post-thumbnail","6":"product_cat-geleia-pudins-mousse","8":"first","9":"instock","10":"taxable","11":"shipping-taxable","12":"purchasable","13":"product-type-simple"},"aioseo_notices":[],"brands":[],"_links":{"self":[{"href":"https:\/\/www.delicias-uk.com\/pt-pt\/wp-json\/wp\/v2\/product\/210726","targetHints":{"allow":["GET"]}}],"collection":[{"href":"https:\/\/www.delicias-uk.com\/pt-pt\/wp-json\/wp\/v2\/product"}],"about":[{"href":"https:\/\/www.delicias-uk.com\/pt-pt\/wp-json\/wp\/v2\/types\/product"}],"author":[{"embeddable":true,"href":"https:\/\/www.delicias-uk.com\/pt-pt\/wp-json\/wp\/v2\/users\/43533"}],"replies":[{"embeddable":true,"href":"https:\/\/www.delicias-uk.com\/pt-pt\/wp-json\/wp\/v2\/comments?post=210726"}],"wp:featuredmedia":[{"embeddable":true,"href":"https:\/\/www.delicias-uk.com\/pt-pt\/wp-json\/wp\/v2\/media\/226433"}],"wp:attachment":[{"href":"https:\/\/www.delicias-uk.com\/pt-pt\/wp-json\/wp\/v2\/media?parent=210726"}],"wp:term":[{"taxonomy":"pwb-brand","embeddable":true,"href":"https:\/\/www.delicias-uk.com\/pt-pt\/wp-json\/wp\/v2\/pwb-brand?post=210726"},{"taxonomy":"product_brand","embeddable":true,"href":"https:\/\/www.delicias-uk.com\/pt-pt\/wp-json\/wp\/v2\/product_brand?post=210726"},{"taxonomy":"product_cat","embeddable":true,"href":"https:\/\/www.delicias-uk.com\/pt-pt\/wp-json\/wp\/v2\/product_cat?post=210726"},{"taxonomy":"product_tag","embeddable":true,"href":"https:\/\/www.delicias-uk.com\/pt-pt\/wp-json\/wp\/v2\/product_tag?post=210726"}],"curies":[{"name":"wp","href":"https:\/\/api.w.org\/{rel}","templated":true}]}}