{"id":210724,"date":"2017-10-31T22:00:21","date_gmt":"2017-10-31T22:00:21","guid":{"rendered":"https:\/\/www.delicias-uk.com\/product\/mouse-de-maracuja-condi-80g\/"},"modified":"2026-03-23T13:59:37","modified_gmt":"2026-03-23T13:59:37","slug":"mouse-de-maracuja-condi-80g","status":"publish","type":"product","link":"https:\/\/www.delicias-uk.com\/pt-pt\/produto\/mouse-de-maracuja-condi-80g\/","title":{"rendered":"Mouse de Maracuj\u00e1 Condi 80g"},"content":{"rendered":"<p>A Mousse de Maracuj\u00e1 Condi \u00e9 uma sobremesa deliciosa e refrescante que oferece um sabor doce e picante de maracuj\u00e1. A mousse tem uma textura macia e aveludada o que a torna uma \u00f3tima op\u00e7\u00e3o para quem quer saborear uma sobremesa frutada.<\/p>\n<p><strong>Ingredientes<\/strong>: A\u00e7\u00facar, gordura de palma e coco hidrogenado. (Leite), Gelatina, Regulador de Acidez (\u00c1cido C\u00edtrico), Aroma Estabilizador (Goma Ar\u00e1bica), Amido e Corantes (Beta-caroteno e Curcumina).<\/p>\n<p><strong>Alerg\u00e9nios<\/strong>: cont\u00e9m <strong>LACTOSE<\/strong> e <strong>GL\u00daTEN.<\/strong><\/p>\n<p><strong>Informa\u00e7\u00e3o nutricional por 100g:<\/strong><\/p>\n<ul style=\"list-style-type:disc\">\n<li>Energia 583 Kj \/ 139 kcal<\/li>\n<li>Gorduras 5,3g<\/li>\n<li>dos quais saturados 4,7g<\/li>\n<li>Hidratos de carbono 18g<\/li>\n<li>dos quais a\u00e7\u00facares 17g<\/li>\n<li>Fibra 0,3g<\/li>\n<li>Prote\u00ednas 4,3g<\/li>\n<li>Sal 0,16g<\/li>\n<\/ul>\n<p><strong>Pa\u00eds de origem<\/strong>: Portugal<\/p>\n","protected":false},"excerpt":{"rendered":"<ul style=\"list-style-type:disc\">\n<li>Peso l\u00edquido 80g<\/li>\n<li>Prepare com \u00e1gua ou leite<\/li>\n<li>Sobremesa deliciosa em minutos<\/li>\n<\/ul>\n","protected":false},"author":43533,"featured_media":226424,"comment_status":"open","ping_status":"closed","template":"","meta":[],"pwb-brand":[],"product_brand":[],"product_cat":[8623,8499],"product_tag":[],"class_list":{"0":"post-210724","1":"product","2":"type-product","3":"status-publish","4":"has-post-thumbnail","6":"product_cat-geleia-pudins-mousse","7":"product_cat-sem-glutem","9":"first","10":"outofstock","11":"taxable","12":"shipping-taxable","13":"purchasable","14":"product-type-simple"},"aioseo_notices":[],"brands":[],"_links":{"self":[{"href":"https:\/\/www.delicias-uk.com\/pt-pt\/wp-json\/wp\/v2\/product\/210724","targetHints":{"allow":["GET"]}}],"collection":[{"href":"https:\/\/www.delicias-uk.com\/pt-pt\/wp-json\/wp\/v2\/product"}],"about":[{"href":"https:\/\/www.delicias-uk.com\/pt-pt\/wp-json\/wp\/v2\/types\/product"}],"author":[{"embeddable":true,"href":"https:\/\/www.delicias-uk.com\/pt-pt\/wp-json\/wp\/v2\/users\/43533"}],"replies":[{"embeddable":true,"href":"https:\/\/www.delicias-uk.com\/pt-pt\/wp-json\/wp\/v2\/comments?post=210724"}],"wp:featuredmedia":[{"embeddable":true,"href":"https:\/\/www.delicias-uk.com\/pt-pt\/wp-json\/wp\/v2\/media\/226424"}],"wp:attachment":[{"href":"https:\/\/www.delicias-uk.com\/pt-pt\/wp-json\/wp\/v2\/media?parent=210724"}],"wp:term":[{"taxonomy":"pwb-brand","embeddable":true,"href":"https:\/\/www.delicias-uk.com\/pt-pt\/wp-json\/wp\/v2\/pwb-brand?post=210724"},{"taxonomy":"product_brand","embeddable":true,"href":"https:\/\/www.delicias-uk.com\/pt-pt\/wp-json\/wp\/v2\/product_brand?post=210724"},{"taxonomy":"product_cat","embeddable":true,"href":"https:\/\/www.delicias-uk.com\/pt-pt\/wp-json\/wp\/v2\/product_cat?post=210724"},{"taxonomy":"product_tag","embeddable":true,"href":"https:\/\/www.delicias-uk.com\/pt-pt\/wp-json\/wp\/v2\/product_tag?post=210724"}],"curies":[{"name":"wp","href":"https:\/\/api.w.org\/{rel}","templated":true}]}}