{"id":210712,"date":"2017-10-31T22:00:21","date_gmt":"2017-10-31T22:00:21","guid":{"rendered":"https:\/\/www.delicias-uk.com\/product\/gelatina-condi-zero-morango-28g\/"},"modified":"2026-02-25T12:52:13","modified_gmt":"2026-02-25T12:52:13","slug":"gelatina-condi-zero-morango-28g","status":"publish","type":"product","link":"https:\/\/www.delicias-uk.com\/pt-pt\/produto\/gelatina-condi-zero-morango-28g\/","title":{"rendered":"Gelatina Condi Zero Morango 28g"},"content":{"rendered":"<p>Mistura para geleia de fruta, zero a\u00e7\u00facar e zero aspartame. Rico em prote\u00ednas, com sabor a morango. F\u00e1cil de fazer!<\/p>\n<p><strong>Ingredientes<\/strong>: \u00e1gua, gelatina (1,9%), reguladores de acidez (\u00e1cido c\u00edtrico, \u00e1cido fum\u00e1rico e citratos de s\u00f3dio), aromas, corantes (antocianinas e complexos de clorofilina c\u00fabica) e edulcorantes (sucralose e acessulfame K).<\/p>\n<p><strong>Alerg\u00e9nios<\/strong>: N\u00e3o cont\u00e9m produtos alerg\u00e9nicos<\/p>\n<p><strong>Informa\u00e7\u00e3o nutricional por 100g:<\/strong><\/p>\n<ul style=\"list-style-type:disc;\">\n<li>Energia 32 Kj \/ 8 kcal<\/li>\n<li>Gorduras 0g<\/li>\n<li>dos quais saturados 0g<\/li>\n<li>Hidratos de carbono 0g<\/li>\n<li>dos quais a\u00e7\u00facares 0g<\/li>\n<li>Prote\u00ednas 1,9g<\/li>\n<li>Fibra 0g<\/li>\n<li>Sal 0,11g<\/li>\n<\/ul>\n<p><strong>Pa\u00eds de origem<\/strong>: Portugal<\/p>\n<p><em>Devido a poss\u00edveis altera\u00e7\u00f5es nas embalagens e\/ou r\u00f3tulos, deve sempre considerar a informa\u00e7\u00e3o que acompanha o produto que recebe.<\/em><\/p>\n","protected":false},"excerpt":{"rendered":"<ul style=\"list-style-type:disc;\">\n<li>Peso l\u00edquido 28g<\/li>\n<li>Rico em prote\u00ednas<\/li>\n<li>Zero A\u00e7\u00facar<\/li>\n<\/ul>\n","protected":false},"author":43533,"featured_media":226409,"comment_status":"open","ping_status":"closed","template":"","meta":[],"pwb-brand":[],"product_brand":[],"product_cat":[8623],"product_tag":[],"class_list":{"0":"post-210712","1":"product","2":"type-product","3":"status-publish","4":"has-post-thumbnail","6":"product_cat-geleia-pudins-mousse","8":"first","9":"instock","10":"taxable","11":"shipping-taxable","12":"purchasable","13":"product-type-simple"},"aioseo_notices":[],"brands":[],"_links":{"self":[{"href":"https:\/\/www.delicias-uk.com\/pt-pt\/wp-json\/wp\/v2\/product\/210712","targetHints":{"allow":["GET"]}}],"collection":[{"href":"https:\/\/www.delicias-uk.com\/pt-pt\/wp-json\/wp\/v2\/product"}],"about":[{"href":"https:\/\/www.delicias-uk.com\/pt-pt\/wp-json\/wp\/v2\/types\/product"}],"author":[{"embeddable":true,"href":"https:\/\/www.delicias-uk.com\/pt-pt\/wp-json\/wp\/v2\/users\/43533"}],"replies":[{"embeddable":true,"href":"https:\/\/www.delicias-uk.com\/pt-pt\/wp-json\/wp\/v2\/comments?post=210712"}],"wp:featuredmedia":[{"embeddable":true,"href":"https:\/\/www.delicias-uk.com\/pt-pt\/wp-json\/wp\/v2\/media\/226409"}],"wp:attachment":[{"href":"https:\/\/www.delicias-uk.com\/pt-pt\/wp-json\/wp\/v2\/media?parent=210712"}],"wp:term":[{"taxonomy":"pwb-brand","embeddable":true,"href":"https:\/\/www.delicias-uk.com\/pt-pt\/wp-json\/wp\/v2\/pwb-brand?post=210712"},{"taxonomy":"product_brand","embeddable":true,"href":"https:\/\/www.delicias-uk.com\/pt-pt\/wp-json\/wp\/v2\/product_brand?post=210712"},{"taxonomy":"product_cat","embeddable":true,"href":"https:\/\/www.delicias-uk.com\/pt-pt\/wp-json\/wp\/v2\/product_cat?post=210712"},{"taxonomy":"product_tag","embeddable":true,"href":"https:\/\/www.delicias-uk.com\/pt-pt\/wp-json\/wp\/v2\/product_tag?post=210712"}],"curies":[{"name":"wp","href":"https:\/\/api.w.org\/{rel}","templated":true}]}}