{"id":210694,"date":"2017-10-31T22:00:21","date_gmt":"2017-10-31T22:00:21","guid":{"rendered":"https:\/\/www.delicias-uk.com\/product\/gelatina-condi-maracuja-30-menos-acucar-114g\/"},"modified":"2026-02-03T17:11:36","modified_gmt":"2026-02-03T17:11:36","slug":"gelatina-condi-maracuja-30-menos-acucar-114g","status":"publish","type":"product","link":"https:\/\/www.delicias-uk.com\/pt-pt\/produto\/gelatina-condi-maracuja-30-menos-acucar-114g\/","title":{"rendered":"Gelatina Condi Maracuj\u00e1 30% Menos A\u00e7\u00facar 114g"},"content":{"rendered":"<p>Preparado em p\u00f3 para confe\u00e7\u00e3o de gelatina com sabor a maracuj\u00e1. \u00d3tima alternativa para uma refei\u00e7\u00e3o r\u00e1pida.<\/p>\n<p><strong>Ingredientes<\/strong>: a\u00e7\u00facar, gelatina (18%), reguladores de acidez (\u00e1cido fum\u00e1rico, citratos de s\u00f3dio e \u00e1cido c\u00edtrico), aroma, sal, antioxidante (\u00e1cido asc\u00f3rbico &#8211; Vitamina C), corante (curcumina e antocianinas) e edulcorante (glicos\u00eddeos de esteviol de st\u00e9via) .<\/p>\n<p><strong>Alerg\u00e9nios:<\/strong> nenhum.<\/p>\n<p><strong>Informa\u00e7\u00e3o nutricional por 100g:<\/strong><\/p>\n<ul style=\"list-style-type:disc;\">\n<li>Energia 169 Kj\/40 kcal<\/li>\n<li>Gorduras 0g<\/li>\n<li>dos quais saturados 0g<\/li>\n<li>Hidratos de carbono 8,1g<\/li>\n<li>dos quais a\u00e7\u00facares 8g<\/li>\n<li>Prote\u00ednas 1,9g<\/li>\n<li>Fibra 0g<\/li>\n<li>Sal 0,11g<\/li>\n<\/ul>\n<p><strong>Pa\u00eds de origem<\/strong>: Portugal<\/p>\n<p><em>Devido a poss\u00edveis altera\u00e7\u00f5es nas embalagens e\/ou r\u00f3tulos, deve sempre considerar a informa\u00e7\u00e3o que acompanha o produto que recebe.<\/em><\/p>\n<\/p>\n<p><strong>M\u00c9TODO DE PREPARA\u00c7\u00c3O<\/strong><\/p>\n<p>1) Dissolva o conte\u00fado de uma saqueta em 250ml de \u00e1gua a ferver<\/p>\n<p>2) Mexa at\u00e9 o p\u00f3 estar bem dissolvido<\/p>\n<p>3) Adicione 250ml de \u00e1gua fria e mexa novamente<\/p>\n<p>4) Coloque numa forma e leve ao frigor\u00edfico at\u00e9 obter consist\u00eancia. Depois de preparado, guarde no frigor\u00edfico.<\/p>\n","protected":false},"excerpt":{"rendered":"<ul style=\"list-style-type:disc;\">\n<li>Peso l\u00edquido 114g<\/li>\n<li>30% menos a\u00e7\u00facar vs vers\u00e3o tradicional<\/li>\n<li>Sem gl\u00faten<\/li>\n<\/ul>\n","protected":false},"author":43533,"featured_media":82488,"comment_status":"open","ping_status":"closed","template":"","meta":[],"pwb-brand":[],"product_brand":[],"product_cat":[8623,8499],"product_tag":[],"class_list":{"0":"post-210694","1":"product","2":"type-product","3":"status-publish","4":"has-post-thumbnail","6":"product_cat-geleia-pudins-mousse","7":"product_cat-sem-glutem","9":"first","10":"outofstock","11":"taxable","12":"shipping-taxable","13":"purchasable","14":"product-type-simple"},"aioseo_notices":[],"brands":[],"_links":{"self":[{"href":"https:\/\/www.delicias-uk.com\/pt-pt\/wp-json\/wp\/v2\/product\/210694","targetHints":{"allow":["GET"]}}],"collection":[{"href":"https:\/\/www.delicias-uk.com\/pt-pt\/wp-json\/wp\/v2\/product"}],"about":[{"href":"https:\/\/www.delicias-uk.com\/pt-pt\/wp-json\/wp\/v2\/types\/product"}],"author":[{"embeddable":true,"href":"https:\/\/www.delicias-uk.com\/pt-pt\/wp-json\/wp\/v2\/users\/43533"}],"replies":[{"embeddable":true,"href":"https:\/\/www.delicias-uk.com\/pt-pt\/wp-json\/wp\/v2\/comments?post=210694"}],"wp:featuredmedia":[{"embeddable":true,"href":"https:\/\/www.delicias-uk.com\/pt-pt\/wp-json\/wp\/v2\/media\/82488"}],"wp:attachment":[{"href":"https:\/\/www.delicias-uk.com\/pt-pt\/wp-json\/wp\/v2\/media?parent=210694"}],"wp:term":[{"taxonomy":"pwb-brand","embeddable":true,"href":"https:\/\/www.delicias-uk.com\/pt-pt\/wp-json\/wp\/v2\/pwb-brand?post=210694"},{"taxonomy":"product_brand","embeddable":true,"href":"https:\/\/www.delicias-uk.com\/pt-pt\/wp-json\/wp\/v2\/product_brand?post=210694"},{"taxonomy":"product_cat","embeddable":true,"href":"https:\/\/www.delicias-uk.com\/pt-pt\/wp-json\/wp\/v2\/product_cat?post=210694"},{"taxonomy":"product_tag","embeddable":true,"href":"https:\/\/www.delicias-uk.com\/pt-pt\/wp-json\/wp\/v2\/product_tag?post=210694"}],"curies":[{"name":"wp","href":"https:\/\/api.w.org\/{rel}","templated":true}]}}