{"id":210666,"date":"2017-10-29T10:55:16","date_gmt":"2017-10-29T10:55:16","guid":{"rendered":"https:\/\/www.delicias-uk.com\/product\/vinho-tinto-quinta-da-gaivosa-vinha-de-lordelo-2011-75cl\/"},"modified":"2025-04-11T18:17:47","modified_gmt":"2025-04-11T17:17:47","slug":"vinho-tinto-quinta-da-gaivosa-vinha-de-lordelo-2011-75cl","status":"publish","type":"product","link":"https:\/\/www.delicias-uk.com\/pt-pt\/produto\/vinho-tinto-quinta-da-gaivosa-vinha-de-lordelo-2011-75cl\/","title":{"rendered":"Quinta da Gaivosa Vinha de Lordelo 2011 75cl"},"content":{"rendered":"<p>Cor profunda. Notas de violetas, eucalipto, verniz e ameixas pretas. Profundo, complexo, mas sempre com frescura e grande eleg\u00e2ncia. A boca \u00e9 plena de fruta fresca, alca\u00e7uz e especiaria. Envolvente, denso, mas comuma harmonia e equil\u00edbrio not\u00e1veis. Uma grandevinha com a impress\u00e3o digital de um grande ano.<\/p>\n<ul>\n<li>Produtor: Alves de Sousa<\/li>\n<li>Regiao: Douro<\/li>\n<li>Pa\u00eds: Portugal<\/li>\n<li>Tipo de Vinho: Tinto<\/li>\n<li>Castas:\u00a0 Touriga Nacional, MalvasiaPreta, Tinta Amarela<\/li>\n<li>Garrafa: 75cl<\/li>\n<li>Teor Alcoolico: 14.5%<\/li>\n<\/ul>\n","protected":false},"excerpt":{"rendered":"<ul style=\"list-style-type:disc;\">\n<li>Produtor: Alves de Sousa<\/li>\n<li>Regiao: Douro<\/li>\n<li>Pa\u00eds: Portugal<\/li>\n<li>Tipo de Vinho: Tinto<\/li>\n<li>Castas:\u00a0 Touriga Nacional, MalvasiaPreta, Tinta Amarela<\/li>\n<li>Garrafa: 75cl<\/li>\n<li>Teor Alcoolico: 14.5%<\/li>\n<\/ul>\n","protected":false},"author":43533,"featured_media":82444,"comment_status":"open","ping_status":"closed","template":"","meta":[],"pwb-brand":[],"product_brand":[],"product_cat":[8289,8291,8431,8449,8823],"product_tag":[],"class_list":{"0":"post-210666","1":"product","2":"type-product","3":"status-publish","4":"has-post-thumbnail","6":"product_cat-inicio","7":"product_cat-produtos-portugueses","8":"product_cat-vinhos-pt-pt","9":"product_cat-vinho-tinto","10":"product_cat-douro-pt-pt","12":"first","13":"outofstock","14":"taxable","15":"shipping-taxable","16":"purchasable","17":"product-type-simple"},"aioseo_notices":[],"brands":[],"_links":{"self":[{"href":"https:\/\/www.delicias-uk.com\/pt-pt\/wp-json\/wp\/v2\/product\/210666","targetHints":{"allow":["GET"]}}],"collection":[{"href":"https:\/\/www.delicias-uk.com\/pt-pt\/wp-json\/wp\/v2\/product"}],"about":[{"href":"https:\/\/www.delicias-uk.com\/pt-pt\/wp-json\/wp\/v2\/types\/product"}],"author":[{"embeddable":true,"href":"https:\/\/www.delicias-uk.com\/pt-pt\/wp-json\/wp\/v2\/users\/43533"}],"replies":[{"embeddable":true,"href":"https:\/\/www.delicias-uk.com\/pt-pt\/wp-json\/wp\/v2\/comments?post=210666"}],"wp:featuredmedia":[{"embeddable":true,"href":"https:\/\/www.delicias-uk.com\/pt-pt\/wp-json\/wp\/v2\/media\/82444"}],"wp:attachment":[{"href":"https:\/\/www.delicias-uk.com\/pt-pt\/wp-json\/wp\/v2\/media?parent=210666"}],"wp:term":[{"taxonomy":"pwb-brand","embeddable":true,"href":"https:\/\/www.delicias-uk.com\/pt-pt\/wp-json\/wp\/v2\/pwb-brand?post=210666"},{"taxonomy":"product_brand","embeddable":true,"href":"https:\/\/www.delicias-uk.com\/pt-pt\/wp-json\/wp\/v2\/product_brand?post=210666"},{"taxonomy":"product_cat","embeddable":true,"href":"https:\/\/www.delicias-uk.com\/pt-pt\/wp-json\/wp\/v2\/product_cat?post=210666"},{"taxonomy":"product_tag","embeddable":true,"href":"https:\/\/www.delicias-uk.com\/pt-pt\/wp-json\/wp\/v2\/product_tag?post=210666"}],"curies":[{"name":"wp","href":"https:\/\/api.w.org\/{rel}","templated":true}]}}