{"id":210656,"date":"2017-10-29T10:55:16","date_gmt":"2017-10-29T10:55:16","guid":{"rendered":"https:\/\/www.delicias-uk.com\/product\/licor-absinto-kimera-70cl-2\/"},"modified":"2025-02-28T15:46:15","modified_gmt":"2025-02-28T15:46:15","slug":"licor-absinto-kimera-70cl-2","status":"publish","type":"product","link":"https:\/\/www.delicias-uk.com\/pt-pt\/produto\/licor-absinto-kimera-70cl-2\/","title":{"rendered":"Licor Absinto Kimera 70cl"},"content":{"rendered":"<p style=\"margin-top:0pt;margin-bottom:0pt;text-align:left;vertical-align:baseline;\"><span style=\"font-size:12pt;font-family:'Calibri Light';color:#000000;font-weight:normal;font-style:normal;\">O Absinto <\/span><span style=\"font-size:12pt;font-family:'Calibri Light';color:#000000;\">Kimera <\/span><span style=\"font-size:12pt;font-family:'Calibri Light';color:#000000;\">\u00e9 <\/span><span style=\"font-size:12pt;font-family:'Calibri Light';color:#000000;\">um dos melhores <\/span><span style=\"font-size:12pt;font-family:'Calibri Light';color:#000000;\">do <\/span><span style=\"font-size:12pt;font-family:'Calibri Light';color:#000000;\">mundo<\/span><span style=\"font-size:12pt;font-family:'Calibri Light';color:#000000;\">. <\/span><span style=\"font-size:12pt;font-family:'Calibri Light';color:#000000;font-weight:normal;font-style:normal;\">Ardente, forte e fant\u00e1stico.<\/span><\/p>\n<p style=\"margin-top:0pt;margin-bottom:0pt;text-align:left;vertical-align:baseline;\"><span style=\"font-size:12pt;font-family:'Calibri Light';color:#000000;font-weight:normal;font-style:normal;\"><\/span><\/p>\n<p style=\"margin-top:0pt;margin-bottom:0pt;text-align:left;vertical-align:baseline;\">\n<p style=\"margin-top:0pt;margin-bottom:0pt;text-align:left;vertical-align:baseline;\"><span style=\"font-size:12pt;font-family:'Calibri Light';color:#000000;\">Garrafa: 700 ml<\/span><\/p>\n<p style=\"margin-top:0pt;margin-bottom:0pt;text-align:left;vertical-align:baseline;\"><span style=\"font-size:12pt;font-family:'Calibri Light';color:#000000;\">Teor Alco\u00f3lico: 40.0%<\/span><\/p>\n","protected":false},"excerpt":{"rendered":"<p>O Absinto Kimera \u00e9 um dos melhores do mundo. Ardente, forte e fant\u00e1stico. Garrafa: 700 ml Teor Alco\u00f3lico: 40.0%<\/p>\n","protected":false},"author":43533,"featured_media":82428,"comment_status":"open","ping_status":"closed","template":"","meta":[],"pwb-brand":[],"product_brand":[],"product_cat":[8289,8291,8417,8509],"product_tag":[],"class_list":{"0":"post-210656","1":"product","2":"type-product","3":"status-publish","4":"has-post-thumbnail","6":"product_cat-inicio","7":"product_cat-produtos-portugueses","8":"product_cat-espirituosas-licor","9":"product_cat-licor","11":"first","12":"instock","13":"taxable","14":"shipping-taxable","15":"purchasable","16":"product-type-simple"},"aioseo_notices":[],"brands":[],"_links":{"self":[{"href":"https:\/\/www.delicias-uk.com\/pt-pt\/wp-json\/wp\/v2\/product\/210656","targetHints":{"allow":["GET"]}}],"collection":[{"href":"https:\/\/www.delicias-uk.com\/pt-pt\/wp-json\/wp\/v2\/product"}],"about":[{"href":"https:\/\/www.delicias-uk.com\/pt-pt\/wp-json\/wp\/v2\/types\/product"}],"author":[{"embeddable":true,"href":"https:\/\/www.delicias-uk.com\/pt-pt\/wp-json\/wp\/v2\/users\/43533"}],"replies":[{"embeddable":true,"href":"https:\/\/www.delicias-uk.com\/pt-pt\/wp-json\/wp\/v2\/comments?post=210656"}],"wp:featuredmedia":[{"embeddable":true,"href":"https:\/\/www.delicias-uk.com\/pt-pt\/wp-json\/wp\/v2\/media\/82428"}],"wp:attachment":[{"href":"https:\/\/www.delicias-uk.com\/pt-pt\/wp-json\/wp\/v2\/media?parent=210656"}],"wp:term":[{"taxonomy":"pwb-brand","embeddable":true,"href":"https:\/\/www.delicias-uk.com\/pt-pt\/wp-json\/wp\/v2\/pwb-brand?post=210656"},{"taxonomy":"product_brand","embeddable":true,"href":"https:\/\/www.delicias-uk.com\/pt-pt\/wp-json\/wp\/v2\/product_brand?post=210656"},{"taxonomy":"product_cat","embeddable":true,"href":"https:\/\/www.delicias-uk.com\/pt-pt\/wp-json\/wp\/v2\/product_cat?post=210656"},{"taxonomy":"product_tag","embeddable":true,"href":"https:\/\/www.delicias-uk.com\/pt-pt\/wp-json\/wp\/v2\/product_tag?post=210656"}],"curies":[{"name":"wp","href":"https:\/\/api.w.org\/{rel}","templated":true}]}}