{"id":210638,"date":"2017-10-29T10:55:16","date_gmt":"2017-10-29T10:55:16","guid":{"rendered":"https:\/\/www.delicias-uk.com\/product\/red-alent-am-reserva-2015-75cl-2\/"},"modified":"2025-08-26T16:33:51","modified_gmt":"2025-08-26T15:33:51","slug":"adega-mayor-reserva-2022-75cl","status":"publish","type":"product","link":"https:\/\/www.delicias-uk.com\/pt-pt\/produto\/adega-mayor-reserva-2022-75cl\/","title":{"rendered":"Adega Mayor Reserva 2022 75cl"},"content":{"rendered":"<h3 data-start=\"100\" data-end=\"133\"><strong data-start=\"104\" data-end=\"131\">Adega Mayor Reserva Tinto<\/strong><\/h3>\n<p data-start=\"135\" data-end=\"523\">Vinho tinto <strong data-start=\"147\" data-end=\"155\">ruby<\/strong>, concentrado e elegante. No nariz \u00e9 intenso e expressivo, com aromas de <strong data-start=\"228\" data-end=\"268\">bagas vermelhas, ameixa preta madura<\/strong> e ligeiro floral de violeta, apoiados por notas de <strong data-start=\"320\" data-end=\"360\">especiaria, l\u00e1pis e carvalho tostado<\/strong>. Na boca, o corpo estruturado confirma e aprofunda o perfil arom\u00e1tico, revelando <strong data-start=\"442\" data-end=\"477\">taninos assertivos e integrados<\/strong> e culminando num final longo e persistente.<\/p>\n<p data-start=\"525\" data-end=\"773\"><strong data-start=\"525\" data-end=\"538\">Produtor:<\/strong> Adega Mayor<br data-start=\"550\" data-end=\"553\" \/><strong data-start=\"553\" data-end=\"564\">Regi\u00e3o:<\/strong> Alentejo, Portugal<br data-start=\"583\" data-end=\"586\" \/><strong data-start=\"586\" data-end=\"597\">Estilo:<\/strong> Vinho Tinto<br data-start=\"609\" data-end=\"612\" \/><strong data-start=\"612\" data-end=\"623\">Castas:<\/strong> 40% Aragonez, 30% Touriga Nacional, 30% Alicante Bouschet<br data-start=\"681\" data-end=\"684\" \/><strong data-start=\"684\" data-end=\"696\">Garrafa:<\/strong> 75cl<br data-start=\"701\" data-end=\"704\" data-is-only-node=\"\" \/><strong data-start=\"704\" data-end=\"723\">Teor Alco\u00f3lico:<\/strong> 14,5%<br data-start=\"729\" data-end=\"732\" \/><strong data-start=\"732\" data-end=\"759\">Temperatura de Servi\u00e7o:<\/strong> 16\u00baC \u2013 18\u00baC<\/p>\n<p data-start=\"775\" data-end=\"1080\"><strong data-start=\"775\" data-end=\"791\">Vinifica\u00e7\u00e3o:<\/strong> Ap\u00f3s vindima manual em caixas de 20kg, as uvas s\u00e3o cuidadosamente selecionadas. Fermentam em cubas de inox com temperatura controlada; parte do vinho estagia em inox e outra parte em barricas usadas de carvalho franc\u00eas durante 12 meses, seguindo-se est\u00e1gio em garrafa at\u00e9 ao lan\u00e7amento.<\/p>\n<p data-start=\"1082\" data-end=\"1270\"><strong data-start=\"1082\" data-end=\"1098\">Gastronomia:<\/strong> A eleg\u00e2ncia e estrutura permitem harmoniza\u00e7\u00f5es com <strong data-start=\"1150\" data-end=\"1184\">gastronomia t\u00edpica do Alentejo<\/strong>, ca\u00e7a, enchidos, carne de porco com migas, ou pratos ex\u00f3ticos ricos em especiarias.<\/p>\n","protected":false},"excerpt":{"rendered":"<ul>\n<li style=\"text-align: left; vertical-align: baseline;\"><strong data-start=\"525\" data-end=\"538\">Produtor:<\/strong> Adega Mayor<\/li>\n<li style=\"text-align: left; vertical-align: baseline;\"><strong data-start=\"553\" data-end=\"564\">Regi\u00e3o:<\/strong> Alentejo, Portugal<\/li>\n<li style=\"text-align: left; vertical-align: baseline;\"><strong data-start=\"586\" data-end=\"597\">Estilo:<\/strong> Vinho Tinto<\/li>\n<li style=\"text-align: left; vertical-align: baseline;\"><strong data-start=\"612\" data-end=\"623\">Castas:<\/strong> 40% Aragonez, 30% Touriga Nacional, 30% Alicante Bouschet<\/li>\n<li style=\"text-align: left; vertical-align: baseline;\"><strong data-start=\"684\" data-end=\"696\">Garrafa:<\/strong> 75cl<\/li>\n<li style=\"text-align: left; vertical-align: baseline;\"><strong data-start=\"704\" data-end=\"723\">Teor Alco\u00f3lico:<\/strong> 14,5%<\/li>\n<li style=\"text-align: left; vertical-align: baseline;\"><strong data-start=\"732\" data-end=\"759\">Temperatura de Servi\u00e7o:<\/strong> 16\u00baC \u2013 18\u00baC<\/li>\n<\/ul>\n","protected":false},"author":43533,"featured_media":233954,"comment_status":"open","ping_status":"closed","template":"","meta":[],"pwb-brand":[],"product_brand":[],"product_cat":[8289,8291,8431,8449,8685],"product_tag":[9239,9237],"class_list":{"0":"post-210638","1":"product","2":"type-product","3":"status-publish","4":"has-post-thumbnail","6":"product_cat-inicio","7":"product_cat-produtos-portugueses","8":"product_cat-vinhos-pt-pt","9":"product_cat-vinho-tinto","10":"product_cat-alentejo-pt-pt","11":"product_tag-alentejo-pt-pt","12":"product_tag-red-wine-pt-pt","14":"first","15":"instock","16":"taxable","17":"shipping-taxable","18":"purchasable","19":"product-type-simple"},"aioseo_notices":[],"brands":[],"_links":{"self":[{"href":"https:\/\/www.delicias-uk.com\/pt-pt\/wp-json\/wp\/v2\/product\/210638","targetHints":{"allow":["GET"]}}],"collection":[{"href":"https:\/\/www.delicias-uk.com\/pt-pt\/wp-json\/wp\/v2\/product"}],"about":[{"href":"https:\/\/www.delicias-uk.com\/pt-pt\/wp-json\/wp\/v2\/types\/product"}],"author":[{"embeddable":true,"href":"https:\/\/www.delicias-uk.com\/pt-pt\/wp-json\/wp\/v2\/users\/43533"}],"replies":[{"embeddable":true,"href":"https:\/\/www.delicias-uk.com\/pt-pt\/wp-json\/wp\/v2\/comments?post=210638"}],"wp:featuredmedia":[{"embeddable":true,"href":"https:\/\/www.delicias-uk.com\/pt-pt\/wp-json\/wp\/v2\/media\/233954"}],"wp:attachment":[{"href":"https:\/\/www.delicias-uk.com\/pt-pt\/wp-json\/wp\/v2\/media?parent=210638"}],"wp:term":[{"taxonomy":"pwb-brand","embeddable":true,"href":"https:\/\/www.delicias-uk.com\/pt-pt\/wp-json\/wp\/v2\/pwb-brand?post=210638"},{"taxonomy":"product_brand","embeddable":true,"href":"https:\/\/www.delicias-uk.com\/pt-pt\/wp-json\/wp\/v2\/product_brand?post=210638"},{"taxonomy":"product_cat","embeddable":true,"href":"https:\/\/www.delicias-uk.com\/pt-pt\/wp-json\/wp\/v2\/product_cat?post=210638"},{"taxonomy":"product_tag","embeddable":true,"href":"https:\/\/www.delicias-uk.com\/pt-pt\/wp-json\/wp\/v2\/product_tag?post=210638"}],"curies":[{"name":"wp","href":"https:\/\/api.w.org\/{rel}","templated":true}]}}