{"id":210636,"date":"2017-10-29T10:55:15","date_gmt":"2017-10-29T10:55:15","guid":{"rendered":"https:\/\/www.delicias-uk.com\/product\/anselmo-mendes-parcela-unica-2021-75cl-2\/"},"modified":"2025-02-06T17:18:46","modified_gmt":"2025-02-06T17:18:46","slug":"anselmo-mendes-parcela-unica-2021-75cl-2","status":"publish","type":"product","link":"https:\/\/www.delicias-uk.com\/pt-pt\/produto\/anselmo-mendes-parcela-unica-2021-75cl-2\/","title":{"rendered":"Parcela \u00danica Alvarinho 2021 75cl"},"content":{"rendered":"<p>Vinho branco feito a partir de uvas da variedade Alvarinho, produzido exclusivamente em Mon\u00e7\u00e3o e Melga\u00e7o. Vem de um \u00fanico lote que produz um vinho que revela o Alvarinho no seu estado mais puro e original. Aromas muito finos de baixa intensidade em que se nota a alta qualidade da madeira. Elegante e extremamente mineral com nuances esfuma\u00e7adas. Excelente estrutura e acidez. Final longo e muito elegante com a delicadeza da variedade Alvarinho.<\/p>\n","protected":false},"excerpt":{"rendered":"<ul style=\"list-style-type:disc;\">\n<li><strong>Tipo<\/strong>: Vinho Branco<\/li>\n<li><strong>Regi\u00e3o<\/strong>: Vinho Verde<\/li>\n<li><strong>Castas<\/strong>: Alvarinho<\/li>\n<li><strong>Tamanho da garrafa<\/strong>: 750 ml<\/li>\n<li><strong>Volume<\/strong>: 13%<\/li>\n<li><strong>En\u00f3logo<\/strong>: Anselmo Mendes<\/li>\n<\/ul>\n","protected":false},"author":43533,"featured_media":192546,"comment_status":"open","ping_status":"closed","template":"","meta":[],"pwb-brand":[],"product_brand":[],"product_cat":[8289,8291,8431,8489,8881],"product_tag":[],"class_list":{"0":"post-210636","1":"product","2":"type-product","3":"status-publish","4":"has-post-thumbnail","6":"product_cat-inicio","7":"product_cat-produtos-portugueses","8":"product_cat-vinhos-pt-pt","9":"product_cat-vinho-branco","10":"product_cat-minho-pt-pt-vinho-branco","12":"first","13":"instock","14":"taxable","15":"shipping-taxable","16":"purchasable","17":"product-type-simple"},"aioseo_notices":[],"brands":[],"_links":{"self":[{"href":"https:\/\/www.delicias-uk.com\/pt-pt\/wp-json\/wp\/v2\/product\/210636","targetHints":{"allow":["GET"]}}],"collection":[{"href":"https:\/\/www.delicias-uk.com\/pt-pt\/wp-json\/wp\/v2\/product"}],"about":[{"href":"https:\/\/www.delicias-uk.com\/pt-pt\/wp-json\/wp\/v2\/types\/product"}],"author":[{"embeddable":true,"href":"https:\/\/www.delicias-uk.com\/pt-pt\/wp-json\/wp\/v2\/users\/43533"}],"replies":[{"embeddable":true,"href":"https:\/\/www.delicias-uk.com\/pt-pt\/wp-json\/wp\/v2\/comments?post=210636"}],"wp:featuredmedia":[{"embeddable":true,"href":"https:\/\/www.delicias-uk.com\/pt-pt\/wp-json\/wp\/v2\/media\/192546"}],"wp:attachment":[{"href":"https:\/\/www.delicias-uk.com\/pt-pt\/wp-json\/wp\/v2\/media?parent=210636"}],"wp:term":[{"taxonomy":"pwb-brand","embeddable":true,"href":"https:\/\/www.delicias-uk.com\/pt-pt\/wp-json\/wp\/v2\/pwb-brand?post=210636"},{"taxonomy":"product_brand","embeddable":true,"href":"https:\/\/www.delicias-uk.com\/pt-pt\/wp-json\/wp\/v2\/product_brand?post=210636"},{"taxonomy":"product_cat","embeddable":true,"href":"https:\/\/www.delicias-uk.com\/pt-pt\/wp-json\/wp\/v2\/product_cat?post=210636"},{"taxonomy":"product_tag","embeddable":true,"href":"https:\/\/www.delicias-uk.com\/pt-pt\/wp-json\/wp\/v2\/product_tag?post=210636"}],"curies":[{"name":"wp","href":"https:\/\/api.w.org\/{rel}","templated":true}]}}