{"id":210626,"date":"2017-10-29T10:55:15","date_gmt":"2017-10-29T10:55:15","guid":{"rendered":"https:\/\/www.delicias-uk.com\/product\/vinho-do-porto-pacheca-vintage-2012-75cl\/"},"modified":"2017-10-29T10:55:15","modified_gmt":"2017-10-29T10:55:15","slug":"vinho-do-porto-pacheca-vintage-2012-75cl","status":"publish","type":"product","link":"https:\/\/www.delicias-uk.com\/pt-pt\/produto\/vinho-do-porto-pacheca-vintage-2012-75cl\/","title":{"rendered":"Pacheca Vintage 2012 75cl"},"content":{"rendered":"<p>Castas: Touriga Nacional, Tinta Roriz, Tinto C\u00e3o, Tinta Amarela, Touriga Franca, Souz\u00e3o, Tinto C\u00e3o<\/p>\n<p>Notas de Prova: No nariz apresenta um vigoroso car\u00e1cter frutado. Notas de damasco surgem quando o vinho se abre na ta\u00e7a, seguidas por notas mais quentes de chocolate amargo. O paladar \u00e9 praticamente esmagado por ricos sabores de frutas pretas e pelos taninos densos e compactos que fornecem um volume e abund\u00e2ncia impressionantes.<\/p>\n<p>Recomenda\u00e7\u00f5es para armazenar e servir: Armazenar na horizontal a 15\u00ba C de temperatura constante. Servir a 15 &#8211; 18\u00bac.<\/p>\n","protected":false},"excerpt":{"rendered":"<ul style=\"list-style-type:disc;\">\n<li>Regi\u00e3o: Vinho do Porto<\/li>\n<li>Tipo: Porto vintage<\/li>\n<li>Vintage: 2012<\/li>\n<li>Teor alco\u00f3lico: 20%<\/li>\n<\/ul>\n","protected":false},"author":43533,"featured_media":192532,"comment_status":"open","ping_status":"closed","template":"","meta":[],"pwb-brand":[],"product_brand":[],"product_cat":[9344,8289,8291,8431,8589],"product_tag":[],"class_list":{"0":"post-210626","1":"product","2":"type-product","3":"status-publish","4":"has-post-thumbnail","6":"product_cat-vinho-fortificado","7":"product_cat-inicio","8":"product_cat-produtos-portugueses","9":"product_cat-vinhos-pt-pt","10":"product_cat-porto","12":"first","13":"instock","14":"taxable","15":"shipping-taxable","16":"purchasable","17":"product-type-simple"},"aioseo_notices":[],"brands":[],"_links":{"self":[{"href":"https:\/\/www.delicias-uk.com\/pt-pt\/wp-json\/wp\/v2\/product\/210626","targetHints":{"allow":["GET"]}}],"collection":[{"href":"https:\/\/www.delicias-uk.com\/pt-pt\/wp-json\/wp\/v2\/product"}],"about":[{"href":"https:\/\/www.delicias-uk.com\/pt-pt\/wp-json\/wp\/v2\/types\/product"}],"author":[{"embeddable":true,"href":"https:\/\/www.delicias-uk.com\/pt-pt\/wp-json\/wp\/v2\/users\/43533"}],"replies":[{"embeddable":true,"href":"https:\/\/www.delicias-uk.com\/pt-pt\/wp-json\/wp\/v2\/comments?post=210626"}],"wp:featuredmedia":[{"embeddable":true,"href":"https:\/\/www.delicias-uk.com\/pt-pt\/wp-json\/wp\/v2\/media\/192532"}],"wp:attachment":[{"href":"https:\/\/www.delicias-uk.com\/pt-pt\/wp-json\/wp\/v2\/media?parent=210626"}],"wp:term":[{"taxonomy":"pwb-brand","embeddable":true,"href":"https:\/\/www.delicias-uk.com\/pt-pt\/wp-json\/wp\/v2\/pwb-brand?post=210626"},{"taxonomy":"product_brand","embeddable":true,"href":"https:\/\/www.delicias-uk.com\/pt-pt\/wp-json\/wp\/v2\/product_brand?post=210626"},{"taxonomy":"product_cat","embeddable":true,"href":"https:\/\/www.delicias-uk.com\/pt-pt\/wp-json\/wp\/v2\/product_cat?post=210626"},{"taxonomy":"product_tag","embeddable":true,"href":"https:\/\/www.delicias-uk.com\/pt-pt\/wp-json\/wp\/v2\/product_tag?post=210626"}],"curies":[{"name":"wp","href":"https:\/\/api.w.org\/{rel}","templated":true}]}}