{"id":210614,"date":"2017-10-29T10:55:15","date_gmt":"2017-10-29T10:55:15","guid":{"rendered":"https:\/\/www.delicias-uk.com\/product\/madeira-wine-hmborges-dry-reserve-5-years-75cl-2\/"},"modified":"2025-02-06T17:14:00","modified_gmt":"2025-02-06T17:14:00","slug":"madeira-wine-hmborges-dry-reserve-5-years-75cl-2","status":"publish","type":"product","link":"https:\/\/www.delicias-uk.com\/pt-pt\/produto\/madeira-wine-hmborges-dry-reserve-5-years-75cl-2\/","title":{"rendered":"Madeira Reserva Seco 5 Anos H.M.Borges 75cl"},"content":{"rendered":"<p style=\"margin-top:0pt;margin-bottom:0pt;text-align:justify;vertical-align:baseline;\"><span style=\"font-size:12pt;font-family:'Calibri Light';color:#000000;\">Produziu 100% de Tinta Negra Mole (uva vermelha de vinho portuguesa) de v\u00e1rias colheitas com uma idade m\u00e9dia de 5 anos. Seco, de cor \u00e2mbar, aroma amadeirado e complexo, distinto e harmonioso. Enchimento da boca. Ideal para servir como digestivo com queijo, salm\u00e3o ou como desejar.<\/span><\/p>\n<p style=\"margin-top:0pt;margin-bottom:0pt;text-align:justify;vertical-align:baseline;\"><span style=\"font-size:12pt;font-family:'Calibri Light';color:#000000;\">Garrafa: 750 ml<\/span><\/p>\n<p style=\"margin-top:0pt;margin-bottom:0pt;text-align:justify;vertical-align:baseline;\"><span style=\"font-size:12pt;font-family:'Calibri Light';color:#000000;\">Teor Alco\u00f3lico: 18.5%<\/span><\/p>\n","protected":false},"excerpt":{"rendered":"<p>Produziu 100% de Tinta Negra Mole (uva vermelha de vinho portuguesa) de v\u00e1rias colheitas com uma idade m\u00e9dia de 5 anos. Seco, de cor \u00e2mbar, aroma amadeirado e complexo, distinto e harmonioso. Enchimento da boca. Ideal para servir como digestivo com queijo, salm\u00e3o ou como desejar. Garrafa: 750 ml Teor Alco\u00f3lico: 18.5%<\/p>\n","protected":false},"author":43533,"featured_media":56826,"comment_status":"open","ping_status":"closed","template":"","meta":[],"pwb-brand":[],"product_brand":[],"product_cat":[9344,8289,8291,8431,8609],"product_tag":[],"class_list":{"0":"post-210614","1":"product","2":"type-product","3":"status-publish","4":"has-post-thumbnail","6":"product_cat-vinho-fortificado","7":"product_cat-inicio","8":"product_cat-produtos-portugueses","9":"product_cat-vinhos-pt-pt","10":"product_cat-madeira","12":"first","13":"instock","14":"taxable","15":"shipping-taxable","16":"purchasable","17":"product-type-simple"},"aioseo_notices":[],"brands":[],"_links":{"self":[{"href":"https:\/\/www.delicias-uk.com\/pt-pt\/wp-json\/wp\/v2\/product\/210614","targetHints":{"allow":["GET"]}}],"collection":[{"href":"https:\/\/www.delicias-uk.com\/pt-pt\/wp-json\/wp\/v2\/product"}],"about":[{"href":"https:\/\/www.delicias-uk.com\/pt-pt\/wp-json\/wp\/v2\/types\/product"}],"author":[{"embeddable":true,"href":"https:\/\/www.delicias-uk.com\/pt-pt\/wp-json\/wp\/v2\/users\/43533"}],"replies":[{"embeddable":true,"href":"https:\/\/www.delicias-uk.com\/pt-pt\/wp-json\/wp\/v2\/comments?post=210614"}],"wp:featuredmedia":[{"embeddable":true,"href":"https:\/\/www.delicias-uk.com\/pt-pt\/wp-json\/wp\/v2\/media\/56826"}],"wp:attachment":[{"href":"https:\/\/www.delicias-uk.com\/pt-pt\/wp-json\/wp\/v2\/media?parent=210614"}],"wp:term":[{"taxonomy":"pwb-brand","embeddable":true,"href":"https:\/\/www.delicias-uk.com\/pt-pt\/wp-json\/wp\/v2\/pwb-brand?post=210614"},{"taxonomy":"product_brand","embeddable":true,"href":"https:\/\/www.delicias-uk.com\/pt-pt\/wp-json\/wp\/v2\/product_brand?post=210614"},{"taxonomy":"product_cat","embeddable":true,"href":"https:\/\/www.delicias-uk.com\/pt-pt\/wp-json\/wp\/v2\/product_cat?post=210614"},{"taxonomy":"product_tag","embeddable":true,"href":"https:\/\/www.delicias-uk.com\/pt-pt\/wp-json\/wp\/v2\/product_tag?post=210614"}],"curies":[{"name":"wp","href":"https:\/\/api.w.org\/{rel}","templated":true}]}}