{"id":210612,"date":"2017-10-29T10:55:15","date_gmt":"2017-10-29T10:55:15","guid":{"rendered":"https:\/\/www.delicias-uk.com\/product\/madeira-wine-hmborges-dry-sercial-reserve-10yrs-75cl-2\/"},"modified":"2025-11-27T18:52:21","modified_gmt":"2025-11-27T18:52:21","slug":"madeira-wine-hmborges-dry-sercial-reserve-10yrs-75cl-2","status":"publish","type":"product","link":"https:\/\/www.delicias-uk.com\/pt-pt\/produto\/madeira-wine-hmborges-dry-sercial-reserve-10yrs-75cl-2\/","title":{"rendered":"Madeira Sercial Reserva Seco 10 Anos H.M.Borges 75cl"},"content":{"rendered":"<p style=\"margin-top:0pt;margin-bottom:0pt;text-align:justify;vertical-align:baseline;\"><span style=\"font-size:12pt;font-family:'Calibri Light';color:#000000;\">Produzido exclusivamente a partir de Sercial de diferentes anos de colheita e com uma idade m\u00e9dia de 10 anos. <\/span><span style=\"font-size:12pt;font-family:'Calibri Light';color:#000000;font-style:normal;\">Cor \u00e2mbar claro, com reflexos dourados. Amadeirado e refrescante no nariz. Notas de iodo laranja, nozes e torradas. Bem estruturado e complexo na boca e de concentra\u00e7\u00e3o arom\u00e1tica complexa. Notas de madeira, com densos taninos, que combinados com as caracter\u00edsticas secas da casta, transmitem sabores diferentes, com predomin\u00e2ncia de nozes e cera de abelha.<\/span><\/p>\n<p style=\"margin-top:0pt;margin-bottom:0pt;text-align:left;vertical-align:baseline;\"><span style=\"font-size:12pt;font-family:'Calibri Light';color:#000000;\">Garrafa<\/span><span style=\"font-size:12pt;font-family:'Calibri Light';color:#000000;\">: 750 ml<\/span><\/p>\n<p style=\"margin-top:0pt;margin-bottom:0pt;text-align:left;vertical-align:baseline;\"><span style=\"font-size:12pt;font-family:'Calibri Light';color:#000000;\">Teor<\/span><span style=\"font-size:12pt;font-family:'Calibri Light';color:#000000;\"> <\/span><span style=\"font-size:12pt;font-family:'Calibri Light';color:#000000;\">Alco\u00f3lico<\/span><span style=\"font-size:12pt;font-family:'Calibri Light';color:#000000;\">: 19.0%<\/span><\/p>\n","protected":false},"excerpt":{"rendered":"<p>Produzido exclusivamente a partir de Sercial de diferentes anos de colheita e com uma idade m\u00e9dia de 10 anos. Cor \u00e2mbar claro, com reflexos dourados. Amadeirado e refrescante no nariz. Notas de iodo laranja, nozes e torradas. Bem estruturado e complexo na boca e de concentra\u00e7\u00e3o arom\u00e1tica complexa. Notas de madeira, com densos taninos, que [&hellip;]<\/p>\n","protected":false},"author":43533,"featured_media":56822,"comment_status":"open","ping_status":"closed","template":"","meta":[],"pwb-brand":[],"product_brand":[],"product_cat":[9344,8289,8291,8431,8609],"product_tag":[],"class_list":{"0":"post-210612","1":"product","2":"type-product","3":"status-publish","4":"has-post-thumbnail","6":"product_cat-vinho-fortificado","7":"product_cat-inicio","8":"product_cat-produtos-portugueses","9":"product_cat-vinhos-pt-pt","10":"product_cat-madeira","12":"first","13":"instock","14":"taxable","15":"shipping-taxable","16":"purchasable","17":"product-type-simple"},"aioseo_notices":[],"brands":[],"_links":{"self":[{"href":"https:\/\/www.delicias-uk.com\/pt-pt\/wp-json\/wp\/v2\/product\/210612","targetHints":{"allow":["GET"]}}],"collection":[{"href":"https:\/\/www.delicias-uk.com\/pt-pt\/wp-json\/wp\/v2\/product"}],"about":[{"href":"https:\/\/www.delicias-uk.com\/pt-pt\/wp-json\/wp\/v2\/types\/product"}],"author":[{"embeddable":true,"href":"https:\/\/www.delicias-uk.com\/pt-pt\/wp-json\/wp\/v2\/users\/43533"}],"replies":[{"embeddable":true,"href":"https:\/\/www.delicias-uk.com\/pt-pt\/wp-json\/wp\/v2\/comments?post=210612"}],"wp:featuredmedia":[{"embeddable":true,"href":"https:\/\/www.delicias-uk.com\/pt-pt\/wp-json\/wp\/v2\/media\/56822"}],"wp:attachment":[{"href":"https:\/\/www.delicias-uk.com\/pt-pt\/wp-json\/wp\/v2\/media?parent=210612"}],"wp:term":[{"taxonomy":"pwb-brand","embeddable":true,"href":"https:\/\/www.delicias-uk.com\/pt-pt\/wp-json\/wp\/v2\/pwb-brand?post=210612"},{"taxonomy":"product_brand","embeddable":true,"href":"https:\/\/www.delicias-uk.com\/pt-pt\/wp-json\/wp\/v2\/product_brand?post=210612"},{"taxonomy":"product_cat","embeddable":true,"href":"https:\/\/www.delicias-uk.com\/pt-pt\/wp-json\/wp\/v2\/product_cat?post=210612"},{"taxonomy":"product_tag","embeddable":true,"href":"https:\/\/www.delicias-uk.com\/pt-pt\/wp-json\/wp\/v2\/product_tag?post=210612"}],"curies":[{"name":"wp","href":"https:\/\/api.w.org\/{rel}","templated":true}]}}