{"id":210610,"date":"2017-10-29T10:55:15","date_gmt":"2017-10-29T10:55:15","guid":{"rendered":"https:\/\/www.delicias-uk.com\/product\/madeira-wine-hmborges-sweet-reserve-5-years-75cl-2\/"},"modified":"2017-10-29T10:55:15","modified_gmt":"2017-10-29T10:55:15","slug":"madeira-wine-hmborges-sweet-reserve-5-years-75cl-2","status":"publish","type":"product","link":"https:\/\/www.delicias-uk.com\/pt-pt\/produto\/madeira-wine-hmborges-sweet-reserve-5-years-75cl-2\/","title":{"rendered":"Madeira Reserva Doce 5 Anos H.M.Borges 75cl"},"content":{"rendered":"<p style=\"margin-top:0pt;margin-bottom:0pt;text-align:justify;vertical-align:baseline;\"><span style=\"font-size:12pt;font-family:'Calibri Light';color:#000000;\">Produziu 100% da casta Tinta Negra Mole de v\u00e1rias colheitas com uma idade m\u00e9dia de 5 anos. Doce, de cor acastanhada, arom\u00e1tico e complexo, distinto e harmonioso. Enchimento da boca. Ideal para servir como digestivo ou como desejado.<\/span><\/p>\n<p style=\"margin-top:0pt;margin-bottom:0pt;text-align:justify;vertical-align:baseline;\"><span style=\"font-size:12pt;font-family:'Calibri Light';color:#000000;\">Garrafa: 750 ml<\/span><\/p>\n<p style=\"margin-top:0pt;margin-bottom:0pt;text-align:justify;vertical-align:baseline;\"><span style=\"font-size:12pt;font-family:'Calibri Light';color:#000000;\">Teor Alco\u00f3lico: 18.5%<\/span><\/p>\n","protected":false},"excerpt":{"rendered":"<p>Produziu 100% da casta Tinta Negra Mole de v\u00e1rias colheitas com uma idade m\u00e9dia de 5 anos. Doce, de cor acastanhada, arom\u00e1tico e complexo, distinto e harmonioso. Enchimento da boca. Ideal para servir como digestivo ou como desejado. Garrafa: 750 ml Teor Alco\u00f3lico: 18.5%<\/p>\n","protected":false},"author":43533,"featured_media":56818,"comment_status":"open","ping_status":"closed","template":"","meta":[],"pwb-brand":[],"product_brand":[],"product_cat":[8289,8291,8431,8609],"product_tag":[],"class_list":{"0":"post-210610","1":"product","2":"type-product","3":"status-publish","4":"has-post-thumbnail","6":"product_cat-inicio","7":"product_cat-produtos-portugueses","8":"product_cat-vinhos-pt-pt","9":"product_cat-madeira","11":"first","12":"outofstock","13":"taxable","14":"shipping-taxable","15":"purchasable","16":"product-type-simple"},"aioseo_notices":[],"brands":[],"_links":{"self":[{"href":"https:\/\/www.delicias-uk.com\/pt-pt\/wp-json\/wp\/v2\/product\/210610","targetHints":{"allow":["GET"]}}],"collection":[{"href":"https:\/\/www.delicias-uk.com\/pt-pt\/wp-json\/wp\/v2\/product"}],"about":[{"href":"https:\/\/www.delicias-uk.com\/pt-pt\/wp-json\/wp\/v2\/types\/product"}],"author":[{"embeddable":true,"href":"https:\/\/www.delicias-uk.com\/pt-pt\/wp-json\/wp\/v2\/users\/43533"}],"replies":[{"embeddable":true,"href":"https:\/\/www.delicias-uk.com\/pt-pt\/wp-json\/wp\/v2\/comments?post=210610"}],"wp:featuredmedia":[{"embeddable":true,"href":"https:\/\/www.delicias-uk.com\/pt-pt\/wp-json\/wp\/v2\/media\/56818"}],"wp:attachment":[{"href":"https:\/\/www.delicias-uk.com\/pt-pt\/wp-json\/wp\/v2\/media?parent=210610"}],"wp:term":[{"taxonomy":"pwb-brand","embeddable":true,"href":"https:\/\/www.delicias-uk.com\/pt-pt\/wp-json\/wp\/v2\/pwb-brand?post=210610"},{"taxonomy":"product_brand","embeddable":true,"href":"https:\/\/www.delicias-uk.com\/pt-pt\/wp-json\/wp\/v2\/product_brand?post=210610"},{"taxonomy":"product_cat","embeddable":true,"href":"https:\/\/www.delicias-uk.com\/pt-pt\/wp-json\/wp\/v2\/product_cat?post=210610"},{"taxonomy":"product_tag","embeddable":true,"href":"https:\/\/www.delicias-uk.com\/pt-pt\/wp-json\/wp\/v2\/product_tag?post=210610"}],"curies":[{"name":"wp","href":"https:\/\/api.w.org\/{rel}","templated":true}]}}