{"id":210608,"date":"2017-10-29T10:55:15","date_gmt":"2017-10-29T10:55:15","guid":{"rendered":"https:\/\/www.delicias-uk.com\/product\/madeira-wine-hmborges-sweet-malmsey-10-years-75cl-2\/"},"modified":"2017-10-29T10:55:15","modified_gmt":"2017-10-29T10:55:15","slug":"madeira-wine-hmborges-sweet-malmsey-10-years-75cl-2","status":"publish","type":"product","link":"https:\/\/www.delicias-uk.com\/pt-pt\/produto\/madeira-wine-hmborges-sweet-malmsey-10-years-75cl-2\/","title":{"rendered":"Madeira Malmsey Doce 10 Anos H.M.Borges 75cl"},"content":{"rendered":"<p style=\"margin-top:0pt;margin-bottom:0pt;text-align:justify;vertical-align:baseline;\"><span style=\"font-family:'Calibri Light';\"><span style=\"font-size:16px;\">Produzido exclusivamente a partir de Malvasia de diferentes anos de colheita e com uma idade m\u00e9dia de 10 anos. Cor acastanhada com reflexos. Aromas ex\u00f3ticos de madeira, caramelo e am\u00eandoas torradas. Notas de tabaco e frutas secas. Doce, claro, elegante, harmonioso e complexo no palato. Acidez e corpo bem equilibrados, mostrando taninos e uma do\u00e7ura delicada. Notas fortes de aroma de chocolate, caramelo e am\u00eandoa. Notas ligeiras de baunilha, laranja e frutos secos.<\/span><\/span><\/p>\n<p style=\"margin-top:0pt;margin-bottom:0pt;text-align:justify;vertical-align:baseline;\"><span style=\"font-family:'Calibri Light';\"><span style=\"font-size:16px;\">Garrafa: 750 ml<\/span><\/span><\/p>\n<p style=\"margin-top:0pt;margin-bottom:0pt;text-align:justify;vertical-align:baseline;\"><span style=\"font-family:'Calibri Light';\"><span style=\"font-size:16px;\">Teor Alco\u00f3lico: 19.0%<\/span><\/span><\/p>\n<p style=\"margin-top:0pt;margin-bottom:0pt;text-align:justify;vertical-align:baseline;\"><span style=\"font-family:'Calibri Light';\"><span style=\"font-size:16px;\">\u00a0<\/span><\/span><\/p>\n<p style=\"margin-top:0pt;margin-bottom:0pt;text-align:justify;vertical-align:baseline;\"><strong><span style=\"font-family:'Calibri Light';\"><span style=\"font-size:16px;\">Decantar<\/span><\/span><\/strong><\/p>\n<p style=\"margin-top:0pt;margin-bottom:0pt;text-align:justify;vertical-align:baseline;\"><span style=\"font-family:'Calibri Light';\"><span style=\"font-size:16px;\">Pode ser necess\u00e1rio decantar o Vinho para retirar o dep\u00f3sito que se tenha criado ao longo dos anos. Mas decantar tamb\u00e9m serve para os vinhos que tenham sido engarrafados h\u00e1 alguns anos, pois desenvolvem os denominados aromas vol\u00e1teis que se desenvolvem devido \u00e0 alta acidez. Neste caso aconselha-se a decantar para um decanter, tapando-o ou para uma garrafa de vidro ou de cristal e passada uma semana voltar a deitar na garrafa inicial.<\/span><\/span><\/p>\n<p style=\"text-align:justify;\">\n","protected":false},"excerpt":{"rendered":"<p>Produzido exclusivamente a partir de Malvasia de diferentes anos de colheita e com uma idade m\u00e9dia de 10 anos. Cor acastanhada com reflexos. Aromas ex\u00f3ticos de madeira, caramelo e am\u00eandoas torradas. Notas de tabaco e frutas secas. Doce, claro, elegante, harmonioso e complexo no palato. Acidez e corpo bem equilibrados, mostrando taninos e uma do\u00e7ura [&hellip;]<\/p>\n","protected":false},"author":43533,"featured_media":56814,"comment_status":"open","ping_status":"closed","template":"","meta":[],"pwb-brand":[],"product_brand":[],"product_cat":[8289,8291,8431,8609],"product_tag":[],"class_list":{"0":"post-210608","1":"product","2":"type-product","3":"status-publish","4":"has-post-thumbnail","6":"product_cat-inicio","7":"product_cat-produtos-portugueses","8":"product_cat-vinhos-pt-pt","9":"product_cat-madeira","11":"first","12":"outofstock","13":"taxable","14":"shipping-taxable","15":"purchasable","16":"product-type-simple"},"aioseo_notices":[],"brands":[],"_links":{"self":[{"href":"https:\/\/www.delicias-uk.com\/pt-pt\/wp-json\/wp\/v2\/product\/210608","targetHints":{"allow":["GET"]}}],"collection":[{"href":"https:\/\/www.delicias-uk.com\/pt-pt\/wp-json\/wp\/v2\/product"}],"about":[{"href":"https:\/\/www.delicias-uk.com\/pt-pt\/wp-json\/wp\/v2\/types\/product"}],"author":[{"embeddable":true,"href":"https:\/\/www.delicias-uk.com\/pt-pt\/wp-json\/wp\/v2\/users\/43533"}],"replies":[{"embeddable":true,"href":"https:\/\/www.delicias-uk.com\/pt-pt\/wp-json\/wp\/v2\/comments?post=210608"}],"wp:featuredmedia":[{"embeddable":true,"href":"https:\/\/www.delicias-uk.com\/pt-pt\/wp-json\/wp\/v2\/media\/56814"}],"wp:attachment":[{"href":"https:\/\/www.delicias-uk.com\/pt-pt\/wp-json\/wp\/v2\/media?parent=210608"}],"wp:term":[{"taxonomy":"pwb-brand","embeddable":true,"href":"https:\/\/www.delicias-uk.com\/pt-pt\/wp-json\/wp\/v2\/pwb-brand?post=210608"},{"taxonomy":"product_brand","embeddable":true,"href":"https:\/\/www.delicias-uk.com\/pt-pt\/wp-json\/wp\/v2\/product_brand?post=210608"},{"taxonomy":"product_cat","embeddable":true,"href":"https:\/\/www.delicias-uk.com\/pt-pt\/wp-json\/wp\/v2\/product_cat?post=210608"},{"taxonomy":"product_tag","embeddable":true,"href":"https:\/\/www.delicias-uk.com\/pt-pt\/wp-json\/wp\/v2\/product_tag?post=210608"}],"curies":[{"name":"wp","href":"https:\/\/api.w.org\/{rel}","templated":true}]}}