{"id":210592,"date":"2017-10-29T10:55:15","date_gmt":"2017-10-29T10:55:15","guid":{"rendered":"https:\/\/www.delicias-uk.com\/product\/licor-tia-maria-70cl-2\/"},"modified":"2025-02-06T17:16:25","modified_gmt":"2025-02-06T17:16:25","slug":"licor-tia-maria-70cl-2","status":"publish","type":"product","link":"https:\/\/www.delicias-uk.com\/pt-pt\/produto\/licor-tia-maria-70cl-2\/","title":{"rendered":"Licor de Caf\u00e9 Tia Maria 70cl"},"content":{"rendered":"<p style=\"margin-top:0pt;margin-bottom:0pt;text-align:left;vertical-align:baseline;\">Tia Maria \u00e9 um licor doce com um forte car\u00e1ter de caf\u00e9 e uma complexa estrutura arom\u00e1tica. Existem tr\u00eas elementos significativos neste licor: o caf\u00e9 Tia Maria, que fornece o sabor caracter\u00edstico, rico e assado; Baunilha de Madagascar, que fornece uma nota de volta perfumada pronunciada, mas delicada; e rum jamaicano, o ingrediente que d\u00e1 corpo, profundidade e estrutura.<\/p>\n","protected":false},"excerpt":{"rendered":"<ul style=\"list-style-type:disc;\">\n<li>Garrafa: 700 ml<\/li>\n<li>Teor Alco\u00f3lico: 20.0%<\/li>\n<\/ul>\n","protected":false},"author":43533,"featured_media":6720,"comment_status":"open","ping_status":"closed","template":"","meta":[],"pwb-brand":[],"product_brand":[],"product_cat":[8289,8291,8417,8509],"product_tag":[],"class_list":{"0":"post-210592","1":"product","2":"type-product","3":"status-publish","4":"has-post-thumbnail","6":"product_cat-inicio","7":"product_cat-produtos-portugueses","8":"product_cat-espirituosas-licor","9":"product_cat-licor","11":"first","12":"instock","13":"taxable","14":"shipping-taxable","15":"purchasable","16":"product-type-simple"},"aioseo_notices":[],"brands":[],"_links":{"self":[{"href":"https:\/\/www.delicias-uk.com\/pt-pt\/wp-json\/wp\/v2\/product\/210592","targetHints":{"allow":["GET"]}}],"collection":[{"href":"https:\/\/www.delicias-uk.com\/pt-pt\/wp-json\/wp\/v2\/product"}],"about":[{"href":"https:\/\/www.delicias-uk.com\/pt-pt\/wp-json\/wp\/v2\/types\/product"}],"author":[{"embeddable":true,"href":"https:\/\/www.delicias-uk.com\/pt-pt\/wp-json\/wp\/v2\/users\/43533"}],"replies":[{"embeddable":true,"href":"https:\/\/www.delicias-uk.com\/pt-pt\/wp-json\/wp\/v2\/comments?post=210592"}],"wp:featuredmedia":[{"embeddable":true,"href":"https:\/\/www.delicias-uk.com\/pt-pt\/wp-json\/wp\/v2\/media\/6720"}],"wp:attachment":[{"href":"https:\/\/www.delicias-uk.com\/pt-pt\/wp-json\/wp\/v2\/media?parent=210592"}],"wp:term":[{"taxonomy":"pwb-brand","embeddable":true,"href":"https:\/\/www.delicias-uk.com\/pt-pt\/wp-json\/wp\/v2\/pwb-brand?post=210592"},{"taxonomy":"product_brand","embeddable":true,"href":"https:\/\/www.delicias-uk.com\/pt-pt\/wp-json\/wp\/v2\/product_brand?post=210592"},{"taxonomy":"product_cat","embeddable":true,"href":"https:\/\/www.delicias-uk.com\/pt-pt\/wp-json\/wp\/v2\/product_cat?post=210592"},{"taxonomy":"product_tag","embeddable":true,"href":"https:\/\/www.delicias-uk.com\/pt-pt\/wp-json\/wp\/v2\/product_tag?post=210592"}],"curies":[{"name":"wp","href":"https:\/\/api.w.org\/{rel}","templated":true}]}}