{"id":210586,"date":"2017-10-29T10:55:15","date_gmt":"2017-10-29T10:55:15","guid":{"rendered":"https:\/\/www.delicias-uk.com\/product\/licor-safari-70cl-2\/"},"modified":"2025-02-28T15:46:15","modified_gmt":"2025-02-28T15:46:15","slug":"licor-safari-70cl-2","status":"publish","type":"product","link":"https:\/\/www.delicias-uk.com\/pt-pt\/produto\/licor-safari-70cl-2\/","title":{"rendered":"Licor Safari 70cl"},"content":{"rendered":"<p style=\"margin-top:0pt;margin-bottom:0pt;text-align:left;vertical-align:baseline;\"><span style=\"font-size:12pt;font-family:'Calibri Light';color:#000000;\">S<\/span><span style=\"font-size:12pt;font-family:'Calibri Light';color:#000000;font-weight:normal;font-style:normal;\">afari \u00e9 um licor feito \u00e0 base de frutas ex\u00f3ticas, incluindo mam\u00e3o, lim\u00e3o, manga, e maracuj\u00e1. Com o tempo tornou-se um dos licores de frutas mais populares do mundo. G<\/span><span style=\"font-size:12pt;font-family:'Calibri Light';color:#000000;\">eralmente <\/span><span style=\"font-size:12pt;font-family:'Calibri Light';color:#000000;\">servido puro ou como base de <\/span><span style=\"font-size:12pt;font-family:'Calibri Light';color:#000000;\">cocktails.<\/span><\/p>\n<p style=\"margin-top:0pt;margin-bottom:0pt;text-align:left;vertical-align:baseline;\"><span style=\"font-size:12pt;font-family:'Calibri Light';color:#000000;\"><\/span><\/p>\n<p style=\"margin-top:0pt;margin-bottom:0pt;text-align:left;vertical-align:baseline;\">\n<p style=\"margin-top:0pt;margin-bottom:0pt;text-align:left;vertical-align:baseline;\"><span style=\"font-size:12pt;font-family:'Calibri Light';color:#000000;\">Garrafa: 700 ml<\/span><\/p>\n<p style=\"margin-top:0pt;margin-bottom:0pt;text-align:left;vertical-align:baseline;\"><span style=\"font-size:12pt;font-family:'Calibri Light';color:#000000;\">Teor Alco\u00f3lico: <\/span><span style=\"font-size:12pt;font-family:'Calibri Light';color:#000000;\">1<\/span><span style=\"font-size:12pt;font-family:'Calibri Light';color:#000000;\">9<\/span><span style=\"font-size:12pt;font-family:'Calibri Light';color:#000000;\">.0<\/span><span style=\"font-size:12pt;font-family:'Calibri Light';color:#000000;\">%<\/span><\/p>\n","protected":false},"excerpt":{"rendered":"<p>Safari \u00e9 um licor feito \u00e0 base de frutas ex\u00f3ticas, incluindo mam\u00e3o, lim\u00e3o, manga, e maracuj\u00e1. Com o tempo tornou-se um dos licores de frutas mais populares do mundo. Geralmente servido puro ou como base de cocktails. Garrafa: 700 ml Teor Alco\u00f3lico: 19.0%<\/p>\n","protected":false},"author":43533,"featured_media":6708,"comment_status":"open","ping_status":"closed","template":"","meta":[],"pwb-brand":[],"product_brand":[],"product_cat":[8289,8291,8417,8509],"product_tag":[],"class_list":{"0":"post-210586","1":"product","2":"type-product","3":"status-publish","4":"has-post-thumbnail","6":"product_cat-inicio","7":"product_cat-produtos-portugueses","8":"product_cat-espirituosas-licor","9":"product_cat-licor","11":"first","12":"instock","13":"taxable","14":"shipping-taxable","15":"purchasable","16":"product-type-simple"},"aioseo_notices":[],"brands":[],"_links":{"self":[{"href":"https:\/\/www.delicias-uk.com\/pt-pt\/wp-json\/wp\/v2\/product\/210586","targetHints":{"allow":["GET"]}}],"collection":[{"href":"https:\/\/www.delicias-uk.com\/pt-pt\/wp-json\/wp\/v2\/product"}],"about":[{"href":"https:\/\/www.delicias-uk.com\/pt-pt\/wp-json\/wp\/v2\/types\/product"}],"author":[{"embeddable":true,"href":"https:\/\/www.delicias-uk.com\/pt-pt\/wp-json\/wp\/v2\/users\/43533"}],"replies":[{"embeddable":true,"href":"https:\/\/www.delicias-uk.com\/pt-pt\/wp-json\/wp\/v2\/comments?post=210586"}],"wp:featuredmedia":[{"embeddable":true,"href":"https:\/\/www.delicias-uk.com\/pt-pt\/wp-json\/wp\/v2\/media\/6708"}],"wp:attachment":[{"href":"https:\/\/www.delicias-uk.com\/pt-pt\/wp-json\/wp\/v2\/media?parent=210586"}],"wp:term":[{"taxonomy":"pwb-brand","embeddable":true,"href":"https:\/\/www.delicias-uk.com\/pt-pt\/wp-json\/wp\/v2\/pwb-brand?post=210586"},{"taxonomy":"product_brand","embeddable":true,"href":"https:\/\/www.delicias-uk.com\/pt-pt\/wp-json\/wp\/v2\/product_brand?post=210586"},{"taxonomy":"product_cat","embeddable":true,"href":"https:\/\/www.delicias-uk.com\/pt-pt\/wp-json\/wp\/v2\/product_cat?post=210586"},{"taxonomy":"product_tag","embeddable":true,"href":"https:\/\/www.delicias-uk.com\/pt-pt\/wp-json\/wp\/v2\/product_tag?post=210586"}],"curies":[{"name":"wp","href":"https:\/\/api.w.org\/{rel}","templated":true}]}}