{"id":210582,"date":"2017-10-29T10:55:15","date_gmt":"2017-10-29T10:55:15","guid":{"rendered":"https:\/\/www.delicias-uk.com\/product\/aguardente-sdomingos-bagaceira-1l-2\/"},"modified":"2026-02-24T11:53:48","modified_gmt":"2026-02-24T11:53:48","slug":"aguardente-sdomingos-bagaceira-1l-2","status":"publish","type":"product","link":"https:\/\/www.delicias-uk.com\/pt-pt\/produto\/aguardente-sdomingos-bagaceira-1l-2\/","title":{"rendered":"Aguardente S\u00e3o Domingos Bagaceira 1L"},"content":{"rendered":"<p>A Bagaceira de S\u00e3o Domingos \u00e9 feita com baga\u00e7o fresco de uvas vermelhas, que passam por fermenta\u00e7\u00e3o com as peles. A criteriosa sele\u00e7\u00e3o do baga\u00e7o, bem como o cuidadoso processo de destila\u00e7\u00e3o a vapor, utilizando alambiques de cobre, nos permite obter um produto de qualidade excepcional, reconhecido pelos consumidores mais exigentes, com sabor e aroma que revelam claramente suas mat\u00e9rias-primas. Muito comumente pedir para acompanhar um caf\u00e9 expresso. Aroma de baga\u00e7o de uva com notas de frutas frescas em um fundo floral delicado e elegante. Poderoso na boca, isso \u00e9 complexo com um acabamento suave.<\/p>\n","protected":false},"excerpt":{"rendered":"<ul style=\"list-style-type:disc;\">\n<li>Garrafa: 1L<\/li>\n<li>Teor Alco\u00f3lico: 48.0%<\/li>\n<\/ul>\n","protected":false},"author":43533,"featured_media":56771,"comment_status":"open","ping_status":"closed","template":"","meta":[],"pwb-brand":[],"product_brand":[],"product_cat":[9351,8289,8291,8417,8603],"product_tag":[],"class_list":{"0":"post-210582","1":"product","2":"type-product","3":"status-publish","4":"has-post-thumbnail","6":"product_cat-espirituosas-pt-pt","7":"product_cat-inicio","8":"product_cat-produtos-portugueses","9":"product_cat-espirituosas-licor","10":"product_cat-aguardente","12":"first","13":"instock","14":"taxable","15":"shipping-taxable","16":"purchasable","17":"product-type-simple"},"aioseo_notices":[],"brands":[],"_links":{"self":[{"href":"https:\/\/www.delicias-uk.com\/pt-pt\/wp-json\/wp\/v2\/product\/210582","targetHints":{"allow":["GET"]}}],"collection":[{"href":"https:\/\/www.delicias-uk.com\/pt-pt\/wp-json\/wp\/v2\/product"}],"about":[{"href":"https:\/\/www.delicias-uk.com\/pt-pt\/wp-json\/wp\/v2\/types\/product"}],"author":[{"embeddable":true,"href":"https:\/\/www.delicias-uk.com\/pt-pt\/wp-json\/wp\/v2\/users\/43533"}],"replies":[{"embeddable":true,"href":"https:\/\/www.delicias-uk.com\/pt-pt\/wp-json\/wp\/v2\/comments?post=210582"}],"wp:featuredmedia":[{"embeddable":true,"href":"https:\/\/www.delicias-uk.com\/pt-pt\/wp-json\/wp\/v2\/media\/56771"}],"wp:attachment":[{"href":"https:\/\/www.delicias-uk.com\/pt-pt\/wp-json\/wp\/v2\/media?parent=210582"}],"wp:term":[{"taxonomy":"pwb-brand","embeddable":true,"href":"https:\/\/www.delicias-uk.com\/pt-pt\/wp-json\/wp\/v2\/pwb-brand?post=210582"},{"taxonomy":"product_brand","embeddable":true,"href":"https:\/\/www.delicias-uk.com\/pt-pt\/wp-json\/wp\/v2\/product_brand?post=210582"},{"taxonomy":"product_cat","embeddable":true,"href":"https:\/\/www.delicias-uk.com\/pt-pt\/wp-json\/wp\/v2\/product_cat?post=210582"},{"taxonomy":"product_tag","embeddable":true,"href":"https:\/\/www.delicias-uk.com\/pt-pt\/wp-json\/wp\/v2\/product_tag?post=210582"}],"curies":[{"name":"wp","href":"https:\/\/api.w.org\/{rel}","templated":true}]}}