{"id":210568,"date":"2017-10-29T10:55:15","date_gmt":"2017-10-29T10:55:15","guid":{"rendered":"https:\/\/www.delicias-uk.com\/product\/rum-hinton-da-madeira-70cl-2\/"},"modified":"2025-02-06T17:16:32","modified_gmt":"2025-02-06T17:16:32","slug":"rum-hinton-da-madeira-70cl-2","status":"publish","type":"product","link":"https:\/\/www.delicias-uk.com\/pt-pt\/produto\/rum-hinton-da-madeira-70cl-2\/","title":{"rendered":"Rum da Madeira Hinton 70cl"},"content":{"rendered":"<p style=\"margin-top:0pt;margin-bottom:0pt;vertical-align:baseline;\"><span style=\"font-size:12pt;font-family:'Calibri Light';\">Este rum <\/span><span style=\"font-size:12pt;font-family:'Calibri Light';\">resulta<\/span><span style=\"font-size:12pt;font-family:'Calibri Light';\"> da <\/span><span style=\"font-size:12pt;font-family:'Calibri Light';\">perfeita<\/span><span style=\"font-size:12pt;font-family:'Calibri Light';\"> <\/span><span style=\"font-size:12pt;font-family:'Calibri Light';\">combina\u00e7\u00e3o<\/span><span style=\"font-size:12pt;font-family:'Calibri Light';\"> de <\/span><span style=\"font-size:12pt;font-family:'Calibri Light';\">aguardentes<\/span><span style=\"font-size:12pt;font-family:'Calibri Light';\"> <\/span><span style=\"font-size:12pt;font-family:'Calibri Light';\">envelhecidas<\/span><span style=\"font-size:12pt;font-family:'Calibri Light';\">, <\/span><span style=\"font-size:12pt;font-family:'Calibri Light';\">em<\/span><span style=\"font-size:12pt;font-family:'Calibri Light';\"> <\/span><span style=\"font-size:12pt;font-family:'Calibri Light';\">cascos<\/span><span style=\"font-size:12pt;font-family:'Calibri Light';\"> de <\/span><span style=\"font-size:12pt;font-family:'Calibri Light';\">carvalho<\/span><span style=\"font-size:12pt;font-family:'Calibri Light';\"> no <\/span><span style=\"font-size:12pt;font-family:'Calibri Light';\">antigo<\/span><span style=\"font-size:12pt;font-family:'Calibri Light';\"> \u201cEngenho de Hinton\u201d, <\/span><span style=\"font-size:12pt;font-family:'Calibri Light';\">proporcionando<\/span><span style=\"font-size:12pt;font-family:'Calibri Light';\"> o <\/span><span style=\"font-size:12pt;font-family:'Calibri Light';\">sabor<\/span><span style=\"font-size:12pt;font-family:'Calibri Light';\"> e a <\/span><span style=\"font-size:12pt;font-family:'Calibri Light';\">qualidade<\/span><span style=\"font-size:12pt;font-family:'Calibri Light';\"> de <\/span><span style=\"font-size:12pt;font-family:'Calibri Light';\">uma<\/span><span style=\"font-size:12pt;font-family:'Calibri Light';\"> <\/span><span style=\"font-size:12pt;font-family:'Calibri Light';\">tradi\u00e7\u00e3o<\/span><span style=\"font-size:12pt;font-family:'Calibri Light';\"> ancestral.<\/span><\/p>\n<p style=\"margin-top:0pt;margin-bottom:0pt;vertical-align:baseline;\">\n<p style=\"margin-top:0pt;margin-bottom:0pt;vertical-align:baseline;\">\n<p style=\"margin-top:0pt;margin-bottom:0pt;vertical-align:baseline;\"><span style=\"font-size:12pt;font-family:'Calibri Light';\">Garrafa: 700 ml<\/span><\/p>\n<p style=\"margin-top:0pt;margin-bottom:0pt;text-align:left;vertical-align:baseline;\">\n<p style=\"margin-top:0pt;margin-bottom:0pt;vertical-align:baseline;\"><span style=\"font-size:12pt;font-family:'Calibri Light';\">Teor Alco\u00f3lico: <\/span><span style=\"font-size:12pt;font-family:'Calibri Light';\">40.0<\/span><span style=\"font-size:12pt;font-family:'Calibri Light';\">%<\/span><\/p>\n<p style=\"margin-top:0pt;margin-bottom:0pt;text-align:left;vertical-align:baseline;\">\n<p style=\"margin-top:0pt;margin-bottom:0pt;text-align:left;vertical-align:baseline;\">\n","protected":false},"excerpt":{"rendered":"<p>Este rum resulta da perfeita combina\u00e7\u00e3o de aguardentes envelhecidas, em cascos de carvalho no antigo \u201cEngenho de Hinton\u201d, proporcionando o sabor e a qualidade de uma tradi\u00e7\u00e3o ancestral. Garrafa: 700 ml Teor Alco\u00f3lico: 40.0%<\/p>\n","protected":false},"author":43533,"featured_media":56747,"comment_status":"open","ping_status":"closed","template":"","meta":[],"pwb-brand":[],"product_brand":[],"product_cat":[9351,8289,8291,8417,8565],"product_tag":[],"class_list":{"0":"post-210568","1":"product","2":"type-product","3":"status-publish","4":"has-post-thumbnail","6":"product_cat-espirituosas-pt-pt","7":"product_cat-inicio","8":"product_cat-produtos-portugueses","9":"product_cat-espirituosas-licor","10":"product_cat-espirituosas","12":"first","13":"instock","14":"taxable","15":"shipping-taxable","16":"purchasable","17":"product-type-simple"},"aioseo_notices":[],"brands":[],"_links":{"self":[{"href":"https:\/\/www.delicias-uk.com\/pt-pt\/wp-json\/wp\/v2\/product\/210568","targetHints":{"allow":["GET"]}}],"collection":[{"href":"https:\/\/www.delicias-uk.com\/pt-pt\/wp-json\/wp\/v2\/product"}],"about":[{"href":"https:\/\/www.delicias-uk.com\/pt-pt\/wp-json\/wp\/v2\/types\/product"}],"author":[{"embeddable":true,"href":"https:\/\/www.delicias-uk.com\/pt-pt\/wp-json\/wp\/v2\/users\/43533"}],"replies":[{"embeddable":true,"href":"https:\/\/www.delicias-uk.com\/pt-pt\/wp-json\/wp\/v2\/comments?post=210568"}],"wp:featuredmedia":[{"embeddable":true,"href":"https:\/\/www.delicias-uk.com\/pt-pt\/wp-json\/wp\/v2\/media\/56747"}],"wp:attachment":[{"href":"https:\/\/www.delicias-uk.com\/pt-pt\/wp-json\/wp\/v2\/media?parent=210568"}],"wp:term":[{"taxonomy":"pwb-brand","embeddable":true,"href":"https:\/\/www.delicias-uk.com\/pt-pt\/wp-json\/wp\/v2\/pwb-brand?post=210568"},{"taxonomy":"product_brand","embeddable":true,"href":"https:\/\/www.delicias-uk.com\/pt-pt\/wp-json\/wp\/v2\/product_brand?post=210568"},{"taxonomy":"product_cat","embeddable":true,"href":"https:\/\/www.delicias-uk.com\/pt-pt\/wp-json\/wp\/v2\/product_cat?post=210568"},{"taxonomy":"product_tag","embeddable":true,"href":"https:\/\/www.delicias-uk.com\/pt-pt\/wp-json\/wp\/v2\/product_tag?post=210568"}],"curies":[{"name":"wp","href":"https:\/\/api.w.org\/{rel}","templated":true}]}}