{"id":210520,"date":"2017-10-29T10:55:15","date_gmt":"2017-10-29T10:55:15","guid":{"rendered":"https:\/\/www.delicias-uk.com\/product\/red-douro-alves-de-sousa-abandonado-2013-75cl-2\/"},"modified":"2017-10-29T10:55:15","modified_gmt":"2017-10-29T10:55:15","slug":"red-douro-alves-de-sousa-abandonado-2013-75cl-2","status":"publish","type":"product","link":"https:\/\/www.delicias-uk.com\/pt-pt\/produto\/red-douro-alves-de-sousa-abandonado-2013-75cl-2\/","title":{"rendered":"Alves de Sousa Abandonado 2013 75cl"},"content":{"rendered":"<p>Uma vinha a passar os 80 anos de idade, com v\u00e1rias falhas derivadas de um parcial abandono durante alguns anos. Numa zona de intensa exposi\u00e7\u00e3o e com enormes afloramentos de xisto \u00e0 superf\u00edcie onde nem uma \u00fanica erva subsiste. As gentes da Quinta depressa a apelidaram de \u201cVinha do Abandonado\u201d. Durante anos tentamos recuperar a vinha e replantar as videiras desaparecidas. At\u00e9 que desistimos. Apesar de todo o nosso cuidado apenas as cepas mais velhas eram capazes de subsistir em condi\u00e7\u00f5es t\u00e3o extremas. Em 2004 decidimos isol\u00e1-la pela primeira vez na adega da Quinta da Gaivosa. Revelou imediatamente uma personalidade e car\u00e1cter \u00fanicos. Decidimos engarraf\u00e1-lo em homenagem \u00e0s igualmente \u00fanicas vinhas velhas do Douro, que um dia desaparecer\u00e3o. Hoje as celebramos.<\/p>\n<p>Cor rubi profunda. Grande complexidade e frescura arom\u00e1tica, com invulgares notas bals\u00e2micas e de alcatr\u00e3o, alca\u00e7uz e frutos pretos, t\u00edpicas da vinha do Abandonado. Boca plena de harmonia, com intensidade mas tamb\u00e9m delicadeza, mineralidade e uma extraordin\u00e1ria pureza da fruta. Sente-se o xisto dos solos, a floresta circundante, a frescura da altitude, numa pura express\u00e3o da natureza da vinha. Um exerc\u00edcio de pura eleg\u00e2ncia e classe de uma das mais ic\u00f3nicas vinhas do Douro e de Portugal.<\/p>\n<\/p>\n<p>Produtor: Alves de Souza<\/p>\n<p>Regi\u00e3o: Douro<\/p>\n<p>Pa\u00eds: Portugal<\/p>\n<p>Estilo de Vinho: Vinho Tinto<\/p>\n<p>Casta: Tinta Amarela Touriga Franca, Touriga Nacional, Sous\u00e3o, outras (20 castas aut\u00f3ctones)<\/p>\n<p>Garrafa: 750ml<\/p>\n<p>Teor de \u00e1lcool: 14.5%\u00a0<\/p>\n","protected":false},"excerpt":{"rendered":"<ul>\n<li>Produtor: Alves de Souza<\/li>\n<li>Regi\u00e3o: Douro<\/li>\n<li>Pa\u00eds: Portugal<\/li>\n<li>Estilo de Vinho: Vinho Tinto<\/li>\n<li>Casta: Tinta Amarela Touriga Franca, Touriga Nacional, Sous\u00e3o, outras (20 castas aut\u00f3ctones)<\/li>\n<li>Garrafa: 750ml<\/li>\n<li>Teor de \u00e1lcool: 14.5%\u00a0<\/li>\n<\/ul>\n","protected":false},"author":43533,"featured_media":56669,"comment_status":"open","ping_status":"closed","template":"","meta":[],"pwb-brand":[],"product_brand":[],"product_cat":[8289,8291,8431,8449,8823],"product_tag":[],"class_list":{"0":"post-210520","1":"product","2":"type-product","3":"status-publish","4":"has-post-thumbnail","6":"product_cat-inicio","7":"product_cat-produtos-portugueses","8":"product_cat-vinhos-pt-pt","9":"product_cat-vinho-tinto","10":"product_cat-douro-pt-pt","12":"first","13":"outofstock","14":"taxable","15":"shipping-taxable","16":"purchasable","17":"product-type-simple"},"aioseo_notices":[],"brands":[],"_links":{"self":[{"href":"https:\/\/www.delicias-uk.com\/pt-pt\/wp-json\/wp\/v2\/product\/210520","targetHints":{"allow":["GET"]}}],"collection":[{"href":"https:\/\/www.delicias-uk.com\/pt-pt\/wp-json\/wp\/v2\/product"}],"about":[{"href":"https:\/\/www.delicias-uk.com\/pt-pt\/wp-json\/wp\/v2\/types\/product"}],"author":[{"embeddable":true,"href":"https:\/\/www.delicias-uk.com\/pt-pt\/wp-json\/wp\/v2\/users\/43533"}],"replies":[{"embeddable":true,"href":"https:\/\/www.delicias-uk.com\/pt-pt\/wp-json\/wp\/v2\/comments?post=210520"}],"wp:featuredmedia":[{"embeddable":true,"href":"https:\/\/www.delicias-uk.com\/pt-pt\/wp-json\/wp\/v2\/media\/56669"}],"wp:attachment":[{"href":"https:\/\/www.delicias-uk.com\/pt-pt\/wp-json\/wp\/v2\/media?parent=210520"}],"wp:term":[{"taxonomy":"pwb-brand","embeddable":true,"href":"https:\/\/www.delicias-uk.com\/pt-pt\/wp-json\/wp\/v2\/pwb-brand?post=210520"},{"taxonomy":"product_brand","embeddable":true,"href":"https:\/\/www.delicias-uk.com\/pt-pt\/wp-json\/wp\/v2\/product_brand?post=210520"},{"taxonomy":"product_cat","embeddable":true,"href":"https:\/\/www.delicias-uk.com\/pt-pt\/wp-json\/wp\/v2\/product_cat?post=210520"},{"taxonomy":"product_tag","embeddable":true,"href":"https:\/\/www.delicias-uk.com\/pt-pt\/wp-json\/wp\/v2\/product_tag?post=210520"}],"curies":[{"name":"wp","href":"https:\/\/api.w.org\/{rel}","templated":true}]}}