{"id":210512,"date":"2017-10-29T10:55:15","date_gmt":"2017-10-29T10:55:15","guid":{"rendered":"https:\/\/www.delicias-uk.com\/product\/casal-garcia-sangria-75cl-2\/"},"modified":"2025-08-23T13:04:19","modified_gmt":"2025-08-23T12:04:19","slug":"casal-garcia-sangria-75cl-2","status":"publish","type":"product","link":"https:\/\/www.delicias-uk.com\/pt-pt\/produto\/casal-garcia-sangria-75cl-2\/","title":{"rendered":"Casal Garcia Sangria 75cl"},"content":{"rendered":"<p>A Sangria Casal Garcia apresenta uma cor rubi brilhante e um aspecto l\u00edmpido. \u00c9 uma bebida muito arom\u00e1tica, destacando-se as notas de morango silvestre, ma\u00e7\u00e3, canela e citrinos. Na boca apresenta um perfil jovem e leve, uma textura suavemente aveludada e um final intensamente marcado pela exuber\u00e2ncia da sua fruta. Pelo seu estilo frutado e refrescante, poder\u00e1 ser apreciada como aperitivo, a acompanhar um almo\u00e7o ou num fim de tarde entre amigos. Recomenda-se servir com gelo, podendo ser adicionada casca de laranja ou alguma erva arom\u00e1tica.<\/p>\n<p>Servi\u00e7o ideal: At\u00e9 3 anos ap\u00f3s engarrafamento.Temperatura m\u00e9dia ideal entre 8-10\u00baC. Servir em copo de p\u00e9 alto. Acrescentar gelo, hortel\u00e3, laranja e canela.<\/p>\n<p>Produtor: Aveleda<\/p>\n<p>Pa\u00eds: Portugal<\/p>\n<p>Gradua\u00e7\u00e3o alco\u00f3lica: 7.5% Vol.<\/p>\n<p>Harmoniza\u00e7\u00f5es: Ideal para acompanhar pizza, aperitivos e t\u00e1buas de queijo.<\/p>\n<p>Pr\u00e9mios<\/p>\n<p>IWSC 2022 \u2013 ALTERNATIVE DRINKS \u2013 Medalha de Prata<\/p><\/p>\n","protected":false},"excerpt":{"rendered":"<ul>\n<li>Produtor: Aveleda<\/li>\n<li>Pa\u00eds: Portugal<\/li>\n<li>Gradua\u00e7\u00e3o alco\u00f3lica: 7.5% Vol.<\/li>\n<li>Harmoniza\u00e7\u00f5es: Ideal para acompanhar pizza, aperitivos e t\u00e1buas de queijo.<\/li>\n<li>Pr\u00e9mio: IWSC 2022 \u2013 ALTERNATIVE DRINKS \u2013 Medalha de Prata<\/li>\n<\/ul>\n","protected":false},"author":43533,"featured_media":192400,"comment_status":"open","ping_status":"closed","template":"","meta":[],"pwb-brand":[],"product_brand":[],"product_cat":[8289,8291,8417,8529],"product_tag":[],"class_list":{"0":"post-210512","1":"product","2":"type-product","3":"status-publish","4":"has-post-thumbnail","6":"product_cat-inicio","7":"product_cat-produtos-portugueses","8":"product_cat-espirituosas-licor","9":"product_cat-sangria-pt-pt","11":"first","12":"instock","13":"taxable","14":"shipping-taxable","15":"purchasable","16":"product-type-simple"},"aioseo_notices":[],"brands":[],"_links":{"self":[{"href":"https:\/\/www.delicias-uk.com\/pt-pt\/wp-json\/wp\/v2\/product\/210512","targetHints":{"allow":["GET"]}}],"collection":[{"href":"https:\/\/www.delicias-uk.com\/pt-pt\/wp-json\/wp\/v2\/product"}],"about":[{"href":"https:\/\/www.delicias-uk.com\/pt-pt\/wp-json\/wp\/v2\/types\/product"}],"author":[{"embeddable":true,"href":"https:\/\/www.delicias-uk.com\/pt-pt\/wp-json\/wp\/v2\/users\/43533"}],"replies":[{"embeddable":true,"href":"https:\/\/www.delicias-uk.com\/pt-pt\/wp-json\/wp\/v2\/comments?post=210512"}],"wp:featuredmedia":[{"embeddable":true,"href":"https:\/\/www.delicias-uk.com\/pt-pt\/wp-json\/wp\/v2\/media\/192400"}],"wp:attachment":[{"href":"https:\/\/www.delicias-uk.com\/pt-pt\/wp-json\/wp\/v2\/media?parent=210512"}],"wp:term":[{"taxonomy":"pwb-brand","embeddable":true,"href":"https:\/\/www.delicias-uk.com\/pt-pt\/wp-json\/wp\/v2\/pwb-brand?post=210512"},{"taxonomy":"product_brand","embeddable":true,"href":"https:\/\/www.delicias-uk.com\/pt-pt\/wp-json\/wp\/v2\/product_brand?post=210512"},{"taxonomy":"product_cat","embeddable":true,"href":"https:\/\/www.delicias-uk.com\/pt-pt\/wp-json\/wp\/v2\/product_cat?post=210512"},{"taxonomy":"product_tag","embeddable":true,"href":"https:\/\/www.delicias-uk.com\/pt-pt\/wp-json\/wp\/v2\/product_tag?post=210512"}],"curies":[{"name":"wp","href":"https:\/\/api.w.org\/{rel}","templated":true}]}}