{"id":210490,"date":"2017-10-29T10:55:14","date_gmt":"2017-10-29T10:55:14","guid":{"rendered":"https:\/\/www.delicias-uk.com\/product\/vinho-tinto-casa-ermelinda-de-freitas-cabernet-sauvignon-reserva-2021-75cl\/"},"modified":"2025-02-19T10:22:48","modified_gmt":"2025-02-19T10:22:48","slug":"vinho-tinto-casa-ermelinda-de-freitas-cabernet-sauvignon-reserva-2022-75cl","status":"publish","type":"product","link":"https:\/\/www.delicias-uk.com\/pt-pt\/produto\/vinho-tinto-casa-ermelinda-de-freitas-cabernet-sauvignon-reserva-2022-75cl\/","title":{"rendered":"Casa Ermelinda De Freitas Cabernet Sauvignon Reserva 2022 75cl"},"content":{"rendered":"<p>Elaborado a partir da casta de Sauvignon. Vinho de cor granada\/ruby, concentrado. Aroma confitado a lembrar fruta preta muito madura, alguma pimenta e especiaria, com toque bals\u00e2mico da casta. Na boca \u00e9 muito cheio, aveludado com taninos presentes muito bem integrados. Final longo, agrad\u00e1vel e persistente. Ideal com pratos de carne vermelha, ca\u00e7a, assados no forno, queijos fortes e Foie gras.<\/p>\n<ul>\n<li>Produtor:\u00a0 Casa Ermelinda de Freitas<\/li>\n<li>Regiao:\u00a0 Pen\u00ednsula de Set\u00fabal<\/li>\n<li>Pa\u00eds: Portugal<\/li>\n<li>Tipo de Vinho: Tinto<\/li>\n<li>Castas: Cabernet Sauvignon<\/li>\n<li>Garrafa: 75cl<\/li>\n<li>Teor Alcoolico: 14.5%<\/li>\n<\/ul>\n","protected":false},"excerpt":{"rendered":"<ul style=\"list-style-type: disc;\">\n<li>Produtor:\u00a0 Casa Ermelinda de Freitas<\/li>\n<li>Regiao:\u00a0 Pen\u00ednsula de Set\u00fabal<\/li>\n<li>Pa\u00eds: Portugal<\/li>\n<li>Tipo de Vinho: Tinto<\/li>\n<li>Castas: Cabernet Sauvignon<\/li>\n<li>Garrafa: 75cl<\/li>\n<li>Teor Alcoolico: 14.5%<\/li>\n<\/ul>\n","protected":false},"author":43533,"featured_media":253233,"comment_status":"open","ping_status":"closed","template":"","meta":[],"pwb-brand":[],"product_brand":[],"product_cat":[8289,8291,8431,8449,8889,8499,8347],"product_tag":[],"class_list":{"0":"post-210490","1":"product","2":"type-product","3":"status-publish","4":"has-post-thumbnail","6":"product_cat-inicio","7":"product_cat-produtos-portugueses","8":"product_cat-vinhos-pt-pt","9":"product_cat-vinho-tinto","10":"product_cat-setubal-peninsula-pt-pt","11":"product_cat-sem-glutem","12":"product_cat-vegetariano","14":"first","15":"instock","16":"taxable","17":"shipping-taxable","18":"purchasable","19":"product-type-simple"},"aioseo_notices":[],"brands":[],"_links":{"self":[{"href":"https:\/\/www.delicias-uk.com\/pt-pt\/wp-json\/wp\/v2\/product\/210490","targetHints":{"allow":["GET"]}}],"collection":[{"href":"https:\/\/www.delicias-uk.com\/pt-pt\/wp-json\/wp\/v2\/product"}],"about":[{"href":"https:\/\/www.delicias-uk.com\/pt-pt\/wp-json\/wp\/v2\/types\/product"}],"author":[{"embeddable":true,"href":"https:\/\/www.delicias-uk.com\/pt-pt\/wp-json\/wp\/v2\/users\/43533"}],"replies":[{"embeddable":true,"href":"https:\/\/www.delicias-uk.com\/pt-pt\/wp-json\/wp\/v2\/comments?post=210490"}],"wp:featuredmedia":[{"embeddable":true,"href":"https:\/\/www.delicias-uk.com\/pt-pt\/wp-json\/wp\/v2\/media\/253233"}],"wp:attachment":[{"href":"https:\/\/www.delicias-uk.com\/pt-pt\/wp-json\/wp\/v2\/media?parent=210490"}],"wp:term":[{"taxonomy":"pwb-brand","embeddable":true,"href":"https:\/\/www.delicias-uk.com\/pt-pt\/wp-json\/wp\/v2\/pwb-brand?post=210490"},{"taxonomy":"product_brand","embeddable":true,"href":"https:\/\/www.delicias-uk.com\/pt-pt\/wp-json\/wp\/v2\/product_brand?post=210490"},{"taxonomy":"product_cat","embeddable":true,"href":"https:\/\/www.delicias-uk.com\/pt-pt\/wp-json\/wp\/v2\/product_cat?post=210490"},{"taxonomy":"product_tag","embeddable":true,"href":"https:\/\/www.delicias-uk.com\/pt-pt\/wp-json\/wp\/v2\/product_tag?post=210490"}],"curies":[{"name":"wp","href":"https:\/\/api.w.org\/{rel}","templated":true}]}}