{"id":210486,"date":"2017-10-29T10:55:14","date_gmt":"2017-10-29T10:55:14","guid":{"rendered":"https:\/\/www.delicias-uk.com\/product\/rose-casal-mendes-75cl-2\/"},"modified":"2025-02-06T17:21:31","modified_gmt":"2025-02-06T17:21:31","slug":"rose-casal-mendes-75cl-2","status":"publish","type":"product","link":"https:\/\/www.delicias-uk.com\/pt-pt\/produto\/rose-casal-mendes-75cl-2\/","title":{"rendered":"Casal Mendes 75cl"},"content":{"rendered":"<p>Um delicioso cl\u00e1ssico portugu\u00eas &#8211; sirva frio!<\/p>\n<p>Ros\u00e9 refrescante e frutado, repleto de aromas de morango e framboesa. Na boca o vinho \u00e9 macio e frutado com leve spritz. Boa acidez fresca e um toque de do\u00e7ura no final.<\/p>\n<p>As uvas prov\u00eam de produtores selecionados das regi\u00f5es centro e sul, onde vinhas moderadamente velhas s\u00e3o cultivadas tradicionalmente em solos argilosos e arenosos. As uvas s\u00e3o brevemente maceradas nas pel\u00edculas para obter um toque de cor e depois suavemente prensadas pneumaticamente. Fermenta\u00e7\u00e3o fria em cubas de inox controladas a 16 graus. O vinho \u00e9 estabilizado a frio em tanque por um breve per\u00edodo antes de ser engarrafado jovem.<\/p>\n<p>Beba sozinho bem gelado ou com frutos do mar, aperitivos, saladas simples e comidas picantes como tailandesas, indianas ou chinesas.<\/p>\n<p>Produtor: Caves Alianca<\/p>\n<p>Regi\u00e3o: Peninsula de Setubal<\/p>\n<p>Pa\u00eds: Portugal<\/p>\n<p>Tipo de Vinho: Rose<\/p>\n<p>Castas:\u00a0 Baga<\/p>\n<p>Garrafa: 750ml<\/p>\n<p>Teor Alcoolico: 10.5%<\/p>\n","protected":false},"excerpt":{"rendered":"<ul>\n<li>Produtor: Caves Alianca<\/li>\n<li>Regi\u00e3o: Peninsula de Setubal<\/li>\n<li>Pa\u00eds: Portugal<\/li>\n<li>Tipo de Vinho: Rose<\/li>\n<li>Castas:\u00a0 Baga<\/li>\n<li>Garrafa: 750ml<\/li>\n<li>Teor Alcoolico: 10.5%<\/li>\n<\/ul>\n","protected":false},"author":43533,"featured_media":56620,"comment_status":"open","ping_status":"closed","template":"","meta":[],"pwb-brand":[],"product_brand":[],"product_cat":[8289,8291,8431,8523,8927],"product_tag":[],"class_list":{"0":"post-210486","1":"product","2":"type-product","3":"status-publish","4":"has-post-thumbnail","6":"product_cat-inicio","7":"product_cat-produtos-portugueses","8":"product_cat-vinhos-pt-pt","9":"product_cat-vinho-rose","10":"product_cat-setubal-peninsula-pt-pt-vinho-rose","12":"first","13":"instock","14":"taxable","15":"shipping-taxable","16":"purchasable","17":"product-type-simple"},"aioseo_notices":[],"brands":[],"_links":{"self":[{"href":"https:\/\/www.delicias-uk.com\/pt-pt\/wp-json\/wp\/v2\/product\/210486","targetHints":{"allow":["GET"]}}],"collection":[{"href":"https:\/\/www.delicias-uk.com\/pt-pt\/wp-json\/wp\/v2\/product"}],"about":[{"href":"https:\/\/www.delicias-uk.com\/pt-pt\/wp-json\/wp\/v2\/types\/product"}],"author":[{"embeddable":true,"href":"https:\/\/www.delicias-uk.com\/pt-pt\/wp-json\/wp\/v2\/users\/43533"}],"replies":[{"embeddable":true,"href":"https:\/\/www.delicias-uk.com\/pt-pt\/wp-json\/wp\/v2\/comments?post=210486"}],"wp:featuredmedia":[{"embeddable":true,"href":"https:\/\/www.delicias-uk.com\/pt-pt\/wp-json\/wp\/v2\/media\/56620"}],"wp:attachment":[{"href":"https:\/\/www.delicias-uk.com\/pt-pt\/wp-json\/wp\/v2\/media?parent=210486"}],"wp:term":[{"taxonomy":"pwb-brand","embeddable":true,"href":"https:\/\/www.delicias-uk.com\/pt-pt\/wp-json\/wp\/v2\/pwb-brand?post=210486"},{"taxonomy":"product_brand","embeddable":true,"href":"https:\/\/www.delicias-uk.com\/pt-pt\/wp-json\/wp\/v2\/product_brand?post=210486"},{"taxonomy":"product_cat","embeddable":true,"href":"https:\/\/www.delicias-uk.com\/pt-pt\/wp-json\/wp\/v2\/product_cat?post=210486"},{"taxonomy":"product_tag","embeddable":true,"href":"https:\/\/www.delicias-uk.com\/pt-pt\/wp-json\/wp\/v2\/product_tag?post=210486"}],"curies":[{"name":"wp","href":"https:\/\/api.w.org\/{rel}","templated":true}]}}