{"id":210458,"date":"2017-10-29T10:55:14","date_gmt":"2017-10-29T10:55:14","guid":{"rendered":"https:\/\/www.delicias-uk.com\/product\/quinta-do-castelinho-vintage-2000-75cl\/"},"modified":"2025-02-06T17:16:38","modified_gmt":"2025-02-06T17:16:38","slug":"quinta-do-castelinho-vintage-2000-75cl","status":"publish","type":"product","link":"https:\/\/www.delicias-uk.com\/pt-pt\/produto\/quinta-do-castelinho-vintage-2000-75cl\/","title":{"rendered":"Quinta do Castelinho Vintage 2000 75cl"},"content":{"rendered":"<p>Produzido a partir das castas Touriga Nacional, Tinta Roriz e Touriga Franca. Envelhecimento em garrafa traz delicadeza e eleg\u00e2ncia, o tanino inicial gradualmente se dissipando. Adquire um aroma equilibrado, complexo, muito distinto. Depois de alguns anos de envelhecimento em garrafa, o Vintage desenvolve aromas torrados (chocolate, cacau, caf\u00e9, madeira de cedro), aromas condimentados (canela, pimenta) e, por vezes, aromas frutados.<\/p>\n<p>O Vintage n\u00e3o \u00e9 filtrado, podendo formar dep\u00f3sito no fundo. Deve ser decantado antes de servir. \u00c9 um excelente vinho para acompanhar queijos com corpo, aromas e sabores intensos, foie gras e sobremesas cremosas, chocolate amargo e frutas vermelhas.<\/p>\n","protected":false},"excerpt":{"rendered":"<ul style=\"list-style-type:disc;\">\n<li><strong>Tipo<\/strong>: Porto Vintage<\/li>\n<li><strong>Regi\u00e3o<\/strong>: Vinho do Porto<\/li>\n<li><strong>Castas<\/strong>: Vinhas Velhas<\/li>\n<li><strong>Ano<\/strong>: 2000<\/li>\n<li><strong>Tamanho da garrafa<\/strong>: 750ml<\/li>\n<li><strong>Volume<\/strong>: 20%<\/li>\n<\/ul>\n","protected":false},"author":43533,"featured_media":192332,"comment_status":"open","ping_status":"closed","template":"","meta":[],"pwb-brand":[],"product_brand":[],"product_cat":[9344,8289,8291,8431,8589],"product_tag":[],"class_list":{"0":"post-210458","1":"product","2":"type-product","3":"status-publish","4":"has-post-thumbnail","6":"product_cat-vinho-fortificado","7":"product_cat-inicio","8":"product_cat-produtos-portugueses","9":"product_cat-vinhos-pt-pt","10":"product_cat-porto","12":"first","13":"instock","14":"taxable","15":"shipping-taxable","16":"purchasable","17":"product-type-simple"},"aioseo_notices":[],"brands":[],"_links":{"self":[{"href":"https:\/\/www.delicias-uk.com\/pt-pt\/wp-json\/wp\/v2\/product\/210458","targetHints":{"allow":["GET"]}}],"collection":[{"href":"https:\/\/www.delicias-uk.com\/pt-pt\/wp-json\/wp\/v2\/product"}],"about":[{"href":"https:\/\/www.delicias-uk.com\/pt-pt\/wp-json\/wp\/v2\/types\/product"}],"author":[{"embeddable":true,"href":"https:\/\/www.delicias-uk.com\/pt-pt\/wp-json\/wp\/v2\/users\/43533"}],"replies":[{"embeddable":true,"href":"https:\/\/www.delicias-uk.com\/pt-pt\/wp-json\/wp\/v2\/comments?post=210458"}],"wp:featuredmedia":[{"embeddable":true,"href":"https:\/\/www.delicias-uk.com\/pt-pt\/wp-json\/wp\/v2\/media\/192332"}],"wp:attachment":[{"href":"https:\/\/www.delicias-uk.com\/pt-pt\/wp-json\/wp\/v2\/media?parent=210458"}],"wp:term":[{"taxonomy":"pwb-brand","embeddable":true,"href":"https:\/\/www.delicias-uk.com\/pt-pt\/wp-json\/wp\/v2\/pwb-brand?post=210458"},{"taxonomy":"product_brand","embeddable":true,"href":"https:\/\/www.delicias-uk.com\/pt-pt\/wp-json\/wp\/v2\/product_brand?post=210458"},{"taxonomy":"product_cat","embeddable":true,"href":"https:\/\/www.delicias-uk.com\/pt-pt\/wp-json\/wp\/v2\/product_cat?post=210458"},{"taxonomy":"product_tag","embeddable":true,"href":"https:\/\/www.delicias-uk.com\/pt-pt\/wp-json\/wp\/v2\/product_tag?post=210458"}],"curies":[{"name":"wp","href":"https:\/\/api.w.org\/{rel}","templated":true}]}}