{"id":210412,"date":"2017-10-29T10:55:14","date_gmt":"2017-10-29T10:55:14","guid":{"rendered":"https:\/\/www.delicias-uk.com\/product\/rum-wh-3-years-old-40-en-70cl-2\/"},"modified":"2025-02-06T17:16:16","modified_gmt":"2025-02-06T17:16:16","slug":"rum-wh-3-years-old-40-en-70cl-2","status":"publish","type":"product","link":"https:\/\/www.delicias-uk.com\/pt-pt\/produto\/rum-wh-3-years-old-40-en-70cl-2\/","title":{"rendered":"Rum da Madeira 3 Anos William Hinton 70cl"},"content":{"rendered":"<p style=\"margin-top:0pt;margin-bottom:0pt;text-align:left;vertical-align:baseline;\"><span style=\"font-size:12pt;font-family:'Calibri Light';color:#000000;font-weight:normal;font-style:normal;\">Rum muito particular cuja g\u00e9nese resultou da selec\u00e7\u00e3o da melhor cana-de-a\u00e7\u00facar que a Madeira tem para oferecer e o seu sumo foi submetido a um processo especial de fermenta\u00e7\u00e3o prolongada. Depois de todas as caracter\u00edsticas necess\u00e1rias serem reunidas, o caldo de cana foi destilado e envelhecido em barris de carvalho franc\u00eas. Aromas de baunilha unidos por um toque de carvalho e uma enorme dose de doce caramelo queimado. O paladar \u00e9 muito suave, cheio de baunilha, caramelo queimado e um toque de frutas secas amargas. <\/span><span style=\"font-size:12pt;font-family:'Calibri Light';color:#000000;\">Fim<\/span><span style=\"font-size:12pt;font-family:'Calibri Light';color:#000000;\"> <\/span><span style=\"font-size:12pt;font-family:'Calibri Light';color:#000000;\">de<\/span><span style=\"font-size:12pt;font-family:'Calibri Light';color:#000000;\"> <\/span><span style=\"font-size:12pt;font-family:'Calibri Light';color:#000000;\">boca<\/span><span style=\"font-size:12pt;font-family:'Calibri Light';color:#000000;\"> <\/span><span style=\"font-size:12pt;font-family:'Calibri Light';color:#000000;font-weight:normal;font-style:normal;\">com uma secura muito agrad\u00e1vel.<\/span><\/p>\n<p style=\"margin-top:0pt;margin-bottom:0pt;text-align:left;vertical-align:baseline;\"><span style=\"font-size:12pt;font-family:'Calibri Light';color:#000000;font-weight:normal;font-style:normal;\"><\/span><\/p>\n<p style=\"margin-top:0pt;margin-bottom:0pt;text-align:left;vertical-align:baseline;\">\n<p style=\"margin-top:0pt;margin-bottom:0pt;text-align:left;vertical-align:baseline;\"><span style=\"font-size:12pt;font-family:'Calibri Light';color:#000000;font-weight:normal;font-style:normal;\">Garrafa: 700 ml<\/span><\/p>\n<p style=\"margin-top:0pt;margin-bottom:0pt;text-align:left;vertical-align:baseline;\"><span style=\"font-size:12pt;font-family:'Calibri Light';color:#000000;font-weight:normal;font-style:normal;\">Teor Alco\u00f3lico: 40.0%<\/span><\/p>\n","protected":false},"excerpt":{"rendered":"<p>Rum muito particular cuja g\u00e9nese resultou da selec\u00e7\u00e3o da melhor cana-de-a\u00e7\u00facar que a Madeira tem para oferecer e o seu sumo foi submetido a um processo especial de fermenta\u00e7\u00e3o prolongada. Depois de todas as caracter\u00edsticas necess\u00e1rias serem reunidas, o caldo de cana foi destilado e envelhecido em barris de carvalho franc\u00eas. Aromas de baunilha unidos [&hellip;]<\/p>\n","protected":false},"author":43533,"featured_media":82116,"comment_status":"open","ping_status":"closed","template":"","meta":[],"pwb-brand":[],"product_brand":[],"product_cat":[9351,8289,8291,8417,8565],"product_tag":[],"class_list":{"0":"post-210412","1":"product","2":"type-product","3":"status-publish","4":"has-post-thumbnail","6":"product_cat-espirituosas-pt-pt","7":"product_cat-inicio","8":"product_cat-produtos-portugueses","9":"product_cat-espirituosas-licor","10":"product_cat-espirituosas","12":"first","13":"instock","14":"taxable","15":"shipping-taxable","16":"purchasable","17":"product-type-simple"},"aioseo_notices":[],"brands":[],"_links":{"self":[{"href":"https:\/\/www.delicias-uk.com\/pt-pt\/wp-json\/wp\/v2\/product\/210412","targetHints":{"allow":["GET"]}}],"collection":[{"href":"https:\/\/www.delicias-uk.com\/pt-pt\/wp-json\/wp\/v2\/product"}],"about":[{"href":"https:\/\/www.delicias-uk.com\/pt-pt\/wp-json\/wp\/v2\/types\/product"}],"author":[{"embeddable":true,"href":"https:\/\/www.delicias-uk.com\/pt-pt\/wp-json\/wp\/v2\/users\/43533"}],"replies":[{"embeddable":true,"href":"https:\/\/www.delicias-uk.com\/pt-pt\/wp-json\/wp\/v2\/comments?post=210412"}],"wp:featuredmedia":[{"embeddable":true,"href":"https:\/\/www.delicias-uk.com\/pt-pt\/wp-json\/wp\/v2\/media\/82116"}],"wp:attachment":[{"href":"https:\/\/www.delicias-uk.com\/pt-pt\/wp-json\/wp\/v2\/media?parent=210412"}],"wp:term":[{"taxonomy":"pwb-brand","embeddable":true,"href":"https:\/\/www.delicias-uk.com\/pt-pt\/wp-json\/wp\/v2\/pwb-brand?post=210412"},{"taxonomy":"product_brand","embeddable":true,"href":"https:\/\/www.delicias-uk.com\/pt-pt\/wp-json\/wp\/v2\/product_brand?post=210412"},{"taxonomy":"product_cat","embeddable":true,"href":"https:\/\/www.delicias-uk.com\/pt-pt\/wp-json\/wp\/v2\/product_cat?post=210412"},{"taxonomy":"product_tag","embeddable":true,"href":"https:\/\/www.delicias-uk.com\/pt-pt\/wp-json\/wp\/v2\/product_tag?post=210412"}],"curies":[{"name":"wp","href":"https:\/\/api.w.org\/{rel}","templated":true}]}}