{"id":210400,"date":"2017-10-29T10:08:29","date_gmt":"2017-10-29T10:08:29","guid":{"rendered":"https:\/\/www.delicias-uk.com\/product\/cerveja-super-bock-alc0-6x330ml\/"},"modified":"2025-11-28T11:28:19","modified_gmt":"2025-11-28T11:28:19","slug":"cerveja-super-bock-alc0-6x330ml","status":"publish","type":"product","link":"https:\/\/www.delicias-uk.com\/pt-pt\/produto\/cerveja-super-bock-alc0-6x330ml\/","title":{"rendered":"Cerveja Super Bock 0% \u00c1lcool 330ml x 6"},"content":{"rendered":"<p>A Super Bock sem \u00e1lcool \u00e9 feita a partir de um processo \u00fanico e exclusivo de desalcooliza\u00e7\u00e3o, que ret\u00e9m o sabor genu\u00edno da cerveja aut\u00eantica. O processo de desalcooliza\u00e7\u00e3o dessas cervejas, al\u00e9m de n\u00e3o incluir a interrup\u00e7\u00e3o da fase de fermenta\u00e7\u00e3o, permite a preserva\u00e7\u00e3o dos aromas e outras caracter\u00edsticas essenciais da cerveja. Pedra semipreciosa, enganosa porque parece uma cerveja com \u00e1lcool. Cerveja queimada em ouro, espumante, com ab\u00f3bada branca, cremosa e consistente. Aroma fresco, frutado e cereal, leve como aquarela. Na boca a reprodu\u00e7\u00e3o \u00e9 doce, com boa acidez, pinceladas de amargo e refrescante.<\/p>\n<p><strong>Ingredientes<\/strong>: \u00c1gua, malte de cevada, cereais n\u00e3o maltados (milho e cevada), aromatizantes, l\u00fapulo.<\/p>\n<p><strong>Al\u00e9rgenos<\/strong>: Cont\u00e9m\u00a0<strong>CEVADA<\/strong>.<\/p>\n<p><strong>Informa\u00e7\u00e3o Nutricional Por 100ml<\/strong><\/p>\n<ul>\n<li>Lip\u00eddios 0g<\/li>\n<li>Carboidratos 4,7 g<\/li>\n<li>A\u00e7\u00facares 1,0 g<\/li>\n<li>Prote\u00ednas 0,5 g<\/li>\n<li>Sal 0g<\/li>\n<li>Energia 96kJ\/ 23 kcal<\/li>\n<\/ul>\n<p><strong>Pa\u00eds de origem<\/strong>: Portugal<\/p>\n","protected":false},"excerpt":{"rendered":"<ul style=\"list-style-type:disc;\">\n<li>Peso l\u00edquido: 330ml x 6<\/li>\n<li>Sem alcool<\/li>\n<li>Pronta para beber<\/li>\n<\/ul>\n","protected":false},"author":43533,"featured_media":82076,"comment_status":"open","ping_status":"closed","template":"","meta":[],"pwb-brand":[],"product_brand":[],"product_cat":[8289,8291,8333,8469],"product_tag":[],"class_list":{"0":"post-210400","1":"product","2":"type-product","3":"status-publish","4":"has-post-thumbnail","6":"product_cat-inicio","7":"product_cat-produtos-portugueses","8":"product_cat-cerveja","9":"product_cat-sem-alcool","11":"first","12":"instock","13":"featured","14":"taxable","15":"shipping-taxable","16":"purchasable","17":"product-type-simple"},"aioseo_notices":[],"brands":[],"_links":{"self":[{"href":"https:\/\/www.delicias-uk.com\/pt-pt\/wp-json\/wp\/v2\/product\/210400","targetHints":{"allow":["GET"]}}],"collection":[{"href":"https:\/\/www.delicias-uk.com\/pt-pt\/wp-json\/wp\/v2\/product"}],"about":[{"href":"https:\/\/www.delicias-uk.com\/pt-pt\/wp-json\/wp\/v2\/types\/product"}],"author":[{"embeddable":true,"href":"https:\/\/www.delicias-uk.com\/pt-pt\/wp-json\/wp\/v2\/users\/43533"}],"replies":[{"embeddable":true,"href":"https:\/\/www.delicias-uk.com\/pt-pt\/wp-json\/wp\/v2\/comments?post=210400"}],"wp:featuredmedia":[{"embeddable":true,"href":"https:\/\/www.delicias-uk.com\/pt-pt\/wp-json\/wp\/v2\/media\/82076"}],"wp:attachment":[{"href":"https:\/\/www.delicias-uk.com\/pt-pt\/wp-json\/wp\/v2\/media?parent=210400"}],"wp:term":[{"taxonomy":"pwb-brand","embeddable":true,"href":"https:\/\/www.delicias-uk.com\/pt-pt\/wp-json\/wp\/v2\/pwb-brand?post=210400"},{"taxonomy":"product_brand","embeddable":true,"href":"https:\/\/www.delicias-uk.com\/pt-pt\/wp-json\/wp\/v2\/product_brand?post=210400"},{"taxonomy":"product_cat","embeddable":true,"href":"https:\/\/www.delicias-uk.com\/pt-pt\/wp-json\/wp\/v2\/product_cat?post=210400"},{"taxonomy":"product_tag","embeddable":true,"href":"https:\/\/www.delicias-uk.com\/pt-pt\/wp-json\/wp\/v2\/product_tag?post=210400"}],"curies":[{"name":"wp","href":"https:\/\/api.w.org\/{rel}","templated":true}]}}